{"id":54,"date":"2021-03-05T08:45:35","date_gmt":"2021-03-05T06:45:35","guid":{"rendered":"http:\/\/blogs2.abo.fi\/spraketsfunktion\/?page_id=54"},"modified":"2025-11-17T17:41:10","modified_gmt":"2025-11-17T15:41:10","slug":"sprakets-funktion","status":"publish","type":"page","link":"https:\/\/blogs2.abo.fi\/spraketsfunktion\/sprakets-funktion\/","title":{"rendered":"SPR\u00c5KETS FUNKTION"},"content":{"rendered":"<p data-start=\"51\" data-end=\"454\">Det f\u00f6rsta tv\u00e5spr\u00e5kiga <em>Spr\u00e5kets funktion<\/em>-symposiet<em> \u00a0<\/em>ordnades \u00e5r 2002. P\u00e5 <em data-start=\"127\" data-end=\"146\">Spr\u00e5kets funktion<\/em> drar man sig inte f\u00f6r att ta risker. Symposiet ger m\u00f6jlighet att tala om teman som h\u00f6r till den vetenskapliga v\u00e4rlds\u00e5sk\u00e5dningen, men som man kanske inte \u201dv\u00e5gar\u201d tala om p\u00e5 vanliga vetenskapliga m\u00f6ten. P\u00e5 detta s\u00e4tt \u00e4r avsikten att n\u00e5 f\u00f6rdjupade diskussioner och att se spr\u00e5k och spr\u00e5kforskning med nya \u00f6gon.<\/p>\n<p data-start=\"456\" data-end=\"796\">Det \u00e4r inte bara spr\u00e5kvetare som \u00e4r intresserade av spr\u00e5k, utan ocks\u00e5 forskare inom andra vetenskapsomr\u00e5den. Ocks\u00e5 inom andra discipliner \u00e4n spr\u00e5kvetenskapen (till exempel psykologi och filosofi) tar man st\u00e4llning till spr\u00e5kets v\u00e4sen och s\u00e4rskilt spr\u00e5kets funktion. <em data-start=\"722\" data-end=\"741\">Spr\u00e5kets funktion<\/em> \u00e4r ett forum f\u00f6r all vetenskaplig diskussion om spr\u00e5k.<\/p>\n<p data-start=\"798\" data-end=\"1084\">Eftersom <em data-start=\"807\" data-end=\"826\">Spr\u00e5kets funktion<\/em> \u00e4r l\u00e4s\u00e5rets sommaravslutning och eftersom temana medvetet \u00e4r kontroversiella, \u00e4r det viktigt att diskussionens karakt\u00e4r f\u00f6rblir konstruktiv. Detta betyder dock inte att k\u00e4nslor inte skulle f\u00e5 komma till uttryck. Och man f\u00e5r naturligtvis vara av annan \u00e5sikt.<\/p>\n<p data-start=\"1086\" data-end=\"1157\">\u00c5r 2026 bl\u00e5ser nya vindar n\u00e4r <em data-start=\"1116\" data-end=\"1135\">Spr\u00e5kets funktion<\/em> flyttar till Uppsala.<\/p>\n<p data-start=\"178\" data-end=\"577\">***<\/p>\n<p data-start=\"178\" data-end=\"577\">Ensimm\u00e4inen kaksikielinen <em data-start=\"204\" data-end=\"223\">Spr\u00e5kets funktion<\/em> -symposium j\u00e4rjestettiin vuonna 2002. <em data-start=\"262\" data-end=\"285\">Spr\u00e5kets funktionissa<\/em> ei kaihdeta riskej\u00e4. Symposiumissa on mahdollisuus puhua aiheista, jotka ovat osa tieteellist\u00e4 maailmankuvaa, mutta joista ei v\u00e4ltt\u00e4m\u00e4tt\u00e4 \u201dilke\u00e4\u201d puhua tavallisissa tieteellisiss\u00e4 kokouksissa. N\u00e4in on tarkoitus p\u00e4\u00e4st\u00e4 syv\u00e4llisiin keskusteluihin ja n\u00e4hd\u00e4 kieli ja kielentutkimus uusin silmin.<\/p>\n<p data-start=\"579\" data-end=\"920\">Kielest\u00e4 eiv\u00e4t ole kiinnostuneet vain kielitieteilij\u00e4t, vaan my\u00f6s muiden tieteiden harjoittajat. My\u00f6s muilla tieteenaloilla kuin kielitieteess\u00e4 (esimerkiksi psykologiassa ja filosofiassa) otetaan kantaa kielen olemukseen ja erityisesti kielen funktioon. <em data-start=\"833\" data-end=\"852\">Spr\u00e5kets funktion<\/em> on foorumi kaikelle kielt\u00e4 koskevalle tieteelliselle keskustelulle.<\/p>\n<p data-start=\"922\" data-end=\"1195\">Koska <em data-start=\"928\" data-end=\"947\">Spr\u00e5kets funktion<\/em> on lukuvuoden kes\u00e4inen p\u00e4\u00e4t\u00f6s ja koska aiheet ovat tarkoituksella kontroversiaalisia, keskustelun luonteen on t\u00e4rke\u00e4\u00e4 pysy\u00e4 rakentavana. T\u00e4m\u00e4 ei kuitenkaan tarkoita, etteiv\u00e4t tunteet saisi p\u00e4\u00e4st\u00e4 valloilleen. Ja eri mielt\u00e4 saa luonnollisesti olla.<\/p>\n<p data-start=\"1197\" data-end=\"1276\">Vuonna 2026 puhaltavat uudet tuulet, kun <em data-start=\"1238\" data-end=\"1257\">Spr\u00e5kets funktion<\/em> muuttaa Uppsalaan.<\/p>\n","protected":false},"excerpt":{"rendered":"<p>Det f\u00f6rsta tv\u00e5spr\u00e5kiga Spr\u00e5kets funktion-symposiet \u00a0ordnades \u00e5r 2002. P\u00e5 Spr\u00e5kets funktion drar man sig inte f\u00f6r att ta risker. Symposiet ger m\u00f6jlighet att tala om teman som h\u00f6r till den vetenskapliga v\u00e4rlds\u00e5sk\u00e5dningen, men som man kanske inte \u201dv\u00e5gar\u201d tala om p\u00e5 vanliga vetenskapliga m\u00f6ten. P\u00e5 detta s\u00e4tt \u00e4r avsikten att n\u00e5 f\u00f6rdjupade diskussioner och att &hellip; <\/p>\n<p class=\"link-more\"><a href=\"https:\/\/blogs2.abo.fi\/spraketsfunktion\/sprakets-funktion\/\" class=\"more-link\">Forts\u00e4tt l\u00e4sa<span class=\"screen-reader-text\"> \u201dSPR\u00c5KETS FUNKTION\u201d<\/span><\/a><\/p>\n","protected":false},"author":613,"featured_media":0,"parent":0,"menu_order":0,"comment_status":"closed","ping_status":"closed","template":"","meta":{"footnotes":""},"class_list":["post-54","page","type-page","status-publish","hentry"],"_links":{"self":[{"href":"https:\/\/blogs2.abo.fi\/spraketsfunktion\/wp-json\/wp\/v2\/pages\/54","targetHints":{"allow":["GET"]}}],"collection":[{"href":"https:\/\/blogs2.abo.fi\/spraketsfunktion\/wp-json\/wp\/v2\/pages"}],"about":[{"href":"https:\/\/blogs2.abo.fi\/spraketsfunktion\/wp-json\/wp\/v2\/types\/page"}],"author":[{"embeddable":true,"href":"https:\/\/blogs2.abo.fi\/spraketsfunktion\/wp-json\/wp\/v2\/users\/613"}],"replies":[{"embeddable":true,"href":"https:\/\/blogs2.abo.fi\/spraketsfunktion\/wp-json\/wp\/v2\/comments?post=54"}],"version-history":[{"count":7,"href":"https:\/\/blogs2.abo.fi\/spraketsfunktion\/wp-json\/wp\/v2\/pages\/54\/revisions"}],"predecessor-version":[{"id":642,"href":"https:\/\/blogs2.abo.fi\/spraketsfunktion\/wp-json\/wp\/v2\/pages\/54\/revisions\/642"}],"wp:attachment":[{"href":"https:\/\/blogs2.abo.fi\/spraketsfunktion\/wp-json\/wp\/v2\/media?parent=54"}],"curies":[{"name":"wp","href":"https:\/\/api.w.org\/{rel}","templated":true}]}}