{"id":21,"date":"2021-03-04T15:22:45","date_gmt":"2021-03-04T13:22:45","guid":{"rendered":"http:\/\/blogs2.abo.fi\/spraketsfunktion\/?page_id=21"},"modified":"2026-05-15T09:20:17","modified_gmt":"2026-05-15T07:20:17","slug":"cfp","status":"publish","type":"page","link":"https:\/\/blogs2.abo.fi\/spraketsfunktion\/cfp\/","title":{"rendered":"CALL FOR PAPERS"},"content":{"rendered":"<p class=\"isSelectedEnd\">Det tjugoandra Spr\u00e5kets funktion-symposiet ordnas vid Uppsala universitet den 8\u20139 juni 2026.<\/p>\n<p>Vidare information om symposiet ges av Geda Paulsen (<a>geda.paulsen@moderna.uu.se<\/a>).<\/p>\n<p>***<\/p>\n<p class=\"isSelectedEnd\">Kahdeskymmenestoinen Spr\u00e5kets funktion -symposiumi j\u00e4rjestet\u00e4\u00e4n Uppsalan yliopistossa 8.\u20139.6.2026.<\/p>\n<p>Lis\u00e4tietoja symposiumista antaa Geda Paulsen (<a>geda.paulsen@moderna.uu.se<\/a>).<\/p>\n<p>***<\/p>\n<p>The twenty-second Spr\u00e5kets funktion symposium will be held at Uppsala University on June 8\u20139, 2026.<\/p>\n<p>Further information about the symposium can be obtained from Geda Paulsen (<a>geda.paulsen@moderna.uu.se<\/a>).<\/p>\n","protected":false},"excerpt":{"rendered":"<p>Det tjugoandra Spr\u00e5kets funktion-symposiet ordnas vid Uppsala universitet den 8\u20139 juni 2026. Vidare information om symposiet ges av Geda Paulsen (geda.paulsen@moderna.uu.se). *** Kahdeskymmenestoinen Spr\u00e5kets funktion -symposiumi j\u00e4rjestet\u00e4\u00e4n Uppsalan yliopistossa 8.\u20139.6.2026. Lis\u00e4tietoja symposiumista antaa Geda Paulsen (geda.paulsen@moderna.uu.se). *** The twenty-second Spr\u00e5kets funktion symposium will be held at Uppsala University on June 8\u20139, 2026. Further information about &hellip; <\/p>\n<p class=\"link-more\"><a href=\"https:\/\/blogs2.abo.fi\/spraketsfunktion\/cfp\/\" class=\"more-link\">Forts\u00e4tt l\u00e4sa<span class=\"screen-reader-text\"> \u201dCALL FOR PAPERS\u201d<\/span><\/a><\/p>\n","protected":false},"author":613,"featured_media":0,"parent":0,"menu_order":0,"comment_status":"closed","ping_status":"closed","template":"","meta":{"footnotes":""},"class_list":["post-21","page","type-page","status-publish","hentry"],"_links":{"self":[{"href":"https:\/\/blogs2.abo.fi\/spraketsfunktion\/wp-json\/wp\/v2\/pages\/21","targetHints":{"allow":["GET"]}}],"collection":[{"href":"https:\/\/blogs2.abo.fi\/spraketsfunktion\/wp-json\/wp\/v2\/pages"}],"about":[{"href":"https:\/\/blogs2.abo.fi\/spraketsfunktion\/wp-json\/wp\/v2\/types\/page"}],"author":[{"embeddable":true,"href":"https:\/\/blogs2.abo.fi\/spraketsfunktion\/wp-json\/wp\/v2\/users\/613"}],"replies":[{"embeddable":true,"href":"https:\/\/blogs2.abo.fi\/spraketsfunktion\/wp-json\/wp\/v2\/comments?post=21"}],"version-history":[{"count":33,"href":"https:\/\/blogs2.abo.fi\/spraketsfunktion\/wp-json\/wp\/v2\/pages\/21\/revisions"}],"predecessor-version":[{"id":690,"href":"https:\/\/blogs2.abo.fi\/spraketsfunktion\/wp-json\/wp\/v2\/pages\/21\/revisions\/690"}],"wp:attachment":[{"href":"https:\/\/blogs2.abo.fi\/spraketsfunktion\/wp-json\/wp\/v2\/media?parent=21"}],"curies":[{"name":"wp","href":"https:\/\/api.w.org\/{rel}","templated":true}]}}