{"id":204,"date":"2021-05-27T14:54:23","date_gmt":"2021-05-27T12:54:23","guid":{"rendered":"https:\/\/blogs2.abo.fi\/spraketsfunktion\/?page_id=204"},"modified":"2025-11-17T17:42:24","modified_gmt":"2025-11-17T15:42:24","slug":"arkisto-arkiv","status":"publish","type":"page","link":"https:\/\/blogs2.abo.fi\/spraketsfunktion\/arkisto-arkiv\/","title":{"rendered":"ARKIV\/ ARKISTO"},"content":{"rendered":"<p>I arkivet finns abstraktb\u00f6ckerna fr\u00e5n tidigare \u00e5r fr\u00e5n och med 2021.<\/p>\n<p>Arkistosta l\u00f6ytyv\u00e4t edellisten vuosien abstraktikirjat vuodesta 2021 eteenp\u00e4in.<\/p>\n","protected":false},"excerpt":{"rendered":"<p>I arkivet finns abstraktb\u00f6ckerna fr\u00e5n tidigare \u00e5r fr\u00e5n och med 2021. Arkistosta l\u00f6ytyv\u00e4t edellisten vuosien abstraktikirjat vuodesta 2021 eteenp\u00e4in.<\/p>\n","protected":false},"author":613,"featured_media":0,"parent":0,"menu_order":0,"comment_status":"closed","ping_status":"closed","template":"","meta":{"footnotes":""},"class_list":["post-204","page","type-page","status-publish","hentry"],"_links":{"self":[{"href":"https:\/\/blogs2.abo.fi\/spraketsfunktion\/wp-json\/wp\/v2\/pages\/204","targetHints":{"allow":["GET"]}}],"collection":[{"href":"https:\/\/blogs2.abo.fi\/spraketsfunktion\/wp-json\/wp\/v2\/pages"}],"about":[{"href":"https:\/\/blogs2.abo.fi\/spraketsfunktion\/wp-json\/wp\/v2\/types\/page"}],"author":[{"embeddable":true,"href":"https:\/\/blogs2.abo.fi\/spraketsfunktion\/wp-json\/wp\/v2\/users\/613"}],"replies":[{"embeddable":true,"href":"https:\/\/blogs2.abo.fi\/spraketsfunktion\/wp-json\/wp\/v2\/comments?post=204"}],"version-history":[{"count":4,"href":"https:\/\/blogs2.abo.fi\/spraketsfunktion\/wp-json\/wp\/v2\/pages\/204\/revisions"}],"predecessor-version":[{"id":643,"href":"https:\/\/blogs2.abo.fi\/spraketsfunktion\/wp-json\/wp\/v2\/pages\/204\/revisions\/643"}],"wp:attachment":[{"href":"https:\/\/blogs2.abo.fi\/spraketsfunktion\/wp-json\/wp\/v2\/media?parent=204"}],"curies":[{"name":"wp","href":"https:\/\/api.w.org\/{rel}","templated":true}]}}