{"id":2,"date":"2021-03-04T10:18:56","date_gmt":"2021-03-04T10:18:56","guid":{"rendered":"http:\/\/blogs2.abo.fi\/spraketsfunktion\/?page_id=2"},"modified":"2026-03-23T13:56:07","modified_gmt":"2026-03-23T11:56:07","slug":"sample-page","status":"publish","type":"page","link":"https:\/\/blogs2.abo.fi\/spraketsfunktion\/","title":{"rendered":""},"content":{"rendered":"<p data-start=\"170\" data-end=\"274\"><strong data-start=\"170\" data-end=\"274\">Det tjugoandra\u00a0 <em data-start=\"206\" data-end=\"225\">Spr\u00e5kets funktion<\/em>-symposiet arrangeras vid Uppsala universitet 8\u20139.6.2026!<\/strong><\/p>\n<p data-start=\"276\" data-end=\"563\">P\u00e5 <em data-start=\"279\" data-end=\"298\">Spr\u00e5kets funktion<\/em>-symposiet diskuteras spr\u00e5kets djupaste v\u00e4sen och spr\u00e5kforskningens grundl\u00e4ggande fr\u00e5gor p\u00e5 ett allvarligt men avslappnat s\u00e4tt \u2013 utan r\u00e4dsla f\u00f6r att ta risker.<\/p>\n<p>Det \u00e4r inte bara spr\u00e5kvetare som \u00e4r intresserade av spr\u00e5ket, utan ocks\u00e5 f\u00f6retr\u00e4dare f\u00f6r andra vetenskapsomr\u00e5den. Titeln \u201dspr\u00e5kets funktion\u201d h\u00e4nvisar till det faktum att alla forskare som arbetar med spr\u00e5k m\u00e5ste f\u00f6rh\u00e5lla sig till dess funktion p\u00e5 \u00e5tminstone tre s\u00e4tt:<\/p>\n<p>Vilken roll spelar spr\u00e5ket i det som jag forskar om?<\/p>\n<p>Vilka \u00e4r spr\u00e5kets funktioner, och \u00e4r n\u00e5gon av dem viktigare \u00e4n de andra?<\/p>\n<p>Varf\u00f6r finns spr\u00e5ket \u00f6verhuvudtaget, och varf\u00f6r \u00e4r det som det \u00e4r?<\/p>\n<p>***<\/p>\n<p data-start=\"158\" data-end=\"257\"><strong data-start=\"158\" data-end=\"257\">Kahdeskymmenestoinen <em data-start=\"181\" data-end=\"200\">Spr\u00e5kets funktion<\/em> -symposium pidet\u00e4\u00e4n Uppsalan yliopistossa 8.\u20139.6.2026!<\/strong><\/p>\n<p data-start=\"259\" data-end=\"436\"><em data-start=\"259\" data-end=\"278\">Spr\u00e5kets funktion<\/em> -symposiumissa keskustellaan vakavasti mutta rennosti kielen syvimm\u00e4st\u00e4 olemuksesta ja kielentutkimuksen perimm\u00e4isist\u00e4 kysymyksist\u00e4, riskinottoa kaihtamatta.<\/p>\n<p data-start=\"438\" data-end=\"895\">Kielest\u00e4 eiv\u00e4t ole kiinnostuneita vain kielitieteilij\u00e4t, vaan my\u00f6s muiden tieteenalojen edustajat. Symposiumin otsikko \u201dkielen funktio\u201d juontaa juurensa siit\u00e4, ett\u00e4 kaikki kielt\u00e4 tutkivat tieteenharjoittajat t\u00f6rm\u00e4\u00e4v\u00e4t kielen funktioon v\u00e4hint\u00e4\u00e4n kolmella tavalla:<\/p>\n<p>Mik\u00e4 on kielen osuus tutkimassani asiassa?<\/p>\n<p>Mitk\u00e4 ovat kielen teht\u00e4v\u00e4t, ja onko niist\u00e4 jokin t\u00e4rke\u00e4mpi kuin muut?<\/p>\n<p>Miksi kieli ylip\u00e4\u00e4t\u00e4\u00e4n on olemassa, ja miksi se on sellainen kuin on?<\/p>\n<p data-start=\"438\" data-end=\"895\">***<\/p>\n<p><strong>The twenty-second Spr\u00e5kets funktion symposium will be held at Uppsala University on June 8\u20139, 2026.<\/strong><\/p>\n<p>In the symposium we will discuss the deepest essence of language and the fundamental questions of linguistics in a serious but relaxed manner, without shying away taking risks.<\/p>\n<p>Language is not only of interest to linguists, but also to practitioners of other sciences. The symposium&#8217;s title is\u00a0<em>Spr\u00e5kets funktion<\/em>\u00a0the function of language\u2019 since every researcher who is working on language,\u00a0encounters the function of language in at least three ways:<\/p>\n<p>What is the role of language in the matter I am researching?<\/p>\n<p>What are the functions of language and are any of them more important than others?<\/p>\n<p>Why does language exist at all and why is it the way it is?<\/p>\n","protected":false},"excerpt":{"rendered":"<p>Det tjugoandra\u00a0 Spr\u00e5kets funktion-symposiet arrangeras vid Uppsala universitet 8\u20139.6.2026! P\u00e5 Spr\u00e5kets funktion-symposiet diskuteras spr\u00e5kets djupaste v\u00e4sen och spr\u00e5kforskningens grundl\u00e4ggande fr\u00e5gor p\u00e5 ett allvarligt men avslappnat s\u00e4tt \u2013 utan r\u00e4dsla f\u00f6r att ta risker. Det \u00e4r inte bara spr\u00e5kvetare som \u00e4r intresserade av spr\u00e5ket, utan ocks\u00e5 f\u00f6retr\u00e4dare f\u00f6r andra vetenskapsomr\u00e5den. Titeln \u201dspr\u00e5kets funktion\u201d h\u00e4nvisar till det &hellip; <\/p>\n<p class=\"link-more\"><a href=\"https:\/\/blogs2.abo.fi\/spraketsfunktion\/\" class=\"more-link\">Forts\u00e4tt l\u00e4sa<span class=\"screen-reader-text\"> \u201d\u201d<\/span><\/a><\/p>\n","protected":false},"author":613,"featured_media":0,"parent":0,"menu_order":0,"comment_status":"closed","ping_status":"open","template":"","meta":{"footnotes":""},"class_list":["post-2","page","type-page","status-publish","hentry"],"_links":{"self":[{"href":"https:\/\/blogs2.abo.fi\/spraketsfunktion\/wp-json\/wp\/v2\/pages\/2","targetHints":{"allow":["GET"]}}],"collection":[{"href":"https:\/\/blogs2.abo.fi\/spraketsfunktion\/wp-json\/wp\/v2\/pages"}],"about":[{"href":"https:\/\/blogs2.abo.fi\/spraketsfunktion\/wp-json\/wp\/v2\/types\/page"}],"author":[{"embeddable":true,"href":"https:\/\/blogs2.abo.fi\/spraketsfunktion\/wp-json\/wp\/v2\/users\/613"}],"replies":[{"embeddable":true,"href":"https:\/\/blogs2.abo.fi\/spraketsfunktion\/wp-json\/wp\/v2\/comments?post=2"}],"version-history":[{"count":47,"href":"https:\/\/blogs2.abo.fi\/spraketsfunktion\/wp-json\/wp\/v2\/pages\/2\/revisions"}],"predecessor-version":[{"id":659,"href":"https:\/\/blogs2.abo.fi\/spraketsfunktion\/wp-json\/wp\/v2\/pages\/2\/revisions\/659"}],"wp:attachment":[{"href":"https:\/\/blogs2.abo.fi\/spraketsfunktion\/wp-json\/wp\/v2\/media?parent=2"}],"curies":[{"name":"wp","href":"https:\/\/api.w.org\/{rel}","templated":true}]}}