{"id":56,"date":"2024-03-08T14:42:13","date_gmt":"2024-03-08T14:42:13","guid":{"rendered":"https:\/\/blogs2.abo.fi\/spara\/?page_id=56"},"modified":"2025-10-18T19:15:07","modified_gmt":"2025-10-18T19:15:07","slug":"aktuellt-inom-projektet-2","status":"publish","type":"page","link":"https:\/\/blogs2.abo.fi\/spara\/aktuellt-inom-projektet-2\/","title":{"rendered":"Aktuellt inom projektet"},"content":{"rendered":"<p><strong>L\u00e4s\u00e5ret 2025-2026<\/strong><\/p>\n<p>Projekttiden har officiellt tagit slut 6.10.2025 men projektet forts\u00e4tter sin verksamhet \u00e4nnu l\u00e4s\u00e5ret 2025-2026. Projektledaren Sanna h\u00f6ll ett f\u00f6redrag om en del av resultaten under <a href=\"https:\/\/www.abo.fi\/sprakbadslarardagar2025\/\" target=\"_blank\" rel=\"noopener\">Spr\u00e5kbadsl\u00e4rardagarna<\/a> den 10 oktober i Helsingfors. Nya sp\u00e4nnande manuskript \u00e4r ocks\u00e5 under arbete. Projektet har \u00e4ven l\u00e4mnat in abstrakt inf\u00f6r flera konferenspresentation.<\/p>\n<p><strong>L\u00e4s\u00e5ret 2024-2025<\/strong><\/p>\n<p>Projektet SP\u00c5RA startades i januari 2024. Under v\u00e5rterminen 2024 samlade projektgruppen in forskningsmaterial i form av videoinspelningar och tillh\u00f6rande intervjuer p\u00e5 flera olika orter. Vid m\u00e5nadsskiftet maj-juni 2024 genomf\u00f6rde projektgruppen ytterligare n\u00e5gra l\u00e4rarintervjuer.<\/p>\n<p>Projektgruppen har fortsatt med datainsamlingen i form av klassrumsinspelningar och l\u00e4rarintervjuer under h\u00f6stterminen 2024 och v\u00e5rterminen 2025. Samtidigt h\u00e5ller projektgruppen p\u00e5 med att arbeta med de f\u00f6rsta artikelmanuskripten.<\/p>\n","protected":false},"excerpt":{"rendered":"<p>L\u00e4s\u00e5ret 2025-2026 Projekttiden har officiellt tagit slut 6.10.2025 men projektet forts\u00e4tter sin verksamhet \u00e4nnu l\u00e4s\u00e5ret 2025-2026. Projektledaren Sanna h\u00f6ll ett f\u00f6redrag om en del av resultaten under Spr\u00e5kbadsl\u00e4rardagarna den 10 oktober i Helsingfors. Nya sp\u00e4nnande manuskript \u00e4r ocks\u00e5 under arbete. Projektet har \u00e4ven l\u00e4mnat in abstrakt inf\u00f6r flera konferenspresentation. L\u00e4s\u00e5ret 2024-2025 Projektet SP\u00c5RA startades i &hellip; <a href=\"https:\/\/blogs2.abo.fi\/spara\/aktuellt-inom-projektet-2\/\" class=\"more-link\">Forts\u00e4tt l\u00e4sa <span class=\"screen-reader-text\">Aktuellt inom projektet<\/span><\/a><\/p>\n","protected":false},"author":770,"featured_media":0,"parent":0,"menu_order":0,"comment_status":"closed","ping_status":"closed","template":"","meta":{"footnotes":""},"class_list":["post-56","page","type-page","status-publish","hentry"],"_links":{"self":[{"href":"https:\/\/blogs2.abo.fi\/spara\/wp-json\/wp\/v2\/pages\/56","targetHints":{"allow":["GET"]}}],"collection":[{"href":"https:\/\/blogs2.abo.fi\/spara\/wp-json\/wp\/v2\/pages"}],"about":[{"href":"https:\/\/blogs2.abo.fi\/spara\/wp-json\/wp\/v2\/types\/page"}],"author":[{"embeddable":true,"href":"https:\/\/blogs2.abo.fi\/spara\/wp-json\/wp\/v2\/users\/770"}],"replies":[{"embeddable":true,"href":"https:\/\/blogs2.abo.fi\/spara\/wp-json\/wp\/v2\/comments?post=56"}],"version-history":[{"count":12,"href":"https:\/\/blogs2.abo.fi\/spara\/wp-json\/wp\/v2\/pages\/56\/revisions"}],"predecessor-version":[{"id":178,"href":"https:\/\/blogs2.abo.fi\/spara\/wp-json\/wp\/v2\/pages\/56\/revisions\/178"}],"wp:attachment":[{"href":"https:\/\/blogs2.abo.fi\/spara\/wp-json\/wp\/v2\/media?parent=56"}],"curies":[{"name":"wp","href":"https:\/\/api.w.org\/{rel}","templated":true}]}}