{"id":28,"date":"2024-03-08T14:22:42","date_gmt":"2024-03-08T14:22:42","guid":{"rendered":"https:\/\/blogs2.abo.fi\/spara\/?page_id=28"},"modified":"2024-11-05T05:04:06","modified_gmt":"2024-11-05T05:04:06","slug":"dataskyddsmeddelande-for-spara","status":"publish","type":"page","link":"https:\/\/blogs2.abo.fi\/spara\/dataskyddsmeddelande-for-spara\/","title":{"rendered":"Dataskydd (GDPR)"},"content":{"rendered":"<p>Projektets dataskyddsmeddelande finns nedan som PDF-fil p\u00e5 svenska och finska.<\/p>\n<ul>\n<li style=\"list-style-type: none\">\n<ul>\n<li><a href=\"http:\/\/blogs2.abo.fi\/spara\/wp-content\/uploads\/sites\/262\/2024\/08\/SPARA-Tietosuojalomake.pdf\" target=\"_blank\" rel=\"noopener\">SP\u00c5RA Dataskyddsmeddelande<\/a><\/li>\n<li><a href=\"http:\/\/blogs2.abo.fi\/spara\/wp-content\/uploads\/sites\/262\/2024\/08\/SPARA-Dataskyddsmeddelande.pdf\" target=\"_blank\" rel=\"noopener\">SP\u00c5RA Tietosuojaseloste<\/a><\/li>\n<\/ul>\n<\/li>\n<\/ul>\n<p>&nbsp;<\/p>\n","protected":false},"excerpt":{"rendered":"<p>Projektets dataskyddsmeddelande finns nedan som PDF-fil p\u00e5 svenska och finska. SP\u00c5RA Dataskyddsmeddelande SP\u00c5RA Tietosuojaseloste &nbsp;<\/p>\n","protected":false},"author":770,"featured_media":0,"parent":0,"menu_order":0,"comment_status":"closed","ping_status":"closed","template":"","meta":{"footnotes":""},"class_list":["post-28","page","type-page","status-publish","hentry"],"_links":{"self":[{"href":"https:\/\/blogs2.abo.fi\/spara\/wp-json\/wp\/v2\/pages\/28","targetHints":{"allow":["GET"]}}],"collection":[{"href":"https:\/\/blogs2.abo.fi\/spara\/wp-json\/wp\/v2\/pages"}],"about":[{"href":"https:\/\/blogs2.abo.fi\/spara\/wp-json\/wp\/v2\/types\/page"}],"author":[{"embeddable":true,"href":"https:\/\/blogs2.abo.fi\/spara\/wp-json\/wp\/v2\/users\/770"}],"replies":[{"embeddable":true,"href":"https:\/\/blogs2.abo.fi\/spara\/wp-json\/wp\/v2\/comments?post=28"}],"version-history":[{"count":8,"href":"https:\/\/blogs2.abo.fi\/spara\/wp-json\/wp\/v2\/pages\/28\/revisions"}],"predecessor-version":[{"id":173,"href":"https:\/\/blogs2.abo.fi\/spara\/wp-json\/wp\/v2\/pages\/28\/revisions\/173"}],"wp:attachment":[{"href":"https:\/\/blogs2.abo.fi\/spara\/wp-json\/wp\/v2\/media?parent=28"}],"curies":[{"name":"wp","href":"https:\/\/api.w.org\/{rel}","templated":true}]}}