{"id":26,"date":"2024-03-08T14:22:42","date_gmt":"2024-03-08T14:22:42","guid":{"rendered":"https:\/\/blogs2.abo.fi\/spara\/?page_id=26"},"modified":"2025-10-18T19:15:52","modified_gmt":"2025-10-18T19:15:52","slug":"projektgruppen-2","status":"publish","type":"page","link":"https:\/\/blogs2.abo.fi\/spara\/projektgruppen-2\/","title":{"rendered":"Projektgruppen"},"content":{"rendered":"<h4>Projektet SP\u00c5RA best\u00e5r av f\u00f6ljande projektmedlemmar:<\/h4>\n<p><strong>Sanna Pakarinen<\/strong>, FD, projektledare, 1\/2024-<br \/>\nUniversitetslektor<\/p>\n<p><strong>Siv Bj\u00f6rklund<\/strong>, FD, projektforskare, 1\/2024-<br \/>\nProfessor i spr\u00e5kbad och flerspr\u00e5kighet<\/p>\n<p><strong>Sannina Sj\u00f6berg<\/strong>, FM, projektassistent, 9\/2024-12\/2024<\/p>\n<p><strong>Riikka Paloluoma<\/strong>, FM, projektassistent, 1\/2024-8\/2024<\/p>\n<p><strong>Wilmalotta Kristo<\/strong>, projektassistent, 1\/2024-7\/2024<\/p>\n","protected":false},"excerpt":{"rendered":"<p>Projektet SP\u00c5RA best\u00e5r av f\u00f6ljande projektmedlemmar: Sanna Pakarinen, FD, projektledare, 1\/2024- Universitetslektor Siv Bj\u00f6rklund, FD, projektforskare, 1\/2024- Professor i spr\u00e5kbad och flerspr\u00e5kighet Sannina Sj\u00f6berg, FM, projektassistent, 9\/2024-12\/2024 Riikka Paloluoma, FM, projektassistent, 1\/2024-8\/2024 Wilmalotta Kristo, projektassistent, 1\/2024-7\/2024<\/p>\n","protected":false},"author":770,"featured_media":0,"parent":0,"menu_order":0,"comment_status":"closed","ping_status":"closed","template":"","meta":{"footnotes":""},"class_list":["post-26","page","type-page","status-publish","hentry"],"_links":{"self":[{"href":"https:\/\/blogs2.abo.fi\/spara\/wp-json\/wp\/v2\/pages\/26","targetHints":{"allow":["GET"]}}],"collection":[{"href":"https:\/\/blogs2.abo.fi\/spara\/wp-json\/wp\/v2\/pages"}],"about":[{"href":"https:\/\/blogs2.abo.fi\/spara\/wp-json\/wp\/v2\/types\/page"}],"author":[{"embeddable":true,"href":"https:\/\/blogs2.abo.fi\/spara\/wp-json\/wp\/v2\/users\/770"}],"replies":[{"embeddable":true,"href":"https:\/\/blogs2.abo.fi\/spara\/wp-json\/wp\/v2\/comments?post=26"}],"version-history":[{"count":10,"href":"https:\/\/blogs2.abo.fi\/spara\/wp-json\/wp\/v2\/pages\/26\/revisions"}],"predecessor-version":[{"id":179,"href":"https:\/\/blogs2.abo.fi\/spara\/wp-json\/wp\/v2\/pages\/26\/revisions\/179"}],"wp:attachment":[{"href":"https:\/\/blogs2.abo.fi\/spara\/wp-json\/wp\/v2\/media?parent=26"}],"curies":[{"name":"wp","href":"https:\/\/api.w.org\/{rel}","templated":true}]}}