{"id":24,"date":"2024-03-08T14:22:41","date_gmt":"2024-03-08T14:22:41","guid":{"rendered":"https:\/\/blogs2.abo.fi\/spara\/?page_id=24"},"modified":"2024-03-08T14:38:23","modified_gmt":"2024-03-08T14:38:23","slug":"om-projektet","status":"publish","type":"page","link":"https:\/\/blogs2.abo.fi\/spara\/om-projektet\/","title":{"rendered":"Om projektet"},"content":{"rendered":"<p>Tidigare internationell forskning (f\u00f6r en \u00f6versikt, se t.ex. Tedick &amp; Lyster, 2020) har visat att integrering av spr\u00e5k och \u00e4mne i spr\u00e5kbadsundervisning kan vara utmanande f\u00f6r l\u00e4rare. I Finland har det tidigare publicerats olika kompendier och handb\u00f6cker om fungerande arbetss\u00e4tt i spr\u00e5kbad (f\u00f6r ett uppdaterat kompendium, se t.ex. Kvist m.fl., 2020).<\/p>\n<p><em>Spr\u00e5kintegrerad \u00e4mnesundervisning i spr\u00e5kbad<\/em>\u00a0(SP\u00c5RA) \u00e4r ett nytt forskningsprojekt som unders\u00f6ker hurdana undervisningsmetoder som till\u00e4mpas av klass- och \u00e4mnesl\u00e4rare i finl\u00e4ndskt spr\u00e5kbad f\u00f6r att fr\u00e4mja spr\u00e5kbadselevers spr\u00e5k- och kunskapsutveckling. M\u00e5let med projektet \u00e4r att identifiera och utforska v\u00e4lfungerande s\u00e4tt att integrera spr\u00e5k och \u00e4mne i svenskt och finskt spr\u00e5kbad i Finland.<\/p>\n<p>Med hj\u00e4lp av inspelningar och intervjuer kommer projektet SP\u00c5RA att studera erfarna spr\u00e5kbadsl\u00e4rares arbetss\u00e4tt och erfarenheter av att arbeta spr\u00e5kintegrerat p\u00e5 2020-talet. Projektet SP\u00c5RA ska bidra till den tidigare finl\u00e4ndska och internationella spr\u00e5kbadsforskningen med aktuell kunskap om hur l\u00e4rare kan fr\u00e4mja elevers utveckling i spr\u00e5kbadsspr\u00e5ket och inl\u00e4rning av \u00e4mnesinneh\u00e5ll. Forskningsdata kommer att samlas in i grundskolans l\u00e4gre och h\u00f6gre \u00e5rskurser f\u00f6r att utforska s\u00e4rdragen i arbetss\u00e4tt hos b\u00e5de klass- och \u00e4mnesl\u00e4rare i finl\u00e4ndskt spr\u00e5kbad.<\/p>\n<p>Resultaten kommer att publiceras i nationella och internationella vetenskapliga tidskrifter samt som en handbok f\u00f6r spr\u00e5kbadsl\u00e4rare och studerande inom spr\u00e5kbadsklassl\u00e4rarutbildningen vid \u00c5bo Akademi. F\u00f6rhoppningsvis kan projektets resultat \u00e4ven gynna andra l\u00e4rare som arbetar med elever med svenska eller finska som andraspr\u00e5k.<\/p>\n","protected":false},"excerpt":{"rendered":"<p>Tidigare internationell forskning (f\u00f6r en \u00f6versikt, se t.ex. Tedick &amp; Lyster, 2020) har visat att integrering av spr\u00e5k och \u00e4mne i spr\u00e5kbadsundervisning kan vara utmanande f\u00f6r l\u00e4rare. I Finland har det tidigare publicerats olika kompendier och handb\u00f6cker om fungerande arbetss\u00e4tt i spr\u00e5kbad (f\u00f6r ett uppdaterat kompendium, se t.ex. Kvist m.fl., 2020). Spr\u00e5kintegrerad \u00e4mnesundervisning i spr\u00e5kbad\u00a0(SP\u00c5RA) &hellip; <a href=\"https:\/\/blogs2.abo.fi\/spara\/om-projektet\/\" class=\"more-link\">Forts\u00e4tt l\u00e4sa <span class=\"screen-reader-text\">Om projektet<\/span><\/a><\/p>\n","protected":false},"author":770,"featured_media":0,"parent":0,"menu_order":0,"comment_status":"closed","ping_status":"closed","template":"","meta":{"footnotes":""},"class_list":["post-24","page","type-page","status-publish","hentry"],"_links":{"self":[{"href":"https:\/\/blogs2.abo.fi\/spara\/wp-json\/wp\/v2\/pages\/24","targetHints":{"allow":["GET"]}}],"collection":[{"href":"https:\/\/blogs2.abo.fi\/spara\/wp-json\/wp\/v2\/pages"}],"about":[{"href":"https:\/\/blogs2.abo.fi\/spara\/wp-json\/wp\/v2\/types\/page"}],"author":[{"embeddable":true,"href":"https:\/\/blogs2.abo.fi\/spara\/wp-json\/wp\/v2\/users\/770"}],"replies":[{"embeddable":true,"href":"https:\/\/blogs2.abo.fi\/spara\/wp-json\/wp\/v2\/comments?post=24"}],"version-history":[{"count":3,"href":"https:\/\/blogs2.abo.fi\/spara\/wp-json\/wp\/v2\/pages\/24\/revisions"}],"predecessor-version":[{"id":53,"href":"https:\/\/blogs2.abo.fi\/spara\/wp-json\/wp\/v2\/pages\/24\/revisions\/53"}],"wp:attachment":[{"href":"https:\/\/blogs2.abo.fi\/spara\/wp-json\/wp\/v2\/media?parent=24"}],"curies":[{"name":"wp","href":"https:\/\/api.w.org\/{rel}","templated":true}]}}