{"id":32,"date":"2017-09-05T15:38:43","date_gmt":"2017-09-05T12:38:43","guid":{"rendered":"http:\/\/blogs2.abo.fi\/sos\/?page_id=32"},"modified":"2020-11-10T13:29:09","modified_gmt":"2020-11-10T10:29:09","slug":"texttyper-i-arbetet","status":"publish","type":"page","link":"https:\/\/blogs2.abo.fi\/sos\/texttyper-i-arbetet\/","title":{"rendered":"Texter i arbetet"},"content":{"rendered":"<p>I arbetslivet f\u00f6rekommer en m\u00e4ngd olika slag av texter &#8211; b\u00e5de talade och skrivna. H\u00e4r samlar vi material om kommunikation i arbetslivet. Du kan ta kontakt med kommunikationsl\u00e4rarna vid Spr\u00e5kcentret om du har tips p\u00e5 s\u00e5dana texttyper som kunde behandlas h\u00e4r. Dela g\u00e4rna med dig av dina erfarenheter!<\/p>\n<p>M\u00e5nga \u00c5A-alumner uppt\u00e4cker att de betraktas som spr\u00e5kexperter p\u00e5 svenska n\u00e4r de kommer ut i arbetslivet. Till och med lagen s\u00e4ger att \u00c5bo Akademi b\u00e4r ett ansvar f\u00f6r att utbilda personer med tillr\u00e4ckliga kunskaper i svenska f\u00f6r samh\u00e4llets behov, och det f\u00f6rpliktar f\u00f6rst\u00e5s ocks\u00e5 de som studerar vid \u00c5A att aktivt arbeta p\u00e5 sin spr\u00e5kliga medvetenhet.<\/p>\n<p>I v\u00e5r flerspr\u00e5kliga verklighet, b\u00e5de nationellt och internationellt, \u00e4r det viktigt att vara genremedveten och uppm\u00e4rksam p\u00e5 skillnader mellan olika spr\u00e5k. Informationssamh\u00e4llet f\u00f6ruts\u00e4tter att de som tar en akademisk examen \u00e4r spr\u00e5kkunniga och goda kommunikat\u00f6rer.\u00a0 Det i sin tur kr\u00e4ver m\u00e5lmedvetet arbete. Men t\u00e4nk ocks\u00e5 p\u00e5 att en god kommunikat\u00f6r ocks\u00e5 k\u00e4nner sina egna gr\u00e4nser!<\/p>\n<div class=\"rendering\">\n<p>H\u00e4r \u00e4r n\u00e5gra l\u00e4nkar till intressant material om kommunikation i arbetslivet:<\/p>\n<ul>\n<li>Den spr\u00e5kliga verkligheten i ett samh\u00e4lle styrs av spr\u00e5kpolitiken. L\u00e4s om spr\u00e5kpolitik till exempel p\u00e5 Spr\u00e5kinstitutets webbplats: <a href=\"https:\/\/www.sprakinstitutet.fi\/sv\/om_sprak\/sprakpolitik\">https<\/a><a href=\"https:\/\/www.sprakinstitutet.fi\/sv\/om_sprak\/sprakpolitik\">:\/\/<\/a><a href=\"https:\/\/www.sprakinstitutet.fi\/sv\/om_sprak\/sprakpolitik\">www.sprakinstitutet.fi\/sv\/om_sprak\/sprakpolitik<\/a><\/li>\n<li>Om <a href=\"http:\/\/www.sprakochfolkminnen.se\/klarspr%C3%A5k\">klarspr\u00e5k p\u00e5 Spr\u00e5kr\u00e5dets webbplats<\/a><\/li>\n<li class=\"relations persons\"><a href=\"https:\/\/researchportal.helsinki.fi\/en\/publications\/svenskan-i-det-finl%C3%A4ndska-aff%C3%A4rslivet\">Svenskan i det finl\u00e4ndska aff\u00e4rslivet<\/a> av Jannika Lassus och Johanna Tanner<\/li>\n<li>Om bland annat v\u00e5rt inhemska svenska lagspr\u00e5k och myndighetsspr\u00e5k samt om \u00f6vers\u00e4ttning och n\u00e4ringslivets spr\u00e5k kan du l\u00e4sa i volymen Spr\u00e5k i skola och samh\u00e4lle i bokserien <em>Svenskan i Finland &#8211; i dag och i g\u00e5r<\/em>, utgiven av SLS. <a href=\"https:\/\/www.sls.fi\/sv\/utgivning\/sprak-i-skola-och-samhalle\">https:\/\/www.sls.fi\/sv\/utgivning\/sprak-i-skola-och-samhalle<\/a><\/li>\n<li>Inspelningar fr\u00e5n en tr\u00e4ff som det svenska n\u00e4tverket f\u00f6r myndighetssamverkan i IT-tillg\u00e4nglighet (MITT-n\u00e4tverket) ordnade 7 november 2018 p\u00e5 temat <a href=\"https:\/\/webbriktlinjer.se\/kognitivt\/?fbclid=IwAR3djpu7o5tWBQqfLgffJK1TbPd17YPllGI0QDzf4_gCDlOXq3it1sVHKlc\">Kognitiv tillg\u00e4nglighet i digital offentlig service<\/a>.<\/li>\n<li class=\"relations persons\">Inspelade f\u00f6rel\u00e4sningar fr\u00e5n <a href=\"https:\/\/urskola.se\/Produkter\/209762-UR-Samtiden-Lattlastdagen-2018-Lasning-och-ohalsa#Om-serien\">L\u00e4ttl\u00e4stdagen 2018<\/a> i Sverige, p\u00e5 UR Skola<\/li>\n<\/ul>\n<h4>\u00d6vers\u00e4ttning<\/h4>\n<p>Inte s\u00e4llan f\u00f6ruts\u00e4tter arbetsgivare att \u00c5A-studerande eller alumner kan ta p\u00e5 sig \u00f6vers\u00e4ttningsuppgifter till eller ifr\u00e5n svenska. G\u00e4ller det h\u00e4r ocks\u00e5 dig ska du \u00e4nd\u00e5 t\u00e4nka p\u00e5 att vara f\u00f6rsiktig med vilka uppgifter du tar p\u00e5 dig, och komma ih\u00e5g att \u00f6vers\u00e4ttning till ett spr\u00e5k kr\u00e4ver st\u00f6rre spr\u00e5kmedvetenhet \u00e4n att skriva en egen text p\u00e5 det spr\u00e5ket. Tolkning muntligt \u00e4r \u00e4nnu sv\u00e5rare.<\/p>\n<p>H\u00e4r kan du l\u00e4sa en lista med tips om \u00f6vers\u00e4ttning av<a href=\"http:\/\/blogs2.abo.fi\/sos\/texttyper-i-arbetet\/sonja-vidjeskog-allmanna-tips-vid-oversattning\/\"> Sonja Vidjeskog: Allm\u00e4nna tips vid \u00f6vers\u00e4ttning.<\/a><\/p>\n<p>De tv\u00e5 spr\u00e5k som p\u00e5verkar svenskan i Finland allra mest \u00e4r finskan och engelskan. De \u00e4r ocks\u00e5 spr\u00e5k som vi l\u00e4ser och producerar m\u00e5nga \u00f6vers\u00e4ttningar till och fr\u00e5n. H\u00e4r nedanf\u00f6r hittar du l\u00e4nkar till tv\u00e5 texter om svenskan kontra finskan respektive svenskan kontra engelskan.<\/p>\n<p>Kati Palmberg: <a href=\"http:\/\/blogs2.abo.fi\/sos\/svenskan-i-finland-och-finskan-i-svenskan\/\">Svenskan i Finland och finskan i svenskan<\/a><\/p>\n<p>Kati Palmberg: <a href=\"http:\/\/blogs2.abo.fi\/sos\/engelska-och-svenska-eller-engelska-pa-svenska\/\">Engelska och svenska eller engelska p\u00e5 svenska?<\/a><\/p>\n<\/div>\n","protected":false},"excerpt":{"rendered":"<p>I arbetslivet f\u00f6rekommer en m\u00e4ngd olika slag av texter &#8211; b\u00e5de talade och skrivna. H\u00e4r samlar vi material om kommunikation i arbetslivet. Du kan ta kontakt med kommunikationsl\u00e4rarna vid Spr\u00e5kcentret om du har tips p\u00e5 s\u00e5dana texttyper som kunde behandlas h\u00e4r. Dela g\u00e4rna med dig av dina erfarenheter! M\u00e5nga \u00c5A-alumner uppt\u00e4cker att de betraktas som [&hellip;]<\/p>\n","protected":false},"author":361,"featured_media":0,"parent":0,"menu_order":0,"comment_status":"closed","ping_status":"closed","template":"","meta":{"footnotes":""},"class_list":["post-32","page","type-page","status-publish","hentry"],"_links":{"self":[{"href":"https:\/\/blogs2.abo.fi\/sos\/wp-json\/wp\/v2\/pages\/32","targetHints":{"allow":["GET"]}}],"collection":[{"href":"https:\/\/blogs2.abo.fi\/sos\/wp-json\/wp\/v2\/pages"}],"about":[{"href":"https:\/\/blogs2.abo.fi\/sos\/wp-json\/wp\/v2\/types\/page"}],"author":[{"embeddable":true,"href":"https:\/\/blogs2.abo.fi\/sos\/wp-json\/wp\/v2\/users\/361"}],"replies":[{"embeddable":true,"href":"https:\/\/blogs2.abo.fi\/sos\/wp-json\/wp\/v2\/comments?post=32"}],"version-history":[{"count":12,"href":"https:\/\/blogs2.abo.fi\/sos\/wp-json\/wp\/v2\/pages\/32\/revisions"}],"predecessor-version":[{"id":243,"href":"https:\/\/blogs2.abo.fi\/sos\/wp-json\/wp\/v2\/pages\/32\/revisions\/243"}],"wp:attachment":[{"href":"https:\/\/blogs2.abo.fi\/sos\/wp-json\/wp\/v2\/media?parent=32"}],"curies":[{"name":"wp","href":"https:\/\/api.w.org\/{rel}","templated":true}]}}