{"id":2,"date":"2017-08-25T08:00:59","date_gmt":"2017-08-25T08:00:59","guid":{"rendered":"http:\/\/blogs2.abo.fi\/sos\/?page_id=2"},"modified":"2020-08-04T15:32:30","modified_gmt":"2020-08-04T12:32:30","slug":"sample-page","status":"publish","type":"page","link":"https:\/\/blogs2.abo.fi\/sos\/","title":{"rendered":"V\u00e4lkommen"},"content":{"rendered":"<p>V\u00e4lkommen till SoS &#8211; spr\u00e5k och stilguiden f\u00f6r dig som skriver texter vid \u00c5bo Akademi! De som ansvarar f\u00f6r den h\u00e4r webbplatsen \u00e4r l\u00e4rare i svenska och kommunikation p\u00e5 Spr\u00e5kcentret vid \u00c5A.<\/p>\n<p>I den h\u00e4r guiden hittar du material knutet till spr\u00e5k och kommunikation som du kan anv\u00e4nda i dina studier, men ocks\u00e5 i arbetet vid sidan om eller efter studierna. I \u00c5bo Akademis spr\u00e5kprogram (2016) konstateras att \u00c5bo Akademi i sin verksamhet l\u00e4gger vikt vid att anv\u00e4nda en god svenska. Oavsett om du \u00e4r student, forskare eller personal vid \u00c5A \u00e4r du en del av \u00c5A, och h\u00e4r vill vi p\u00e5 Spr\u00e5kcentret hj\u00e4lpa dig p\u00e5 v\u00e4gen. Titta ocks\u00e5 in p\u00e5 v\u00e5ra sidor p\u00e5 \u00c5A:s intran\u00e4t! Observera bland annat v\u00e5r Textverkstad, d\u00e4r du kan titta in med spr\u00e5kfr\u00e5gor eller n\u00e5gon textsnutt du vill ha spr\u00e5klig respons p\u00e5.<\/p>\n<p>Ta g\u00e4rna kontakt direkt med oss om du har synpunkter p\u00e5 inneh\u00e5llet i guiden.<br \/>\nDu kan kontakta oss via <span style=\"color: #ff6600\">kati.palmberg[at]abo.fi <\/span>eller Spr\u00e5kcentrets kansli, <span style=\"color: #ff6600\">csk-kansli[at]abo.fi<\/span>.<\/p>\n","protected":false},"excerpt":{"rendered":"<p>V\u00e4lkommen till SoS &#8211; spr\u00e5k och stilguiden f\u00f6r dig som skriver texter vid \u00c5bo Akademi! De som ansvarar f\u00f6r den h\u00e4r webbplatsen \u00e4r l\u00e4rare i svenska och kommunikation p\u00e5 Spr\u00e5kcentret vid \u00c5A. I den h\u00e4r guiden hittar du material knutet till spr\u00e5k och kommunikation som du kan anv\u00e4nda i dina studier, men ocks\u00e5 i arbetet [&hellip;]<\/p>\n","protected":false},"author":361,"featured_media":0,"parent":0,"menu_order":0,"comment_status":"closed","ping_status":"open","template":"","meta":{"footnotes":""},"class_list":["post-2","page","type-page","status-publish","hentry"],"_links":{"self":[{"href":"https:\/\/blogs2.abo.fi\/sos\/wp-json\/wp\/v2\/pages\/2","targetHints":{"allow":["GET"]}}],"collection":[{"href":"https:\/\/blogs2.abo.fi\/sos\/wp-json\/wp\/v2\/pages"}],"about":[{"href":"https:\/\/blogs2.abo.fi\/sos\/wp-json\/wp\/v2\/types\/page"}],"author":[{"embeddable":true,"href":"https:\/\/blogs2.abo.fi\/sos\/wp-json\/wp\/v2\/users\/361"}],"replies":[{"embeddable":true,"href":"https:\/\/blogs2.abo.fi\/sos\/wp-json\/wp\/v2\/comments?post=2"}],"version-history":[{"count":12,"href":"https:\/\/blogs2.abo.fi\/sos\/wp-json\/wp\/v2\/pages\/2\/revisions"}],"predecessor-version":[{"id":183,"href":"https:\/\/blogs2.abo.fi\/sos\/wp-json\/wp\/v2\/pages\/2\/revisions\/183"}],"wp:attachment":[{"href":"https:\/\/blogs2.abo.fi\/sos\/wp-json\/wp\/v2\/media?parent=2"}],"curies":[{"name":"wp","href":"https:\/\/api.w.org\/{rel}","templated":true}]}}