{"id":2,"date":"2022-02-16T12:25:33","date_gmt":"2022-02-16T12:25:33","guid":{"rendered":"https:\/\/blogs2.abo.fi\/slspolarisering\/?page_id=2"},"modified":"2024-11-27T15:32:03","modified_gmt":"2024-11-27T13:32:03","slug":"sample-page","status":"publish","type":"page","link":"https:\/\/blogs2.abo.fi\/slspolarisering\/","title":{"rendered":"Om projektet"},"content":{"rendered":"<div class=\"field-wrapper paragraph__field-title\">\n<div class=\"field-items\">\n<div class=\"field-item\"><strong>Ett polariserat samh\u00e4llsklimat i Svenskfinland? \u2013 Omfattning, orsaker och l\u00f6sningar (2022\u20132025)<\/strong><\/div>\n<\/div>\n<\/div>\n<div id=\"ett-polariserat-samhllsklimat-i-svenskfinland-omfattning-orsaker-och-lsningar-20222025\" class=\"accordion-content\" role=\"tabpanel\" data-tab-content=\"\" aria-labelledby=\"ett-polariserat-samhllsklimat-i-svenskfinland-omfattning-orsaker-och-lsningar-20222025-label\" aria-hidden=\"false\">\n<div class=\"field-wrapper paragraph__field-body\">\n<div class=\"field-items\">\n<div class=\"field-item\">\n<p>Projektet tar sig an uppgiften att systematiskt studera den samh\u00e4lleliga polariseringen i Svenskfinland. En grupp statsvetare unders\u00f6ker orsakerna till och effekterna av de tendenser till polarisering i Svenskfinland som under senare \u00e5r tagit sig uttryck i bland annat d\u00e5ligt samh\u00e4llsklimat i kommunfusionsfr\u00e5gor och i att k\u00e4nslorna ofta tar \u00f6ver i debatter om exempelvis vindkraft, invandring och enspr\u00e5kiga kontra tv\u00e5spr\u00e5kiga l\u00f6sningar.<\/p>\n<p>Med hj\u00e4lp av enk\u00e4tmaterial fr\u00e5n den finlandssvenska medborgarpanelen Barometern unders\u00f6ker forskarna i vilken utstr\u00e4ckning det finns \u00e5sikts- och informationsbubblor i Svenskfinland. De unders\u00f6ker ocks\u00e5 om man kan se v\u00e4rdebaserad och k\u00e4nsloladdad polarisering i anslutning till dessa bubblor och vilka effekter polariseringen i s\u00e5 fall har p\u00e5 individens \u00e5sikter och beteende. Projektet kommer dessutom att unders\u00f6ka vilka faktorer som kan motverka polariseringen och dess effekter.<\/p>\n<p>Projektet finansieras av Svenska litteraturs\u00e4llskapet i Finland och genomf\u00f6rs vid Institutet f\u00f6r samh\u00e4llsforskning (Samforsk) vid \u00c5bo Akademi.<\/p>\n<p><strong>Projektgrupp<\/strong><br \/>\ndocent Marina Lindell, projektledare<br \/>\nprofessor Kim Strandberg<br \/>\nPD Janne Berg, postdoktoral forskare<br \/>\nPD Janette Huttunen, postdoktoral forskare<br \/>\nPM Daniel Kawecki, doktorand<br \/>\nPM Jenny Backstr\u00f6m, doktorand<br \/>\nPM Aleksi Suuronen, doktorand<br \/>\nPM Jesper Eklund, doktorand<\/p>\n<\/div>\n<\/div>\n<\/div>\n<\/div>\n","protected":false},"excerpt":{"rendered":"<p>Ett polariserat samh\u00e4llsklimat i Svenskfinland? \u2013 Omfattning, orsaker och l\u00f6sningar (2022\u20132025) Projektet tar sig an uppgiften att systematiskt studera den samh\u00e4lleliga polariseringen i Svenskfinland. En grupp statsvetare unders\u00f6ker orsakerna till och effekterna av de tendenser till polarisering i Svenskfinland som under senare \u00e5r tagit sig uttryck i bland annat d\u00e5ligt samh\u00e4llsklimat i kommunfusionsfr\u00e5gor och i [&hellip;]<\/p>\n","protected":false},"author":713,"featured_media":0,"parent":0,"menu_order":0,"comment_status":"closed","ping_status":"open","template":"","meta":{"footnotes":""},"class_list":["post-2","page","type-page","status-publish","hentry"],"_links":{"self":[{"href":"https:\/\/blogs2.abo.fi\/slspolarisering\/wp-json\/wp\/v2\/pages\/2","targetHints":{"allow":["GET"]}}],"collection":[{"href":"https:\/\/blogs2.abo.fi\/slspolarisering\/wp-json\/wp\/v2\/pages"}],"about":[{"href":"https:\/\/blogs2.abo.fi\/slspolarisering\/wp-json\/wp\/v2\/types\/page"}],"author":[{"embeddable":true,"href":"https:\/\/blogs2.abo.fi\/slspolarisering\/wp-json\/wp\/v2\/users\/713"}],"replies":[{"embeddable":true,"href":"https:\/\/blogs2.abo.fi\/slspolarisering\/wp-json\/wp\/v2\/comments?post=2"}],"version-history":[{"count":8,"href":"https:\/\/blogs2.abo.fi\/slspolarisering\/wp-json\/wp\/v2\/pages\/2\/revisions"}],"predecessor-version":[{"id":162,"href":"https:\/\/blogs2.abo.fi\/slspolarisering\/wp-json\/wp\/v2\/pages\/2\/revisions\/162"}],"wp:attachment":[{"href":"https:\/\/blogs2.abo.fi\/slspolarisering\/wp-json\/wp\/v2\/media?parent=2"}],"curies":[{"name":"wp","href":"https:\/\/api.w.org\/{rel}","templated":true}]}}