{"id":56,"date":"2022-04-22T15:22:41","date_gmt":"2022-04-22T12:22:41","guid":{"rendered":"https:\/\/blogs2.abo.fi\/slott2022\/?page_id=56"},"modified":"2022-05-05T12:46:13","modified_gmt":"2022-05-05T09:46:13","slug":"information-om-hotell","status":"publish","type":"page","link":"https:\/\/blogs2.abo.fi\/slott2022\/information-om-hotell\/","title":{"rendered":"Information om hotell"},"content":{"rendered":"<blockquote><p><span style=\"font-size: 1rem\">F\u00f6r dem som reser till symposiet och beh\u00f6ver \u00f6vernatta i \u00c5bo finns m\u00f6jlighet att boka hotellrum till ett f\u00f6rm\u00e5nligare pris f\u00f6r tiden 17<\/span><span style=\"font-size: 1rem\">\u201321.8.2022. Erbjudandet g\u00e4ller Centro Hotel och Sokos Seurahuone. Observera att dessa platser \u00e4r begr\u00e4nsade. I alla priser ing\u00e5r hotellens respektive buff\u00e9frukost.<\/span><\/p><\/blockquote>\n<p><strong>CENTRO HOTEL (Universitetsgatan 12a\/Yliopistonkatu 12a)<\/strong><\/p>\n<p>Rum f\u00f6r 1 person: 106 \u20ac\/natt<\/p>\n<p>Rum f\u00f6r 2 personer: 134 \u20ac\/natt<\/p>\n<p>Erbjudandet g\u00e4ller s\u00e5 l\u00e4nge rummen r\u00e4cker. Uppge f\u00f6ljande bokningskod n\u00e4r du bokar: <strong>SLOTT22<\/strong><\/p>\n<p><strong>Ta kontakt direkt med hotellet f\u00f6r att boka ditt rum (via e-post eller telefon):<\/strong><\/p>\n<p>E-post: centro@centrohotel.com<\/p>\n<p>Tfn: +358 2 2118100<\/p>\n<p>Hemsida: <strong><a href=\"https:\/\/centrohotel.com\/en\/\">https:\/\/centrohotel.com\/en\/<\/a><\/strong><\/p>\n<p>&nbsp;<\/p>\n<p><strong>HOTELL SOKOS SEURAHUONE (Humleg\u00e5rdsgatan 2\/Humalistonkatu 2)<\/strong><\/p>\n<p>Solo, rum f\u00f6r 1 person: 120 \u20ac\/natt<\/p>\n<p>Solo, rum f\u00f6r 2 personer: 140 \u20ac\/natt<\/p>\n<p>Erbjudandet g\u00e4ller f\u00f6r bokningar som g\u00f6rs senast den 3 augusti 2022. Uppge f\u00f6ljande bokningskod n\u00e4r du bokar: <strong>BSLOTT2022<\/strong><\/p>\n<p><strong>Ta kontakt direkt med hotellet f\u00f6r att boka ditt rum (via e-post eller telefon):<\/strong><\/p>\n<p>E-post: sokos.hotels@sok.fi<\/p>\n<p>Tfn: +358 300 870 000 (m\u00e5\u2013 fr, kl. 8\u2013 18)<\/p>\n<p>Hemsida: <a href=\"https:\/\/www.sokoshotels.fi\/fi\/turku\/sokos-hotel-seurahuone\"><strong>https:\/\/www.sokoshotels.fi\/fi\/turku\/sokos-hotel-seurahuone<\/strong><\/a><\/p>\n<p>&nbsp;<\/p>\n","protected":false},"excerpt":{"rendered":"<p>F\u00f6r dem som reser till symposiet och beh\u00f6ver \u00f6vernatta i \u00c5bo finns m\u00f6jlighet att boka hotellrum till ett f\u00f6rm\u00e5nligare pris f\u00f6r tiden 17\u201321.8.2022. Erbjudandet g\u00e4ller Centro Hotel och Sokos Seurahuone. Observera att dessa platser \u00e4r begr\u00e4nsade. I alla priser ing\u00e5r hotellens respektive buff\u00e9frukost. CENTRO HOTEL (Universitetsgatan 12a\/Yliopistonkatu 12a) Rum f\u00f6r 1 person: 106 \u20ac\/natt Rum &hellip; <\/p>\n<p class=\"link-more\"><a href=\"https:\/\/blogs2.abo.fi\/slott2022\/information-om-hotell\/\" class=\"more-link\">Forts\u00e4tt l\u00e4sa<span class=\"screen-reader-text\"> \u201dInformation om hotell\u201d<\/span><\/a><\/p>\n","protected":false},"author":734,"featured_media":70,"parent":0,"menu_order":0,"comment_status":"closed","ping_status":"closed","template":"","meta":{"footnotes":""},"class_list":["post-56","page","type-page","status-publish","has-post-thumbnail","hentry"],"_links":{"self":[{"href":"https:\/\/blogs2.abo.fi\/slott2022\/wp-json\/wp\/v2\/pages\/56","targetHints":{"allow":["GET"]}}],"collection":[{"href":"https:\/\/blogs2.abo.fi\/slott2022\/wp-json\/wp\/v2\/pages"}],"about":[{"href":"https:\/\/blogs2.abo.fi\/slott2022\/wp-json\/wp\/v2\/types\/page"}],"author":[{"embeddable":true,"href":"https:\/\/blogs2.abo.fi\/slott2022\/wp-json\/wp\/v2\/users\/734"}],"replies":[{"embeddable":true,"href":"https:\/\/blogs2.abo.fi\/slott2022\/wp-json\/wp\/v2\/comments?post=56"}],"version-history":[{"count":11,"href":"https:\/\/blogs2.abo.fi\/slott2022\/wp-json\/wp\/v2\/pages\/56\/revisions"}],"predecessor-version":[{"id":107,"href":"https:\/\/blogs2.abo.fi\/slott2022\/wp-json\/wp\/v2\/pages\/56\/revisions\/107"}],"wp:featuredmedia":[{"embeddable":true,"href":"https:\/\/blogs2.abo.fi\/slott2022\/wp-json\/wp\/v2\/media\/70"}],"wp:attachment":[{"href":"https:\/\/blogs2.abo.fi\/slott2022\/wp-json\/wp\/v2\/media?parent=56"}],"curies":[{"name":"wp","href":"https:\/\/api.w.org\/{rel}","templated":true}]}}