{"id":52,"date":"2022-04-20T21:04:34","date_gmt":"2022-04-20T18:04:34","guid":{"rendered":"https:\/\/blogs2.abo.fi\/slott2022\/?page_id=52"},"modified":"2022-08-05T15:56:06","modified_gmt":"2022-08-05T12:56:06","slug":"kontakt","status":"publish","type":"page","link":"https:\/\/blogs2.abo.fi\/slott2022\/kontakt\/","title":{"rendered":"Anm\u00e4lan"},"content":{"rendered":"<blockquote><p>Det finns ett f\u00e5tal lediga platser kvar till konferensdagen den 18 augusti; exkursionerna \u00e4r fullbokade. Avgiften f\u00f6r deltagandet \u00e4r:<\/p><\/blockquote>\n<p><strong>Konferensdagen den 18.8:<\/strong> 25 euro (doktorander och studerande 15 euro).<\/p>\n<p>I denna avgift ing\u00e5r kaffe och lunch.<\/p>\n<h2>ANM\u00c4L DIG TILL KONFERENSDAGEN VIA EN AV F\u00d6LJANDE L\u00c4NKAR H\u00c4R NEDAN SENAST DEN 17 AUGUSTI:<\/h2>\n<p><a href=\"https:\/\/crm.abo.fi\/Events\/1587\/Apply\"><strong>Klicka h\u00e4r<\/strong> <\/a>f\u00f6r att anm\u00e4la dig till konferensdagen den 18 augusti.<\/p>\n<p><a href=\"https:\/\/crm.abo.fi\/Events\/1586\/Apply\"><strong>Klicka h\u00e4r<\/strong><\/a> f\u00f6r att anm\u00e4la dig till konferensdagen den 18 augusti om du \u00e4r studerande eller doktorand.<\/p>\n<p>&nbsp;<\/p>\n<p>&nbsp;<\/p>\n","protected":false},"excerpt":{"rendered":"<p>Det finns ett f\u00e5tal lediga platser kvar till konferensdagen den 18 augusti; exkursionerna \u00e4r fullbokade. Avgiften f\u00f6r deltagandet \u00e4r: Konferensdagen den 18.8: 25 euro (doktorander och studerande 15 euro). I denna avgift ing\u00e5r kaffe och lunch. ANM\u00c4L DIG TILL KONFERENSDAGEN VIA EN AV F\u00d6LJANDE L\u00c4NKAR H\u00c4R NEDAN SENAST DEN 17 AUGUSTI: Klicka h\u00e4r f\u00f6r att &hellip; <\/p>\n<p class=\"link-more\"><a href=\"https:\/\/blogs2.abo.fi\/slott2022\/kontakt\/\" class=\"more-link\">Forts\u00e4tt l\u00e4sa<span class=\"screen-reader-text\"> \u201dAnm\u00e4lan\u201d<\/span><\/a><\/p>\n","protected":false},"author":734,"featured_media":0,"parent":0,"menu_order":0,"comment_status":"closed","ping_status":"closed","template":"","meta":{"footnotes":""},"class_list":["post-52","page","type-page","status-publish","hentry"],"_links":{"self":[{"href":"https:\/\/blogs2.abo.fi\/slott2022\/wp-json\/wp\/v2\/pages\/52","targetHints":{"allow":["GET"]}}],"collection":[{"href":"https:\/\/blogs2.abo.fi\/slott2022\/wp-json\/wp\/v2\/pages"}],"about":[{"href":"https:\/\/blogs2.abo.fi\/slott2022\/wp-json\/wp\/v2\/types\/page"}],"author":[{"embeddable":true,"href":"https:\/\/blogs2.abo.fi\/slott2022\/wp-json\/wp\/v2\/users\/734"}],"replies":[{"embeddable":true,"href":"https:\/\/blogs2.abo.fi\/slott2022\/wp-json\/wp\/v2\/comments?post=52"}],"version-history":[{"count":15,"href":"https:\/\/blogs2.abo.fi\/slott2022\/wp-json\/wp\/v2\/pages\/52\/revisions"}],"predecessor-version":[{"id":141,"href":"https:\/\/blogs2.abo.fi\/slott2022\/wp-json\/wp\/v2\/pages\/52\/revisions\/141"}],"wp:attachment":[{"href":"https:\/\/blogs2.abo.fi\/slott2022\/wp-json\/wp\/v2\/media?parent=52"}],"curies":[{"name":"wp","href":"https:\/\/api.w.org\/{rel}","templated":true}]}}