{"id":45,"date":"2022-04-20T20:53:29","date_gmt":"2022-04-20T17:53:29","guid":{"rendered":"https:\/\/blogs2.abo.fi\/slott2022\/?page_id=45"},"modified":"2022-06-09T14:09:22","modified_gmt":"2022-06-09T11:09:22","slug":"exkursioner-19-20-8-2022","status":"publish","type":"page","link":"https:\/\/blogs2.abo.fi\/slott2022\/exkursioner-19-20-8-2022\/","title":{"rendered":"Exkursioner 19\u201320.8.2022"},"content":{"rendered":"<blockquote><p><span style=\"font-size: 1rem\">Fredagen den 19 och l\u00f6rdagen den 20 augusti \u00e5ker vi p\u00e5 exkursioner d\u00e4r vi bes\u00f6ker n\u00e5gra av Finlands vackraste herrg\u00e5rdar, vilka dessutom fortfarande \u00e4r i privat \u00e4go.<\/span><\/p><\/blockquote>\n<h1><span style=\"font-size: 1.5rem;color: #333333\">Nordiska slotts- och herrg\u00e5rdssymposiets exkursionsprogram<\/span><\/h1>\n<h3><strong>Fredagen den 19 augusti: Utflykt till V\u00e4stra Nyland<\/strong><\/h3>\n<p>Kl. 9:00: Avf\u00e4rd med buss fr\u00e5n \u00c5bo domkyrka.<\/p>\n<p>Fiskars bruk i det som nu kallas Fiskars Village, i Raseborg. Mer information om platsen finns p\u00e5 <a href=\"https:\/\/www.fiskarsvillage.fi\/sv\/\"><strong>Fiskars egna hemsidor<\/strong><\/a>.<\/p>\n<p>Fagervik g\u00e5rd i Ing\u00e5 med kaffepaus. Mer information om g\u00e5rden finns p\u00e5 <a href=\"https:\/\/fagervik.fi\/\"><strong>Fagerviks egna hemsidor<\/strong><\/a>.<\/p>\n<p>Guidning p\u00e5 Svart\u00e5 slott i Karis. Mer information om platsen finns <a href=\"https:\/\/www.mustionlinna.fi\/sv\/\"><strong>p\u00e5 Svart\u00e5 slotts egna hemsidor<\/strong><\/a>.<\/p>\n<p>G\u00e4stf\u00f6rel\u00e4sning samt d\u00e4refter middag p\u00e5 Svart\u00e5 slott.<\/p>\n<h3><strong>L\u00f6rdagen den 20 augusti: Utflykt till Bromarv, till Rilax g\u00e5rd och dess n\u00e4rmilj\u00f6<\/strong><\/h3>\n<p>Kl. 9:30: Avf\u00e4rd med buss fr\u00e5n \u00c5bo domkyrka. Vi \u00e5terv\u00e4nder till \u00c5bo senast klockan 17.<\/p>\n<p>Observera att det inte \u00e4r m\u00f6jligt att delta halva l\u00f6rdagen och sedan avvika f\u00f6r att hinna med ett flyg eller en b\u00e5t. Vi kommer inte att vara i n\u00e4rheten av busslinjer eller t\u00e5gstationer.<\/p>\n<p>Bes\u00f6k p\u00e5 Rilax g\u00e5rd i Bromarv. Mer information om platsen finns p\u00e5 <a href=\"https:\/\/www.rilax.fi\/?lang=sv\"><strong>Rilax g\u00e5rds egna hemsidor<\/strong><\/a>.<\/p>\n","protected":false},"excerpt":{"rendered":"<p>Fredagen den 19 och l\u00f6rdagen den 20 augusti \u00e5ker vi p\u00e5 exkursioner d\u00e4r vi bes\u00f6ker n\u00e5gra av Finlands vackraste herrg\u00e5rdar, vilka dessutom fortfarande \u00e4r i privat \u00e4go. Nordiska slotts- och herrg\u00e5rdssymposiets exkursionsprogram Fredagen den 19 augusti: Utflykt till V\u00e4stra Nyland Kl. 9:00: Avf\u00e4rd med buss fr\u00e5n \u00c5bo domkyrka. Fiskars bruk i det som nu kallas &hellip; <\/p>\n<p class=\"link-more\"><a href=\"https:\/\/blogs2.abo.fi\/slott2022\/exkursioner-19-20-8-2022\/\" class=\"more-link\">Forts\u00e4tt l\u00e4sa<span class=\"screen-reader-text\"> \u201dExkursioner 19\u201320.8.2022\u201d<\/span><\/a><\/p>\n","protected":false},"author":734,"featured_media":80,"parent":0,"menu_order":0,"comment_status":"closed","ping_status":"closed","template":"","meta":{"footnotes":""},"class_list":["post-45","page","type-page","status-publish","has-post-thumbnail","hentry"],"_links":{"self":[{"href":"https:\/\/blogs2.abo.fi\/slott2022\/wp-json\/wp\/v2\/pages\/45","targetHints":{"allow":["GET"]}}],"collection":[{"href":"https:\/\/blogs2.abo.fi\/slott2022\/wp-json\/wp\/v2\/pages"}],"about":[{"href":"https:\/\/blogs2.abo.fi\/slott2022\/wp-json\/wp\/v2\/types\/page"}],"author":[{"embeddable":true,"href":"https:\/\/blogs2.abo.fi\/slott2022\/wp-json\/wp\/v2\/users\/734"}],"replies":[{"embeddable":true,"href":"https:\/\/blogs2.abo.fi\/slott2022\/wp-json\/wp\/v2\/comments?post=45"}],"version-history":[{"count":15,"href":"https:\/\/blogs2.abo.fi\/slott2022\/wp-json\/wp\/v2\/pages\/45\/revisions"}],"predecessor-version":[{"id":137,"href":"https:\/\/blogs2.abo.fi\/slott2022\/wp-json\/wp\/v2\/pages\/45\/revisions\/137"}],"wp:featuredmedia":[{"embeddable":true,"href":"https:\/\/blogs2.abo.fi\/slott2022\/wp-json\/wp\/v2\/media\/80"}],"wp:attachment":[{"href":"https:\/\/blogs2.abo.fi\/slott2022\/wp-json\/wp\/v2\/media?parent=45"}],"curies":[{"name":"wp","href":"https:\/\/api.w.org\/{rel}","templated":true}]}}