{"id":43,"date":"2022-04-20T20:52:00","date_gmt":"2022-04-20T17:52:00","guid":{"rendered":"https:\/\/blogs2.abo.fi\/slott2022\/?page_id=43"},"modified":"2022-08-15T18:12:26","modified_gmt":"2022-08-15T15:12:26","slug":"konferensdag-18-8-2022","status":"publish","type":"page","link":"https:\/\/blogs2.abo.fi\/slott2022\/konferensdag-18-8-2022\/","title":{"rendered":"Konferensdag 18.8.2022"},"content":{"rendered":"<blockquote><p><span style=\"font-size: 1rem\">T<\/span><span style=\"font-size: 1rem\">orsdagen den 18 augusti 2022 \u00e4r symposiets konferensdag i \u00c5bo med intressanta presentationer och en g\u00e4stf\u00f6rel\u00e4sning p\u00e5 temat herrg\u00e5rd och ekonomi. I dagen ing\u00e5r \u00e4ven en lunch och tv\u00e5 kaffepauser. Eventuella \u00e4ndringar i programmet kan ske och meddelas i s\u00e5 fall senare.<\/span><\/p><\/blockquote>\n<h3><strong>Torsdag 18 augusti 2022: Konferensdag i \u00c5bo<\/strong><\/h3>\n<p>Plats: ASA-huset, F\u00e4nriksgatan 3 B.<\/p>\n<p>9.30\u00a0\u00a0\u00a0\u00a0\u00a0\u00a0\u00a0\u00a0\u00a0\u00a0\u00a0\u00a0\u00a0\u00a0\u00a0 <em>Kaffe och te<\/em><\/p>\n<p>10.15\u00a0\u00a0\u00a0\u00a0\u00a0\u00a0\u00a0\u00a0\u00a0\u00a0\u00a0\u00a0\u00a0 <em>V\u00e4lkomsth\u00e4lsning<\/em> och praktisk information<\/p>\n<p>10.30\u00a0 \u00a0 \u00a0 \u00a0 \u00a0 \u00a0 \u00a0 F\u00f6redrag <em>G\u00f6ran Ulv\u00e4ng<\/em>, &#8221;Adeln, jorden och livsf\u00f6ringen i Sverige 1700\u20131950&#8221;<\/p>\n<p>11.15\u00a0 \u00a0 \u00a0 \u00a0 \u00a0 \u00a0 \u00a0Dr. phil., Dipl.-Ing. <strong>Thomas Wilke<\/strong>, <em>\u201d<\/em>Presentation of\u00a0<em>The Research Centre for Manors in the<\/em> <em>Baltic Sea region at the University of Greifswald<\/em><em>\u201d<\/em><\/p>\n<p>11.45\u00a0\u00a0\u00a0\u00a0\u00a0\u00a0\u00a0\u00a0\u00a0\u00a0\u00a0\u00a0\u00a0\u00a0 Promenad till lunch p\u00e5 Gr\u00e4dda (Biskopsgatan 15)<\/p>\n<p>12-13 \u00a0\u00a0\u00a0\u00a0\u00a0\u00a0\u00a0\u00a0\u00a0\u00a0\u00a0\u00a0\u00a0 Lunch<\/p>\n<p>13.15\u00a0 \u00a0 \u00a0 \u00a0 \u00a0 \u00a0 \u00a0 \u00a0Session 1: <em>Herrg\u00e5rdar och konsumtion\u00a0<\/em><\/p>\n<p>Doktorand <strong>Lars Nylander<\/strong> (G\u00f6teborgs universitet), &#8221;Materialitet och manifestation i tv\u00e5 h\u00e4lsingeg\u00e5rdar under 1700-talets andra h\u00e4lft&#8221;<\/p>\n<p>Fil.dr <strong>Bj\u00f6rn Hasselgren<\/strong> (Uppsala universitet), &#8221;Stjernsunds slott i\u00a0N\u00e4rke \u2013 en j\u00e4rnbruksherrg\u00e5rd utan j\u00e4rnbruk&#8221;<\/p>\n<p>Fil. kand. <strong>Elis P\u00e4rn<\/strong> (University of Tartu), &#8221;Wooden Manor Houses in Estonia During the Years 1700\u20131850. From the Archaic Traditions to the Modern Ideas&#8221;<\/p>\n<p><strong>M\u00e4rtha Norrback<\/strong> (Svenska litteraturs\u00e4llskapet i Finland, Mannerheim-museet, Helsingfors ), &#8221;Hush\u00e5llsb\u00f6cker och receptsamlingar som f\u00f6rmedlare av ideal och verklighet inom herrg\u00e5rdshush\u00e5llet&#8221;\u00a0 \u00a0 \u00a0 \u00a0 \u00a0 \u00a0 \u00a0<em>\u00a0<\/em><span style=\"font-size: 1rem\"> \u00a0 \u00a0 \u00a0 \u00a0 <\/span><em style=\"font-size: 1rem\">\u00a0<\/em><\/p>\n<p>14.30\u00a0\u00a0\u00a0\u00a0\u00a0\u00a0\u00a0\u00a0\u00a0\u00a0\u00a0\u00a0\u00a0\u00a0 Benstr\u00e4ckare<\/p>\n<p>14.35\u00a0\u00a0\u00a0\u00a0\u00a0\u00a0\u00a0\u00a0\u00a0\u00a0\u00a0\u00a0\u00a0\u00a0 F\u00f6redrag <em>Charlotta Wolff<\/em>, &#8221;Biblioteken p\u00e5 Fagervik och Rilax&#8221;<\/p>\n<p>15.20<em>\u00a0\u00a0\u00a0\u00a0\u00a0\u00a0\u00a0\u00a0\u00a0\u00a0\u00a0\u00a0\u00a0\u00a0 <\/em>Kaffepaus\u00a0<em>\u00a0<\/em><\/p>\n<p>15.45\u00a0 \u00a0 \u00a0 \u00a0 \u00a0 \u00a0 \u00a0 \u00a0Session 2: <em>Herrg\u00e5rdar och omgivande ekonomi\u00a0<\/em><\/p>\n<p>Konservator <strong>Kathrine Sandstr\u00f8m<\/strong> (\u00d8stfoldmuseene), &#8221;Jernkvinner i en jerntid. Kvinnelige ledere og eiere av gamle norske jernverk p\u00e5 1600- og 1700-tallet, med fokus p\u00e5 Elisabeth von H\u00fcbsch og Moss jernverk mellom 1724\u20131743&#8221;<\/p>\n<p><strong>Desir\u00e9e N\u00e6vdal<\/strong> <strong>&amp; Mattias Ekman<\/strong> (\u00d8stfoldmuseene), &#8221;Tools for Administration and Governance. Structures of Knowledge in Two Manorial Forest Estates&#8221;<\/p>\n<p>16.30\u00a0 \u00a0 \u00a0 \u00a0 \u00a0 \u00a0 \u00a0 \u00a0Benstr\u00e4ckare<\/p>\n<p>16:45\u00a0 \u00a0 \u00a0 \u00a0 \u00a0 \u00a0 \u00a0 \u00a0Session 3: <em>Parker, lantbruk, jordbruk<\/em><\/p>\n<p>Fil. dr <strong>\u00c5sa Klintborg Ahlklo<\/strong> (Sveriges lantbruksuniversitet), &#8221;&#8217;Hinc robur et securitas&#8217; eller En sedel\u00e4rande historia om pengars tillv\u00e4xt i park och tr\u00e4dg\u00e5rd&#8221;<\/p>\n<p>Doktorand <strong>Elsa Hietala<\/strong> (\u00c5bo universitet), &#8221;Herrg\u00e5rdar som banbrytare? Storg\u00e5rdar och lantbrukets f\u00f6r\u00e4ndring i brevk\u00e4llor 1850\u20131920&#8221;<\/p>\n<p>Pol. lic. <strong>Riitta M\u00e4kinen<\/strong>, &#8221;Jordbruk p\u00e5 allvar. Intensifiering och professionalisering vid sekelskiftet 1900&#8221;<\/p>\n<p>17:45\u00a0 \u00a0 \u00a0 \u00a0 \u00a0 \u00a0 \u00a0 \u00a0Vi l\u00e4mnar \u00c5bo Akademi och vandrar mot v\u00e5ra hotell<\/p>\n<p>19.30\u00a0\u00a0\u00a0\u00a0\u00a0\u00a0\u00a0\u00a0\u00a0\u00a0\u00a0\u00a0\u00a0\u00a0 Middag p\u00e5 restaurang T\u00e5rget (Slottsgatan 3 A)<\/p>\n","protected":false},"excerpt":{"rendered":"<p>Torsdagen den 18 augusti 2022 \u00e4r symposiets konferensdag i \u00c5bo med intressanta presentationer och en g\u00e4stf\u00f6rel\u00e4sning p\u00e5 temat herrg\u00e5rd och ekonomi. I dagen ing\u00e5r \u00e4ven en lunch och tv\u00e5 kaffepauser. Eventuella \u00e4ndringar i programmet kan ske och meddelas i s\u00e5 fall senare. Torsdag 18 augusti 2022: Konferensdag i \u00c5bo Plats: ASA-huset, F\u00e4nriksgatan 3 B. 9.30\u00a0\u00a0\u00a0\u00a0\u00a0\u00a0\u00a0\u00a0\u00a0\u00a0\u00a0\u00a0\u00a0\u00a0\u00a0 &hellip; <\/p>\n<p class=\"link-more\"><a href=\"https:\/\/blogs2.abo.fi\/slott2022\/konferensdag-18-8-2022\/\" class=\"more-link\">Forts\u00e4tt l\u00e4sa<span class=\"screen-reader-text\"> \u201dKonferensdag 18.8.2022\u201d<\/span><\/a><\/p>\n","protected":false},"author":734,"featured_media":0,"parent":0,"menu_order":0,"comment_status":"closed","ping_status":"closed","template":"","meta":{"footnotes":""},"class_list":["post-43","page","type-page","status-publish","hentry"],"_links":{"self":[{"href":"https:\/\/blogs2.abo.fi\/slott2022\/wp-json\/wp\/v2\/pages\/43","targetHints":{"allow":["GET"]}}],"collection":[{"href":"https:\/\/blogs2.abo.fi\/slott2022\/wp-json\/wp\/v2\/pages"}],"about":[{"href":"https:\/\/blogs2.abo.fi\/slott2022\/wp-json\/wp\/v2\/types\/page"}],"author":[{"embeddable":true,"href":"https:\/\/blogs2.abo.fi\/slott2022\/wp-json\/wp\/v2\/users\/734"}],"replies":[{"embeddable":true,"href":"https:\/\/blogs2.abo.fi\/slott2022\/wp-json\/wp\/v2\/comments?post=43"}],"version-history":[{"count":16,"href":"https:\/\/blogs2.abo.fi\/slott2022\/wp-json\/wp\/v2\/pages\/43\/revisions"}],"predecessor-version":[{"id":154,"href":"https:\/\/blogs2.abo.fi\/slott2022\/wp-json\/wp\/v2\/pages\/43\/revisions\/154"}],"wp:attachment":[{"href":"https:\/\/blogs2.abo.fi\/slott2022\/wp-json\/wp\/v2\/media?parent=43"}],"curies":[{"name":"wp","href":"https:\/\/api.w.org\/{rel}","templated":true}]}}