{"id":26,"date":"2025-05-12T08:40:11","date_gmt":"2025-05-12T08:40:11","guid":{"rendered":"https:\/\/blogs2.abo.fi\/sitkeys-seghet2025\/?page_id=26"},"modified":"2025-10-27T09:07:02","modified_gmt":"2025-10-27T09:07:02","slug":"call-for-papers","status":"publish","type":"page","link":"https:\/\/blogs2.abo.fi\/sitkeys-seghet2025\/call-for-papers\/","title":{"rendered":"Programme"},"content":{"rendered":"<p><a href=\"#svenska\">P\u00e5 svenska<\/a> | <a href=\"#finska\">Suomeksi <\/a> | <a href=\"#engelska\">In English<\/a><\/p>\n<h3><img loading=\"lazy\" decoding=\"async\" class=\"alignnone size-medium wp-image-6\" src=\"http:\/\/blogs2.abo.fi\/sitkeys-seghet2025\/wp-content\/uploads\/sites\/278\/2025\/05\/BECFF77B-3BED-4AE4-933E-A5A081E5B3E2-300x300.jpeg\" alt=\"\" width=\"300\" height=\"300\" srcset=\"https:\/\/blogs2.abo.fi\/sitkeys-seghet2025\/wp-content\/uploads\/sites\/278\/2025\/05\/BECFF77B-3BED-4AE4-933E-A5A081E5B3E2-300x300.jpeg 300w, https:\/\/blogs2.abo.fi\/sitkeys-seghet2025\/wp-content\/uploads\/sites\/278\/2025\/05\/BECFF77B-3BED-4AE4-933E-A5A081E5B3E2-1024x1024.jpeg 1024w, https:\/\/blogs2.abo.fi\/sitkeys-seghet2025\/wp-content\/uploads\/sites\/278\/2025\/05\/BECFF77B-3BED-4AE4-933E-A5A081E5B3E2-150x150.jpeg 150w, https:\/\/blogs2.abo.fi\/sitkeys-seghet2025\/wp-content\/uploads\/sites\/278\/2025\/05\/BECFF77B-3BED-4AE4-933E-A5A081E5B3E2-768x768.jpeg 768w, https:\/\/blogs2.abo.fi\/sitkeys-seghet2025\/wp-content\/uploads\/sites\/278\/2025\/05\/BECFF77B-3BED-4AE4-933E-A5A081E5B3E2-1536x1536.jpeg 1536w, https:\/\/blogs2.abo.fi\/sitkeys-seghet2025\/wp-content\/uploads\/sites\/278\/2025\/05\/BECFF77B-3BED-4AE4-933E-A5A081E5B3E2-100x100.jpeg 100w, https:\/\/blogs2.abo.fi\/sitkeys-seghet2025\/wp-content\/uploads\/sites\/278\/2025\/05\/BECFF77B-3BED-4AE4-933E-A5A081E5B3E2.jpeg 2048w\" sizes=\"auto, (max-width: 300px) 100vw, 300px\" \/><\/h3>\n<h3 id=\"svenska\">Program 7.11.2025<\/h3>\n<p>Adress: Arken, \u00c5bo Akademi, Fabriksgatan 2, \u00c5bo<br \/>\nDu hittar karta \u00f6ver Arkens rum <a href=\"https:\/\/www.abo.fi\/wp-content\/uploads\/2018\/09\/Arkenkarta.pdf\">h\u00e4r<\/a>.<\/p>\n<p>Du kan bekanta dig med arbetsgrupper och f\u00f6redrag <a href=\"https:\/\/blogs2.abo.fi\/sitkeys-seghet2025\/31-2\/\">h\u00e4r<\/a>.<\/p>\n<p>Kl. 9.00\u201310.30<br \/>\n<strong>Arbetsgrupper:<\/strong><br \/>\n<a href=\"https:\/\/blogs2.abo.fi\/sitkeys-seghet2025\/31-2\/#crip\">Crip persistence, dammit!, <\/a>Valhall (D 206)<br \/>\n<a href=\"https:\/\/blogs2.abo.fi\/sitkeys-seghet2025\/31-2\/#feminismitalous\">Feminismi, talous ja ekologia, <\/a>Saussure (M 128)<br \/>\n<a href=\"https:\/\/blogs2.abo.fi\/sitkeys-seghet2025\/31-2\/#opettajuus\">Feministinen opettajuus ja ymp\u00e4rist\u00f6kriisit, <\/a>Simone Weil (M 134)<br \/>\n<a href=\"https:\/\/blogs2.abo.fi\/sitkeys-seghet2025\/31-2\/#henkinen\">Henkinen v\u00e4kivalta \u2013 sitke\u00e4 ja vaikeasti tunnistettavissa oleva ongelma, <\/a>Goethe (L 104)<br \/>\n<a href=\"https:\/\/blogs2.abo.fi\/sitkeys-seghet2025\/31-2\/#miehia\">Miehi\u00e4 ja maskuliinisuuksia, <\/a>Camera Obscura (E 201)<br \/>\n<a href=\"https:\/\/blogs2.abo.fi\/sitkeys-seghet2025\/31-2\/#mothering\">Sitkeys \u00e4itiyden kulttuurisena kokemuksena \/\/ Persistence as a Cultural Experience of Mothering, <\/a>Nikander (D 101)<br \/>\n<a href=\"https:\/\/blogs2.abo.fi\/sitkeys-seghet2025\/31-2\/#stigmatisointi\">Sitke\u00e4 stigmatisointi ja feministisen vastarinnan mahdollisuudet, <\/a>Radiatorn (E 101)<br \/>\n<a href=\"https:\/\/blogs2.abo.fi\/sitkeys-seghet2025\/31-2\/#queer\">Trans- ja queer-n\u00e4kyvyyden ja n\u00e4kym\u00e4tt\u00f6myyden politiikka \/\/ The politics of trans and queer visibility, <\/a>Voltaire (M 127)<\/p>\n<p>Kl. 11.00\u201312.30, Armfelt (A102)<br \/>\n<strong>Keynote: Desire Lines towards Death<br \/>\n<\/strong>Prof. <a href=\"https:\/\/www.maastrichtuniversity.nl\/ea-steinbock\">Eliza Steinbock<\/a> (chair in Transgender Studies, Art, and Cultural Activism, Maastricht University)<\/p>\n<p>In Isaac Julien\u2019s militant mourning film,\u00a0<i>Looking for Langston<\/i>\u00a0(1989), frame after frame evokes the thin veil that exists between life and death. Mist, smoke trails, gauzy lighting, and cast shadows all direct our attention to the spirits lingering amongst\u00a0the living. Responding to the contemporary crisis of white racism, British imperialism, and AIDS deaths,\u00a0<i>Looking for Langston<\/i>\u00a0conjoins the timespace of 1920s Harlem, New York and 1980s Brixton, London. Physical and psychic orientation in time and space is repeatedly confounded by shifts up and down in camera movement. In this talk I consider the persistent\u00a0thematic of queer and trans artists responding to a moment of political urgency by creating desire lines towards the past and raising the dead. This aesthetic orientation articulates the past historically not to recognize it \u201cthe way it really was,\u201d but inWalter Benjamin\u2019s words, \u201cto seize hold of a memory as it flashes up in a moment of danger\u201d (1968, 255). I speculate that a shared horizon of \u201chistorical justice\u201d underpins formal devices such as reenactment and dream sequences that seek to rework the directionality\u00a0of our political present.<\/p>\n<p>Commentators:<\/p>\n<p class=\"x_p2\"><strong>Kuura Irni: Transecology of Care<\/strong><br \/>\nKuura Irni is\u00a0 Senior Lecturer in Gender Studies at University of Helsinki. Irni&#8217;s current research interests combine trans and queer feminisms, ecofeminisms, critical feminist animal studies, decolonial and intersectional feminisms and feminist technosciencestudies.<\/p>\n<p class=\"x_p2\"><strong>Vilja Jaaksi: The hard work of staying soft<\/strong><br \/>\nVilja Jaaksi is a doctoral researcher in Gender Studies at the University of Turku. Their work examines nonbinary identity and trans communities on social media, and is concerned with the ambivalence and messiness of belonging.<\/p>\n<p>Kl. 12.30-13.30<br \/>\nLunch, p\u00e5 egen bekostad, <a href=\"https:\/\/www.karkafeerna.fi\/en\/lunch\">en restaurang<\/a> finns i Arken (2,95\u20ac studenter, personal och forskare vid \u00c5A 7,70 \u20ac, andra 9,50\u20ac)<\/p>\n<p>Kl. 13.30\u201315.00<br \/>\n<strong>Arbetsgrupper:<\/strong><br \/>\n<a href=\"https:\/\/blogs2.abo.fi\/sitkeys-seghet2025\/31-2\/#crip\">Crip persistence, dammit!, <\/a>Valhall (D 206)<br \/>\n<a href=\"https:\/\/blogs2.abo.fi\/sitkeys-seghet2025\/31-2\/#feminismitalous\">Feminismi, talous ja ekologia, <\/a>Saussure (M 128)<br \/>\n<a href=\"https:\/\/blogs2.abo.fi\/sitkeys-seghet2025\/31-2\/#kieli\">Kielen, sukupuolen ja seksuaalisuuden riste\u00e4mi\u00e4 \/\/ Intersektioner mellan spr\u00e5k, k\u00f6n och sexualitet \/\/ Intersections of language, gender, and sexuality, <\/a>Goethe (L 104)<br \/>\n<a href=\"https:\/\/blogs2.abo.fi\/sitkeys-seghet2025\/31-2\/#materialcare\">Material Care: Rakennusperinn\u00f6n hoidon status ja sukupuoli, <\/a>Simone Weil (M 134)<br \/>\n<a href=\"https:\/\/blogs2.abo.fi\/sitkeys-seghet2025\/31-2\/#miehia\">Miehi\u00e4 ja maskuliinisuuksia \/\/ Men and masculinities, <\/a>Camera Obscura (E 201)<br \/>\n<a href=\"https:\/\/blogs2.abo.fi\/sitkeys-seghet2025\/31-2\/#stigmatisointi\">Sitke\u00e4 stigmatisointi ja feministisen vastarinnan mahdollisuudet, <\/a>Radiatorn (E 101)<br \/>\n<a href=\"https:\/\/blogs2.abo.fi\/sitkeys-seghet2025\/31-2\/#queer\">Trans- ja queer-n\u00e4kyvyyden ja n\u00e4kym\u00e4tt\u00f6myyden politiikka \/\/ The politics of trans and queer visibility, <\/a>Voltaire (M 127)<br \/>\n<a href=\"https:\/\/blogs2.abo.fi\/sitkeys-seghet2025\/31-2\/#urheilu\">Urheilussa sitke\u00e4n\u00e4 pysyv\u00e4t ilmi\u00f6t muuttuvassa yhteiskunnassa \/\/ Gender order and gendered practices in sports, <\/a>Nikander (D 101)<\/p>\n<p>Kl. 15.30\u201317.00, Armfelt (A102)<br \/>\n<strong>Paneldiskussion:<\/strong><\/p>\n<p>Crip perspectives in the field of Gender Studies<\/p>\n<p>This English-language panel discussion will explore the necessity, significance, and potential of crip perspectives in the field of Gender Studies. Hanna V\u00e4\u00e4t\u00e4inen, Touko Vaahtera, and Isa Hukka, who have conducted research at the intersections of crip theory and Gender Studies, will discuss the topic under the guidance of Taru Lepp\u00e4nen. The panel will consider the meanings and dimensions of the term &#8221;crip&#8221; in relation to different linguistic and cultural contexts. In addition, we will consider the methodological possibilities of disability studies from the perspective of our own research. Finally, we will discuss the factors that support or hinder the emergence of crip perspectives in academic knowledge production and more broadly in society.<\/p>\n<p>Academy researcher, PhD Touko Vaahtera, University of Eastern Finland<br \/>\nPhD, artist Hanna V\u00e4\u00e4t\u00e4inen<br \/>\nCrip artist, facilitator and B.Soc.Sc. Isa Hukka<\/p>\n<h3><\/h3>\n<h3 id=\"finska\">Ohjelma 7.11.2025<\/h3>\n<p>Osoite: Arken, \u00c5bo Akademi, Tehtaankatu 2, Turku<br \/>\nArkenin huonekartta l\u00f6ytyy <a href=\"https:\/\/www.abo.fi\/wp-content\/uploads\/2018\/09\/Arkenkarta.pdf\">t\u00e4st\u00e4<\/a>. Huoneet, joiden numero alkaa ykk\u00f6sell\u00e4, sijaitsevat ensimm\u00e4isess\u00e4 kerroksessa, ja huoneet, joiden numero alkaa kakkosella, ovat toisessa kerroksessa.<\/p>\n<p>Ty\u00f6ryhmiin ja esitelmiin voit tutustua <a href=\"https:\/\/blogs2.abo.fi\/sitkeys-seghet2025\/31-2\/\">t\u00e4\u00e4ll\u00e4<\/a>.<\/p>\n<p>Klo 9.00\u201310.30<br \/>\n<strong>Ty\u00f6ryhm\u00e4t:<\/strong><br \/>\n<a href=\"https:\/\/blogs2.abo.fi\/sitkeys-seghet2025\/31-2\/#crip\">Crip persistence, dammit!, <\/a>Valhall (D 206)<br \/>\n<a href=\"https:\/\/blogs2.abo.fi\/sitkeys-seghet2025\/31-2\/#feminismitalous\">Feminismi, talous ja ekologia, <\/a>Saussure (M 128)<br \/>\n<a href=\"https:\/\/blogs2.abo.fi\/sitkeys-seghet2025\/31-2\/#opettajuus\">Feministinen opettajuus ja ymp\u00e4rist\u00f6kriisit, <\/a>Simone Weil (M 134)<br \/>\n<a href=\"https:\/\/blogs2.abo.fi\/sitkeys-seghet2025\/31-2\/#henkinen\">Henkinen v\u00e4kivalta \u2013 sitke\u00e4 ja vaikeasti tunnistettavissa oleva ongelma, <\/a>Goethe (L 104)<br \/>\n<a href=\"https:\/\/blogs2.abo.fi\/sitkeys-seghet2025\/31-2\/#miehia\">Miehi\u00e4 ja maskuliinisuuksia, <\/a>Camera Obscura (E 201)<br \/>\n<a href=\"https:\/\/blogs2.abo.fi\/sitkeys-seghet2025\/31-2\/#mothering\">Sitkeys \u00e4itiyden kulttuurisena kokemuksena \/\/ Persistence as a Cultural Experience of Mothering, <\/a>Nikander (D 101)<br \/>\n<a href=\"https:\/\/blogs2.abo.fi\/sitkeys-seghet2025\/31-2\/#stigmatisointi\">Sitke\u00e4 stigmatisointi ja feministisen vastarinnan mahdollisuudet, <\/a>Radiatorn (E 101)<br \/>\n<a href=\"https:\/\/blogs2.abo.fi\/sitkeys-seghet2025\/31-2\/#queer\">Trans- ja queer-n\u00e4kyvyyden ja n\u00e4kym\u00e4tt\u00f6myyden politiikka \/\/ The politics of trans and queer visibility, <\/a>Voltaire (M 127)<\/p>\n<p>Kl. 11.00\u201312.30, Armfelt (A102)<br \/>\n<strong>Keynote: Desire Lines towards Death<br \/>\n<\/strong>Prof. <a href=\"https:\/\/www.maastrichtuniversity.nl\/ea-steinbock\">Eliza Steinbock<\/a> (chair in Transgender Studies, Art, and Cultural Activism, Maastricht University)<\/p>\n<p>In Isaac Julien\u2019s militant mourning film,\u00a0<i>Looking for Langston<\/i>\u00a0(1989), frame after frame evokes the thin veil that exists between life and death. Mist, smoke trails, gauzy lighting, and cast shadows all direct our attention to the spirits lingering amongst\u00a0the living. Responding to the contemporary crisis of white racism, British imperialism, and AIDS deaths,\u00a0<i>Looking for Langston<\/i>\u00a0conjoins the timespace of 1920s Harlem, New York and 1980s Brixton, London. Physical and psychic orientation in time and space is repeatedly confounded by shifts up and down in camera movement. In this talk I consider the persistent\u00a0thematic of queer and trans artists responding to a moment of political urgency by creating desire lines towards the past and raising the dead. This aesthetic orientation articulates the past historically not to recognize it \u201cthe way it really was,\u201d but inWalter Benjamin\u2019s words, \u201cto seize hold of a memory as it flashes up in a moment of danger\u201d (1968, 255). I speculate that a shared horizon of \u201chistorical justice\u201d underpins formal devices such as reenactment and dream sequences that seek to rework the directionality\u00a0of our political present.<\/p>\n<p>Commentators:<\/p>\n<p class=\"x_p2\"><strong>Kuura Irni: Transecology of Care<\/strong><br \/>\nKuura Irni is\u00a0 Senior Lecturer in Gender Studies at University of Helsinki. Irni&#8217;s current research interests combine trans and queer feminisms, ecofeminisms, critical feminist animal studies, decolonial and intersectional feminisms and feminist technosciencestudies.<\/p>\n<p class=\"x_p2\"><strong>Vilja Jaaksi: The hard work of staying soft<\/strong><br \/>\nVilja Jaaksi is a doctoral researcher in Gender Studies at the University of Turku. Their work examines nonbinary identity and trans communities on social media, and is concerned with the ambivalence and messiness of belonging.<\/p>\n<p>Klo 12.30-13.30<br \/>\nLounas, omakustanteinen. Arkenissa sijaitsee <a href=\"https:\/\/www.karkafeerna.fi\/en\/lunch\">ravintola<\/a>. Hinnat: opiskelijat 2,95 \u20ac, \u00c5bo Akademin henkil\u00f6kunta ja tutkijat 7,70 \u20ac, muut 9,50 \u20ac.<\/p>\n<p>Klo 13.30\u201315.00<br \/>\n<strong>Ty\u00f6ryhm\u00e4t:<\/strong><br \/>\n<a href=\"https:\/\/blogs2.abo.fi\/sitkeys-seghet2025\/31-2\/#crip\">Crip persistence, dammit!, <\/a>Valhall (D 206)<br \/>\n<a href=\"https:\/\/blogs2.abo.fi\/sitkeys-seghet2025\/31-2\/#feminismitalous\">Feminismi, talous ja ekologia, <\/a>Saussure (M 128)<br \/>\n<a href=\"https:\/\/blogs2.abo.fi\/sitkeys-seghet2025\/31-2\/#kieli\">Kielen, sukupuolen ja seksuaalisuuden riste\u00e4mi\u00e4 \/\/ Intersektioner mellan spr\u00e5k, k\u00f6n och sexualitet \/\/ Intersections of language, gender, and sexuality, <\/a>Goethe (L 104)<br \/>\n<a href=\"https:\/\/blogs2.abo.fi\/sitkeys-seghet2025\/31-2\/#materialcare\">Material Care: Rakennusperinn\u00f6n hoidon status ja sukupuoli, <\/a>Simone Weil (M 134)<br \/>\n<a href=\"https:\/\/blogs2.abo.fi\/sitkeys-seghet2025\/31-2\/#miehia\">Miehi\u00e4 ja maskuliinisuuksia \/\/ Men and masculinities, <\/a>Camera Obscura (E 201)<br \/>\n<a href=\"https:\/\/blogs2.abo.fi\/sitkeys-seghet2025\/31-2\/#stigmatisointi\">Sitke\u00e4 stigmatisointi ja feministisen vastarinnan mahdollisuudet, <\/a>Radiatorn (E 101)<br \/>\n<a href=\"https:\/\/blogs2.abo.fi\/sitkeys-seghet2025\/31-2\/#queer\">Trans- ja queer-n\u00e4kyvyyden ja n\u00e4kym\u00e4tt\u00f6myyden politiikka \/\/ The politics of trans and queer visibility, <\/a>Voltaire (M 127)<br \/>\n<a href=\"https:\/\/blogs2.abo.fi\/sitkeys-seghet2025\/31-2\/#urheilu\">Urheilussa sitke\u00e4n\u00e4 pysyv\u00e4t ilmi\u00f6t muuttuvassa yhteiskunnassa \/\/ Gender order and gendered practices in sports, <\/a>Nikander (D 101)<\/p>\n<p>Klo 15.30\u201317.00, Armfelt (A102)<br \/>\n<strong>Paneelikeskustelu:<\/strong><\/p>\n<p>Crip perspectives in the field of Gender Studies<\/p>\n<p>This English-language panel discussion will explore the necessity, significance, and potential of crip perspectives in the field of Gender Studies. Hanna V\u00e4\u00e4t\u00e4inen, Touko Vaahtera, and Isa Hukka, who have conducted research at the intersections of crip theory and Gender Studies, will discuss the topic under the guidance of Taru Lepp\u00e4nen. The panel will consider the meanings and dimensions of the term &#8221;crip&#8221; in relation to different linguistic and cultural contexts. In addition, we will consider the methodological possibilities of disability studies from the perspective of our own research. Finally, we will discuss the factors that support or hinder the emergence of crip perspectives in academic knowledge production and more broadly in society.<\/p>\n<p>Academy researcher, PhD Touko Vaahtera, University of Eastern Finland<br \/>\nPhD, artist Hanna V\u00e4\u00e4t\u00e4inen<br \/>\nCrip artist, facilitator and B.Soc.Sc. Isa Hukka<\/p>\n<p>&nbsp;<\/p>\n<h3 id=\"engelska\">Programme 7.11.2025<\/h3>\n<p>Venua: Arken, \u00c5bo Akademi University, Tehtaankatu 2, Turku<br \/>\nYou can find a map of the rooms in Arken <a href=\"https:\/\/www.abo.fi\/wp-content\/uploads\/2018\/09\/Arkenkarta.pdf\">here<\/a>. Rooms with a room number beginning with 1 are located on the first floor, and rooms with a number beginning with 2 are on the second floor.<\/p>\n<p>A more precise programme will be published later. You find the working groups and paper abstracts <a href=\"https:\/\/blogs2.abo.fi\/sitkeys-seghet2025\/31-2\/\">here<\/a>.<\/p>\n<p>9.00\u201310.30<br \/>\n<strong>Working groups:<\/strong><br \/>\n<a href=\"https:\/\/blogs2.abo.fi\/sitkeys-seghet2025\/31-2\/#crip\">Crip persistence, dammit!, <\/a>Valhall (D 206)<br \/>\n<a href=\"https:\/\/blogs2.abo.fi\/sitkeys-seghet2025\/31-2\/#feminismitalous\">Feminismi, talous ja ekologia, <\/a>Saussure (M 128)<br \/>\n<a href=\"https:\/\/blogs2.abo.fi\/sitkeys-seghet2025\/31-2\/#opettajuus\">Feministinen opettajuus ja ymp\u00e4rist\u00f6kriisit, <\/a>Simone Weil (M 134)<br \/>\n<a href=\"https:\/\/blogs2.abo.fi\/sitkeys-seghet2025\/31-2\/#henkinen\">Henkinen v\u00e4kivalta \u2013 sitke\u00e4 ja vaikeasti tunnistettavissa oleva ongelma, <\/a>Goethe (L 104)<br \/>\n<a href=\"https:\/\/blogs2.abo.fi\/sitkeys-seghet2025\/31-2\/#miehia\">Miehi\u00e4 ja maskuliinisuuksia, <\/a>Camera Obscura (E 201)<br \/>\n<a href=\"https:\/\/blogs2.abo.fi\/sitkeys-seghet2025\/31-2\/#mothering\">Sitkeys \u00e4itiyden kulttuurisena kokemuksena \/\/ Persistence as a Cultural Experience of Mothering, <\/a>Nikander (D 101)<br \/>\n<a href=\"https:\/\/blogs2.abo.fi\/sitkeys-seghet2025\/31-2\/#stigmatisointi\">Sitke\u00e4 stigmatisointi ja feministisen vastarinnan mahdollisuudet, <\/a>Radiatorn (E 101)<br \/>\n<a href=\"https:\/\/blogs2.abo.fi\/sitkeys-seghet2025\/31-2\/#queer\">Trans- ja queer-n\u00e4kyvyyden ja n\u00e4kym\u00e4tt\u00f6myyden politiikka \/\/ The politics of trans and queer visibility, <\/a>Voltaire (M 127)<\/p>\n<p>Kl. 11.00\u201312.30, Armfelt (A102)<br \/>\n<strong>Keynote: Desire Lines towards Death<br \/>\n<\/strong>Prof. <a href=\"https:\/\/www.maastrichtuniversity.nl\/ea-steinbock\">Eliza Steinbock<\/a> (chair in Transgender Studies, Art, and Cultural Activism, Maastricht University)<\/p>\n<p>In Isaac Julien\u2019s militant mourning film,\u00a0<i>Looking for Langston<\/i>\u00a0(1989), frame after frame evokes the thin veil that exists between life and death. Mist, smoke trails, gauzy lighting, and cast shadows all direct our attention to the spirits lingering amongst\u00a0the living. Responding to the contemporary crisis of white racism, British imperialism, and AIDS deaths,\u00a0<i>Looking for Langston<\/i>\u00a0conjoins the timespace of 1920s Harlem, New York and 1980s Brixton, London. Physical and psychic orientation in time and space is repeatedly confounded by shifts up and down in camera movement. In this talk I consider the persistent\u00a0thematic of queer and trans artists responding to a moment of political urgency by creating desire lines towards the past and raising the dead. This aesthetic orientation articulates the past historically not to recognize it \u201cthe way it really was,\u201d but inWalter Benjamin\u2019s words, \u201cto seize hold of a memory as it flashes up in a moment of danger\u201d (1968, 255). I speculate that a shared horizon of \u201chistorical justice\u201d underpins formal devices such as reenactment and dream sequences that seek to rework the directionality\u00a0of our political present.<\/p>\n<p>Commentators:<\/p>\n<p class=\"x_p2\"><strong>Kuura Irni: Transecology of Care<\/strong><br \/>\nKuura Irni is\u00a0 Senior Lecturer in Gender Studies at University of Helsinki. Irni&#8217;s current research interests combine trans and queer feminisms, ecofeminisms, critical feminist animal studies, decolonial and intersectional feminisms and feminist technosciencestudies.<\/p>\n<p class=\"x_p2\"><strong>Vilja Jaaksi: The hard work of staying soft<\/strong><br \/>\nVilja Jaaksi is a doctoral researcher in Gender Studies at the University of Turku. Their work examines nonbinary identity and trans communities on social media, and is concerned with the ambivalence and messiness of belonging.<\/p>\n<p>12.30\u201313.30<br \/>\nLunch at own expense, <a href=\"https:\/\/www.karkafeerna.fi\/en\/lunch\">a restaurant<\/a> is located in Arken (2,95\u20ac for students, staff and researchers at \u00c5AU 7,70 \u20ac, others 9,50\u20ac)<\/p>\n<p>13.30\u201315.00<br \/>\n<strong>Working groups:<\/strong><br \/>\n<a href=\"https:\/\/blogs2.abo.fi\/sitkeys-seghet2025\/31-2\/#crip\">Crip persistence, dammit!, <\/a>Valhall (D 206)<br \/>\n<a href=\"https:\/\/blogs2.abo.fi\/sitkeys-seghet2025\/31-2\/#feminismitalous\">Feminismi, talous ja ekologia, <\/a>Saussure (M 128)<br \/>\n<a href=\"https:\/\/blogs2.abo.fi\/sitkeys-seghet2025\/31-2\/#kieli\">Kielen, sukupuolen ja seksuaalisuuden riste\u00e4mi\u00e4 \/\/ Intersektioner mellan spr\u00e5k, k\u00f6n och sexualitet \/\/ Intersections of language, gender, and sexuality, <\/a>Goethe (L 104)<br \/>\n<a href=\"https:\/\/blogs2.abo.fi\/sitkeys-seghet2025\/31-2\/#materialcare\">Material Care: Rakennusperinn\u00f6n hoidon status ja sukupuoli, <\/a>Simone Weil (M 134)<br \/>\n<a href=\"https:\/\/blogs2.abo.fi\/sitkeys-seghet2025\/31-2\/#miehia\">Miehi\u00e4 ja maskuliinisuuksia \/\/ Men and masculinities, <\/a>Camera Obscura (E 201)<br \/>\n<a href=\"https:\/\/blogs2.abo.fi\/sitkeys-seghet2025\/31-2\/#stigmatisointi\">Sitke\u00e4 stigmatisointi ja feministisen vastarinnan mahdollisuudet, <\/a>Radiatorn (E 101)<br \/>\n<a href=\"https:\/\/blogs2.abo.fi\/sitkeys-seghet2025\/31-2\/#queer\">Trans- ja queer-n\u00e4kyvyyden ja n\u00e4kym\u00e4tt\u00f6myyden politiikka \/\/ The politics of trans and queer visibility, <\/a>Voltaire (M 127)<br \/>\n<a href=\"https:\/\/blogs2.abo.fi\/sitkeys-seghet2025\/31-2\/#urheilu\">Urheilussa sitke\u00e4n\u00e4 pysyv\u00e4t ilmi\u00f6t muuttuvassa yhteiskunnassa \/\/ Gender order and gendered practices in sports, <\/a>Nikander (D 101)<\/p>\n<p>15.30\u201317.00, Armfelt (A102)<br \/>\n<strong>Panel discussion:<\/strong><\/p>\n<p>Crip perspectives in the field of Gender Studies<\/p>\n<p>This English-language panel discussion will explore the necessity, significance, and potential of crip perspectives in the field of Gender Studies. Hanna V\u00e4\u00e4t\u00e4inen, Touko Vaahtera, and Isa Hukka, who have conducted research at the intersections of crip theory and Gender Studies, will discuss the topic under the guidance of Taru Lepp\u00e4nen. The panel will consider the meanings and dimensions of the term &#8221;crip&#8221; in relation to different linguistic and cultural contexts. In addition, we will consider the methodological possibilities of disability studies from the perspective of our own research. Finally, we will discuss the factors that support or hinder the emergence of crip perspectives in academic knowledge production and more broadly in society.<\/p>\n<p>Academy researcher, PhD Touko Vaahtera, University of Eastern Finland<br \/>\nPhD, artist Hanna V\u00e4\u00e4t\u00e4inen<br \/>\nCrip artist, facilitator and B.Soc.Sc. Isa Hukka<\/p>\n<p>&nbsp;<\/p>\n","protected":false},"excerpt":{"rendered":"<p>P\u00e5 svenska | Suomeksi | In English Program 7.11.2025 Adress: Arken, \u00c5bo Akademi, Fabriksgatan 2, \u00c5bo Du hittar karta \u00f6ver Arkens rum h\u00e4r. Du kan bekanta dig med arbetsgrupper och f\u00f6redrag h\u00e4r. Kl. 9.00\u201310.30 Arbetsgrupper: Crip persistence, dammit!, Valhall (D 206) Feminismi, talous ja ekologia, Saussure (M 128) Feministinen opettajuus ja ymp\u00e4rist\u00f6kriisit, Simone Weil (M [&hellip;]<\/p>\n","protected":false},"author":523,"featured_media":0,"parent":0,"menu_order":0,"comment_status":"closed","ping_status":"closed","template":"","meta":{"footnotes":""},"class_list":["post-26","page","type-page","status-publish","hentry"],"_links":{"self":[{"href":"https:\/\/blogs2.abo.fi\/sitkeys-seghet2025\/wp-json\/wp\/v2\/pages\/26","targetHints":{"allow":["GET"]}}],"collection":[{"href":"https:\/\/blogs2.abo.fi\/sitkeys-seghet2025\/wp-json\/wp\/v2\/pages"}],"about":[{"href":"https:\/\/blogs2.abo.fi\/sitkeys-seghet2025\/wp-json\/wp\/v2\/types\/page"}],"author":[{"embeddable":true,"href":"https:\/\/blogs2.abo.fi\/sitkeys-seghet2025\/wp-json\/wp\/v2\/users\/523"}],"replies":[{"embeddable":true,"href":"https:\/\/blogs2.abo.fi\/sitkeys-seghet2025\/wp-json\/wp\/v2\/comments?post=26"}],"version-history":[{"count":29,"href":"https:\/\/blogs2.abo.fi\/sitkeys-seghet2025\/wp-json\/wp\/v2\/pages\/26\/revisions"}],"predecessor-version":[{"id":165,"href":"https:\/\/blogs2.abo.fi\/sitkeys-seghet2025\/wp-json\/wp\/v2\/pages\/26\/revisions\/165"}],"wp:attachment":[{"href":"https:\/\/blogs2.abo.fi\/sitkeys-seghet2025\/wp-json\/wp\/v2\/media?parent=26"}],"curies":[{"name":"wp","href":"https:\/\/api.w.org\/{rel}","templated":true}]}}