{"id":167,"date":"2025-10-29T11:08:05","date_gmt":"2025-10-29T11:08:05","guid":{"rendered":"https:\/\/blogs2.abo.fi\/sitkeys-seghet2025\/?page_id=167"},"modified":"2025-11-06T12:37:33","modified_gmt":"2025-11-06T12:37:33","slug":"tillganglighet-accessibility-saavutettavuus","status":"publish","type":"page","link":"https:\/\/blogs2.abo.fi\/sitkeys-seghet2025\/tillganglighet-accessibility-saavutettavuus\/","title":{"rendered":"Tillg\u00e4nglighet Accessibility Saavutettavuus"},"content":{"rendered":"<p><strong>Ankomst till Arken<\/strong><br \/>\nAnkomst sker via <strong>Fabriksgatan 2<\/strong>, d\u00e4r det ocks\u00e5 finns gatuparkeringsplatser. Det finns <strong>ingen reserverad parkeringsplats f\u00f6r personer med funktionsneds\u00e4ttning<\/strong>. Genom g\u00e5rdsporten och rakt \u00f6ver g\u00e5rden n\u00e5s <strong>huvuding\u00e5ngen till Arken<\/strong>, som leder till aulan, garderoben, wc, restaurangen, auditoriet Armfelt samt alla grupprum.<\/p>\n<p><strong>Arken<\/strong><\/p>\n<p>Vissa mindre grupprum ligger bakom d\u00f6rrar och korridorer, d\u00e4r <strong>samtliga d\u00f6rrposter har tr\u00f6sklar<\/strong>.<\/p>\n<p><strong>Auditoriet Armfelt<\/strong><br \/>\nAuditoriet har en <strong>trappa med lutning<\/strong> ner mot de l\u00e4gre sittraderna. De <strong>\u00f6versta raderna<\/strong> ligger p\u00e5 samma niv\u00e5 som ing\u00e5ngen och \u00e4r tillg\u00e4ngliga via ramp.<br \/>\nDet finns \u00e4ven en <strong>alternativ rutt till den nedersta raden<\/strong> via hiss till k\u00e4llarv\u00e5ningen och en kort g\u00e5ngv\u00e4g till auditoriets nedre ing\u00e5ng.<br \/>\nAuditoriet Armfelt \u00e4r utrustat med <strong>h\u00f6rslinga<\/strong>.<\/p>\n<p><strong>Restaurang och vilorum<\/strong><br \/>\nRestaurangen i Arken \u00e4r <strong>tillg\u00e4nglig<\/strong>.<br \/>\nEtt <strong>vilorum<\/strong> (B310) finns p\u00e5 <strong>v\u00e5ning 3<\/strong> och n\u00e5s med hiss.<\/p>\n<p>Om du har fr\u00e5gor g\u00e4llande tillg\u00e4nglighet, kontakta Tom Gr\u00f6nroos:<\/p>\n<div class=\"wp-block-group contacts_email is-nowrap is-layout-flex wp-container-core-group-is-layout-0e233f1e wp-block-group-is-layout-flex\">\n<p class=\"has-accent-9-color has-text-color has-link-color has-normal-font-size wp-elements-0b0cb8f61a11c1432f7dc614a045bcbc\"><a class=\"contact-email-link\" href=\"mailto:tom.gronroos@abo.fi\">tom.gronroos@abo.fi<\/a><\/p>\n<\/div>\n<div class=\"wp-block-group contacts_phone is-nowrap is-layout-flex wp-container-core-group-is-layout-0e233f1e wp-block-group-is-layout-flex\">\n<figure class=\"wp-block-image size-full is-resized has-svg-color-accent-6\"><\/figure>\n<p class=\"has-normal-font-size\">+358 504080882<\/p>\n<\/div>\n<p>&#8212;-<\/p>\n<p>&nbsp;<\/p>\n<p><strong>Saavutettavuus<\/strong><\/p>\n<p><strong>Saapuminen Arkeniin<\/strong><br \/>\nSaapuminen tapahtuu <strong>Tehtaankatu 2:n<\/strong> kautta, miss\u00e4 on my\u00f6s kadunvarsipaikkoja. <strong>Erillist\u00e4 invapaikkaa ei ole.<\/strong> Pihan portista ja pihan poikki kulkemalla saavutetaan <strong>Arkenin p\u00e4\u00e4sis\u00e4\u00e4nk\u00e4ynti<\/strong>, josta on yhteys aulaan, vaates\u00e4ilytykseen, wc-tiloihin, ravintolaan, Armfelt-auditorioon sek\u00e4 kaikkiin ryhm\u00e4huoneisiin 1. kerroksessa.<\/p>\n<p><strong>Arken<\/strong><br \/>\nOsa pienemmist\u00e4 ryhm\u00e4huoneista on ovien ja k\u00e4yt\u00e4vien takana, ja <strong>kaikkien oviaukkojen kohdalla on kynnyksi\u00e4.<\/strong><\/p>\n<p><strong>Armfelt-auditorio<\/strong><br \/>\nAuditoriossa on <strong>portaat, jotka laskevat<\/strong> kohti alempia istuinrivej\u00e4. <strong>Ylimm\u00e4t rivit<\/strong> ovat samalla tasolla kuin sis\u00e4\u00e4nk\u00e4ynti, ja niihin p\u00e4\u00e4see <strong>ramppia pitkin.<\/strong><br \/>\n<strong>Vaihtoehtoinen reitti alimmalle riville<\/strong> kulkee hissill\u00e4 kellarikerrokseen ja sielt\u00e4 lyhytt\u00e4 k\u00e4yt\u00e4v\u00e4\u00e4 pitkin auditorion alaosaan.<br \/>\nArmfelt-auditoriossa on <strong>kuulosilmukka (induktiosilmukka).<\/strong><\/p>\n<p><strong>Ravintola ja lepotila<\/strong><br \/>\nArkenin ravintola on <strong>esteet\u00f6n<\/strong>.<br \/>\n<strong>Lepotila (B310)<\/strong> sijaitsee <strong>3. kerroksessa<\/strong> ja on saavutettavissa hissill\u00e4.<\/p>\n<p>Jos sinulla on kysytt\u00e4v\u00e4\u00e4 saavutettavuudesta, ota yhteytt\u00e4 Tom Gr\u00f6nroosiin:<\/p>\n<div class=\"wp-block-group contacts_email is-nowrap is-layout-flex wp-container-core-group-is-layout-0e233f1e wp-block-group-is-layout-flex\">\n<p class=\"has-accent-9-color has-text-color has-link-color has-normal-font-size wp-elements-0b0cb8f61a11c1432f7dc614a045bcbc\"><a class=\"contact-email-link\" href=\"mailto:tom.gronroos@abo.fi\">tom.gronroos@abo.fi<\/a><\/p>\n<\/div>\n<div class=\"wp-block-group contacts_phone is-nowrap is-layout-flex wp-container-core-group-is-layout-0e233f1e wp-block-group-is-layout-flex\">\n<figure class=\"wp-block-image size-full is-resized has-svg-color-accent-6\"><\/figure>\n<p class=\"has-normal-font-size\">+358 504080882<\/p>\n<\/div>\n<p><strong>Accessibility<\/strong><\/p>\n<p><strong>Arrival at Arken<\/strong><br \/>\nArrival is via <strong>Fabriksgatan 2<\/strong>, where street parking spaces are available. <strong>No designated accessible parking space<\/strong> is provided. Through the courtyard gate and straight across the yard, you reach the <strong>main entrance to Arken<\/strong>, which leads to the lobby, cloakroom, restrooms, restaurant, the Armfelt Auditorium, and all group rooms on the first floor.<\/p>\n<p><strong>Arken<\/strong><br \/>\nAll conference facilities are located <strong>on the same level (first floor)<\/strong>.<br \/>\nSome of the smaller group rooms are located behind doors and corridors, where <strong>all doorways have thresholds.<\/strong><\/p>\n<p><strong>Armfelt Auditorium<\/strong><br \/>\nThe auditorium has a <strong>set of stairs descending<\/strong> toward the lower seating rows. The <strong>uppermost rows<\/strong> are on the same level as the entrance and are accessible via a <strong>ramp<\/strong>.<br \/>\nThere is also an <strong>alternative route to the first (lowest) row<\/strong>, accessible by elevator to the basement level and a short walkway to the lower entrance of the auditorium.<br \/>\nThe Armfelt Auditorium is equipped with a <strong>hearing loop system.<\/strong><\/p>\n<p><strong>Restaurant and Rest Room<\/strong><br \/>\nThe restaurant in Arken is <strong>accessible<\/strong>.<br \/>\nA <strong>rest room (B310)<\/strong> is located on the <strong>third floor<\/strong> and can be reached by elevator.<\/p>\n<p>If you have questions about accessibility, please contact Tom Gr\u00f6nroos:<\/p>\n<div class=\"wp-block-group contacts_email is-nowrap is-layout-flex wp-container-core-group-is-layout-0e233f1e wp-block-group-is-layout-flex\">\n<p class=\"has-accent-9-color has-text-color has-link-color has-normal-font-size wp-elements-0b0cb8f61a11c1432f7dc614a045bcbc\"><a class=\"contact-email-link\" href=\"mailto:tom.gronroos@abo.fi\">tom.gronroos@abo.fi<\/a><\/p>\n<\/div>\n<div class=\"wp-block-group contacts_phone is-nowrap is-layout-flex wp-container-core-group-is-layout-0e233f1e wp-block-group-is-layout-flex\">\n<figure class=\"wp-block-image size-full is-resized has-svg-color-accent-6\"><\/figure>\n<p class=\"has-normal-font-size\">+358 504080882<\/p>\n<\/div>\n","protected":false},"excerpt":{"rendered":"<p>Ankomst till Arken Ankomst sker via Fabriksgatan 2, d\u00e4r det ocks\u00e5 finns gatuparkeringsplatser. Det finns ingen reserverad parkeringsplats f\u00f6r personer med funktionsneds\u00e4ttning. Genom g\u00e5rdsporten och rakt \u00f6ver g\u00e5rden n\u00e5s huvuding\u00e5ngen till Arken, som leder till aulan, garderoben, wc, restaurangen, auditoriet Armfelt samt alla grupprum. Arken Vissa mindre grupprum ligger bakom d\u00f6rrar och korridorer, d\u00e4r samtliga [&hellip;]<\/p>\n","protected":false},"author":1018,"featured_media":0,"parent":0,"menu_order":0,"comment_status":"closed","ping_status":"closed","template":"","meta":{"footnotes":""},"class_list":["post-167","page","type-page","status-publish","hentry"],"_links":{"self":[{"href":"https:\/\/blogs2.abo.fi\/sitkeys-seghet2025\/wp-json\/wp\/v2\/pages\/167","targetHints":{"allow":["GET"]}}],"collection":[{"href":"https:\/\/blogs2.abo.fi\/sitkeys-seghet2025\/wp-json\/wp\/v2\/pages"}],"about":[{"href":"https:\/\/blogs2.abo.fi\/sitkeys-seghet2025\/wp-json\/wp\/v2\/types\/page"}],"author":[{"embeddable":true,"href":"https:\/\/blogs2.abo.fi\/sitkeys-seghet2025\/wp-json\/wp\/v2\/users\/1018"}],"replies":[{"embeddable":true,"href":"https:\/\/blogs2.abo.fi\/sitkeys-seghet2025\/wp-json\/wp\/v2\/comments?post=167"}],"version-history":[{"count":3,"href":"https:\/\/blogs2.abo.fi\/sitkeys-seghet2025\/wp-json\/wp\/v2\/pages\/167\/revisions"}],"predecessor-version":[{"id":182,"href":"https:\/\/blogs2.abo.fi\/sitkeys-seghet2025\/wp-json\/wp\/v2\/pages\/167\/revisions\/182"}],"wp:attachment":[{"href":"https:\/\/blogs2.abo.fi\/sitkeys-seghet2025\/wp-json\/wp\/v2\/media?parent=167"}],"curies":[{"name":"wp","href":"https:\/\/api.w.org\/{rel}","templated":true}]}}