{"id":139,"date":"2025-06-27T07:39:54","date_gmt":"2025-06-27T07:39:54","guid":{"rendered":"https:\/\/blogs2.abo.fi\/sitkeys-seghet2025\/?page_id=139"},"modified":"2025-09-26T09:32:10","modified_gmt":"2025-09-26T09:32:10","slug":"registration","status":"publish","type":"page","link":"https:\/\/blogs2.abo.fi\/sitkeys-seghet2025\/registration\/","title":{"rendered":"Registration"},"content":{"rendered":"<p>Konferenser har inte konferensavgift eller registrering. Alla \u00e4r v\u00e4lkomna. V\u00e4nligen f\u00f6lj hemsidan f\u00f6r information om plats, tid och program.<\/p>\n<p>Konferenssiin ei ole osallistumismaksua eik\u00e4 ilmoittautumista. Kaikki ovat tervetulleita. Seuraa verkkosivustoa saadaksesi tietoa paikasta, ajasta ja ohjelmasta.<\/p>\n<p>There is no conference fee or registration required. Everyone is welcome. Please follow the website for information about location, time and programme.<\/p>\n","protected":false},"excerpt":{"rendered":"<p>Konferenser har inte konferensavgift eller registrering. Alla \u00e4r v\u00e4lkomna. V\u00e4nligen f\u00f6lj hemsidan f\u00f6r information om plats, tid och program. Konferenssiin ei ole osallistumismaksua eik\u00e4 ilmoittautumista. Kaikki ovat tervetulleita. Seuraa verkkosivustoa saadaksesi tietoa paikasta, ajasta ja ohjelmasta. There is no conference fee or registration required. Everyone is welcome. Please follow the website for information about location, [&hellip;]<\/p>\n","protected":false},"author":981,"featured_media":0,"parent":0,"menu_order":0,"comment_status":"closed","ping_status":"closed","template":"","meta":{"footnotes":""},"class_list":["post-139","page","type-page","status-publish","hentry"],"_links":{"self":[{"href":"https:\/\/blogs2.abo.fi\/sitkeys-seghet2025\/wp-json\/wp\/v2\/pages\/139","targetHints":{"allow":["GET"]}}],"collection":[{"href":"https:\/\/blogs2.abo.fi\/sitkeys-seghet2025\/wp-json\/wp\/v2\/pages"}],"about":[{"href":"https:\/\/blogs2.abo.fi\/sitkeys-seghet2025\/wp-json\/wp\/v2\/types\/page"}],"author":[{"embeddable":true,"href":"https:\/\/blogs2.abo.fi\/sitkeys-seghet2025\/wp-json\/wp\/v2\/users\/981"}],"replies":[{"embeddable":true,"href":"https:\/\/blogs2.abo.fi\/sitkeys-seghet2025\/wp-json\/wp\/v2\/comments?post=139"}],"version-history":[{"count":3,"href":"https:\/\/blogs2.abo.fi\/sitkeys-seghet2025\/wp-json\/wp\/v2\/pages\/139\/revisions"}],"predecessor-version":[{"id":150,"href":"https:\/\/blogs2.abo.fi\/sitkeys-seghet2025\/wp-json\/wp\/v2\/pages\/139\/revisions\/150"}],"wp:attachment":[{"href":"https:\/\/blogs2.abo.fi\/sitkeys-seghet2025\/wp-json\/wp\/v2\/media?parent=139"}],"curies":[{"name":"wp","href":"https:\/\/api.w.org\/{rel}","templated":true}]}}