{"id":134,"date":"2025-06-27T07:31:20","date_gmt":"2025-06-27T07:31:20","guid":{"rendered":"https:\/\/blogs2.abo.fi\/sitkeys-seghet2025\/?page_id=134"},"modified":"2025-10-06T10:05:16","modified_gmt":"2025-10-06T10:05:16","slug":"keynote-speaker-panelists","status":"publish","type":"page","link":"https:\/\/blogs2.abo.fi\/sitkeys-seghet2025\/keynote-speaker-panelists\/","title":{"rendered":"Keynote speaker | Panelists"},"content":{"rendered":"<h4>Keynote speaker and commentators:<\/h4>\n<p>Prof.\u00a0<a href=\"https:\/\/www.maastrichtuniversity.nl\/ea-steinbock\">Eliza Steinbock<\/a>\u00a0(chair in Transgender Studies, Art, and Cultural Activism, Maastricht University)<\/p>\n<p>Commentators:<br \/>\nKuura Irni, Senior Lecturer in Gender Studies at University of Helsinki. Irni&#8217;s current research interests combine trans and queer feminisms, ecofeminisms, critical feminist animal studies, decolonial and intersectional feminisms and feminist technosciencestudies.<\/p>\n<p class=\"x_p2\">Vilja Jaaksi, doctoral researcher in Gender Studies at the University of Turku. Their work examines nonbinary identity and trans communities on social media, and is concerned with the ambivalence and messiness of belonging.<\/p>\n<h4>Panelists:<\/h4>\n<p>Academy researcher, PhD Touko Vaahtera, University of Eastern Finland<br \/>\nPhD, artist Hanna V\u00e4\u00e4t\u00e4inen<br \/>\nCrip artist, facilitator and B.Soc.Sc. Isa Hukka<\/p>\n","protected":false},"excerpt":{"rendered":"<p>Keynote speaker and commentators: Prof.\u00a0Eliza Steinbock\u00a0(chair in Transgender Studies, Art, and Cultural Activism, Maastricht University) Commentators: Kuura Irni, Senior Lecturer in Gender Studies at University of Helsinki. Irni&#8217;s current research interests combine trans and queer feminisms, ecofeminisms, critical feminist animal studies, decolonial and intersectional feminisms and feminist technosciencestudies. Vilja Jaaksi, doctoral researcher in Gender Studies [&hellip;]<\/p>\n","protected":false},"author":981,"featured_media":0,"parent":0,"menu_order":0,"comment_status":"closed","ping_status":"closed","template":"","meta":{"footnotes":""},"class_list":["post-134","page","type-page","status-publish","hentry"],"_links":{"self":[{"href":"https:\/\/blogs2.abo.fi\/sitkeys-seghet2025\/wp-json\/wp\/v2\/pages\/134","targetHints":{"allow":["GET"]}}],"collection":[{"href":"https:\/\/blogs2.abo.fi\/sitkeys-seghet2025\/wp-json\/wp\/v2\/pages"}],"about":[{"href":"https:\/\/blogs2.abo.fi\/sitkeys-seghet2025\/wp-json\/wp\/v2\/types\/page"}],"author":[{"embeddable":true,"href":"https:\/\/blogs2.abo.fi\/sitkeys-seghet2025\/wp-json\/wp\/v2\/users\/981"}],"replies":[{"embeddable":true,"href":"https:\/\/blogs2.abo.fi\/sitkeys-seghet2025\/wp-json\/wp\/v2\/comments?post=134"}],"version-history":[{"count":3,"href":"https:\/\/blogs2.abo.fi\/sitkeys-seghet2025\/wp-json\/wp\/v2\/pages\/134\/revisions"}],"predecessor-version":[{"id":154,"href":"https:\/\/blogs2.abo.fi\/sitkeys-seghet2025\/wp-json\/wp\/v2\/pages\/134\/revisions\/154"}],"wp:attachment":[{"href":"https:\/\/blogs2.abo.fi\/sitkeys-seghet2025\/wp-json\/wp\/v2\/media?parent=134"}],"curies":[{"name":"wp","href":"https:\/\/api.w.org\/{rel}","templated":true}]}}