{"id":449,"date":"2026-03-25T09:10:30","date_gmt":"2026-03-25T07:10:30","guid":{"rendered":"https:\/\/blogs2.abo.fi\/secure-bio-supply\/?page_id=449"},"modified":"2026-03-25T09:10:30","modified_gmt":"2026-03-25T07:10:30","slug":"infosheet-9-kostnadsrakneverktyg-for-lagring-av-fasta-biomassabranslen","status":"publish","type":"page","link":"https:\/\/blogs2.abo.fi\/secure-bio-supply\/infosheet-9-kostnadsrakneverktyg-for-lagring-av-fasta-biomassabranslen\/","title":{"rendered":"Infosheet 9: Kostnadsr\u00e4kneverktyg f\u00f6r lagring av fasta biomassabr\u00e4nslen"},"content":{"rendered":"<p><a href=\"http:\/\/blogs2.abo.fi\/secure-bio-supply\/wp-content\/uploads\/sites\/264\/2026\/03\/Infosheet9_Storagecostcalculator_Secure-Bio-Supply-sve.pdf\">Infosheet9_Storagecostcalculator_Secure-Bio-Supply-sve<\/a><\/p>\n<p><a href=\"http:\/\/blogs2.abo.fi\/secure-bio-supply\/wp-content\/uploads\/sites\/264\/2026\/03\/Infosheet9_Storagecostcalculator_Secure-Bio-Supply-fin.pdf\">Infosheet9_Storagecostcalculator_Secure-Bio-Supply-fin<\/a><\/p>\n<p><a href=\"http:\/\/blogs2.abo.fi\/secure-bio-supply\/wp-content\/uploads\/sites\/264\/2026\/03\/Infosheet9_Storagecostcalculator_Secure-Bio-Supply-eng.pdf\">Infosheet9_Storagecostcalculator_Secure-Bio-Supply-eng<\/a><\/p>\n","protected":false},"excerpt":{"rendered":"<p>Infosheet9_Storagecostcalculator_Secure-Bio-Supply-sve Infosheet9_Storagecostcalculator_Secure-Bio-Supply-fin Infosheet9_Storagecostcalculator_Secure-Bio-Supply-eng<\/p>\n","protected":false},"author":567,"featured_media":0,"parent":0,"menu_order":0,"comment_status":"closed","ping_status":"closed","template":"","meta":{"footnotes":""},"class_list":["post-449","page","type-page","status-publish","hentry"],"_links":{"self":[{"href":"https:\/\/blogs2.abo.fi\/secure-bio-supply\/wp-json\/wp\/v2\/pages\/449","targetHints":{"allow":["GET"]}}],"collection":[{"href":"https:\/\/blogs2.abo.fi\/secure-bio-supply\/wp-json\/wp\/v2\/pages"}],"about":[{"href":"https:\/\/blogs2.abo.fi\/secure-bio-supply\/wp-json\/wp\/v2\/types\/page"}],"author":[{"embeddable":true,"href":"https:\/\/blogs2.abo.fi\/secure-bio-supply\/wp-json\/wp\/v2\/users\/567"}],"replies":[{"embeddable":true,"href":"https:\/\/blogs2.abo.fi\/secure-bio-supply\/wp-json\/wp\/v2\/comments?post=449"}],"version-history":[{"count":1,"href":"https:\/\/blogs2.abo.fi\/secure-bio-supply\/wp-json\/wp\/v2\/pages\/449\/revisions"}],"predecessor-version":[{"id":453,"href":"https:\/\/blogs2.abo.fi\/secure-bio-supply\/wp-json\/wp\/v2\/pages\/449\/revisions\/453"}],"wp:attachment":[{"href":"https:\/\/blogs2.abo.fi\/secure-bio-supply\/wp-json\/wp\/v2\/media?parent=449"}],"curies":[{"name":"wp","href":"https:\/\/api.w.org\/{rel}","templated":true}]}}