{"id":424,"date":"2026-03-03T12:10:17","date_gmt":"2026-03-03T10:10:17","guid":{"rendered":"https:\/\/blogs2.abo.fi\/secure-bio-supply\/?page_id=424"},"modified":"2026-03-03T12:10:17","modified_gmt":"2026-03-03T10:10:17","slug":"infosheet-5-insikter-fran-nya-studier-om-metoder-for-att-forbattra-traflisens-lagringsbarhet","status":"publish","type":"page","link":"https:\/\/blogs2.abo.fi\/secure-bio-supply\/infosheet-5-insikter-fran-nya-studier-om-metoder-for-att-forbattra-traflisens-lagringsbarhet\/","title":{"rendered":"Infosheet 5: Insikter fr\u00e5n nya studier om metoder f\u00f6r att f\u00f6rb\u00e4ttra tr\u00e4flisens lagringsbarhet"},"content":{"rendered":"<p><a href=\"http:\/\/blogs2.abo.fi\/secure-bio-supply\/wp-content\/uploads\/sites\/264\/2026\/03\/Infosheet5_NewMethodsChipStorage_Secure-Bio-Supply-sve.pdf\">Infosheet5_NewMethodsChipStorage_Secure-Bio-Supply-sve<\/a><\/p>\n<p><a href=\"http:\/\/blogs2.abo.fi\/secure-bio-supply\/wp-content\/uploads\/sites\/264\/2026\/03\/Infosheet5_NewMethodsChipStorage_Secure-Bio-Supply-fin.pdf\">Infosheet5_NewMethodsChipStorage_Secure-Bio-Supply-fin<\/a><\/p>\n<p><a href=\"http:\/\/blogs2.abo.fi\/secure-bio-supply\/wp-content\/uploads\/sites\/264\/2026\/03\/Infosheet5_NewMethodsChipStorage_Secure-Bio-Supply-eng.pdf\">Infosheet5_NewMethodsChipStorage_Secure-Bio-Supply-eng<\/a><\/p>\n","protected":false},"excerpt":{"rendered":"<p>Infosheet5_NewMethodsChipStorage_Secure-Bio-Supply-sve Infosheet5_NewMethodsChipStorage_Secure-Bio-Supply-fin Infosheet5_NewMethodsChipStorage_Secure-Bio-Supply-eng<\/p>\n","protected":false},"author":567,"featured_media":0,"parent":0,"menu_order":0,"comment_status":"closed","ping_status":"closed","template":"","meta":{"footnotes":""},"class_list":["post-424","page","type-page","status-publish","hentry"],"_links":{"self":[{"href":"https:\/\/blogs2.abo.fi\/secure-bio-supply\/wp-json\/wp\/v2\/pages\/424","targetHints":{"allow":["GET"]}}],"collection":[{"href":"https:\/\/blogs2.abo.fi\/secure-bio-supply\/wp-json\/wp\/v2\/pages"}],"about":[{"href":"https:\/\/blogs2.abo.fi\/secure-bio-supply\/wp-json\/wp\/v2\/types\/page"}],"author":[{"embeddable":true,"href":"https:\/\/blogs2.abo.fi\/secure-bio-supply\/wp-json\/wp\/v2\/users\/567"}],"replies":[{"embeddable":true,"href":"https:\/\/blogs2.abo.fi\/secure-bio-supply\/wp-json\/wp\/v2\/comments?post=424"}],"version-history":[{"count":1,"href":"https:\/\/blogs2.abo.fi\/secure-bio-supply\/wp-json\/wp\/v2\/pages\/424\/revisions"}],"predecessor-version":[{"id":428,"href":"https:\/\/blogs2.abo.fi\/secure-bio-supply\/wp-json\/wp\/v2\/pages\/424\/revisions\/428"}],"wp:attachment":[{"href":"https:\/\/blogs2.abo.fi\/secure-bio-supply\/wp-json\/wp\/v2\/media?parent=424"}],"curies":[{"name":"wp","href":"https:\/\/api.w.org\/{rel}","templated":true}]}}