{"id":37,"date":"2024-04-18T09:56:19","date_gmt":"2024-04-18T09:56:19","guid":{"rendered":"https:\/\/blogs2.abo.fi\/secure-bio-supply\/?page_id=37"},"modified":"2024-05-31T11:05:05","modified_gmt":"2024-05-31T09:05:05","slug":"projektbeskrivning-fi","status":"publish","type":"page","link":"https:\/\/blogs2.abo.fi\/secure-bio-supply\/projektbeskrivning-fi\/","title":{"rendered":"Projektbeskrivning (FI)"},"content":{"rendered":"<p><strong>Kiinteiden biopolttoaineiden pitk\u00e4n aikav\u00e4lin varastoinnin kehitt\u00e4minen (SECURE-BIO-SUPPLY) kest\u00e4v\u00e4n energiasiirtym\u00e4n mahdollistamiseksi<\/strong><\/p>\n<p>K\u00e4ynniss\u00e4 on energiasiirtym\u00e4, jossa tavoitteena on energiahuollon olevan v\u00e4hint\u00e4\u00e4n hiilineutraali. Perinteinen \u00f6ljyn ja kiinteiden polttoaineiden, kuten hiilen ja turpeen, avulla tapahtuva l\u00e4mm\u00f6n- ja s\u00e4hk\u00f6ntuotanto on korvattava uusilla hiilineutraaleilla energial\u00e4hteill\u00e4 ja energian tuotantotavoilla, mm. tuulivoimalla. Polttoaineiden pitk\u00e4aikainen varastointi on kehitett\u00e4v\u00e4 samanaikaisesti.<\/p>\n<p>SECURE-BIO-SUPPLY &#8211; hankkeen tavoitteena on analysoida, mit\u00e4 haasteita ja mahdollisuuksia muutos polttoaineiden pitk\u00e4aikaisvarastoinnissa voi luoda Pohjanmaalla. Kehitystoiminta keskittyy kiinteisiin polttoaineisiin, joita varastoidaan 3\u201336 kuukautta. Energiamuutoksen l\u00e4ht\u00f6kohdan kuvauksena tutkitaan kolmea perinteist\u00e4 vaihtoehtoa: kivihiilt\u00e4, \u200b\u200benergiaturvetta ja haketta. Uusia mahdollisuuksia pitk\u00e4aikaiss\u00e4ilytykseen tutkitaan mm. polttopuut (runko- ja harvennuspuu), pelletit ja torrefioitua materiaalia. Odotetut tulokset kuvaavat kustannuksia, tilantarvetta, erityyppisi\u00e4 ymp\u00e4rist\u00f6vaikutuksia (mukaan lukien ilmastop\u00e4\u00e4st\u00f6t) eri varastointimenetelmille sek\u00e4 teknisi\u00e4 haasteita ja rajoituksia polttoaineen korvaamisessa toisella.<\/p>\n<p>Ensisijainen kohderyhm\u00e4 ovat Pohjanmaan toimijat, jotka haluavat v\u00e4hent\u00e4\u00e4 tai luopua fossiilisten polttoaineiden ja turpeen k\u00e4yt\u00f6st\u00e4 energiantuotannossa tai energiank\u00e4yt\u00f6ss\u00e4. Kohderyhm\u00e4\u00e4n kuuluvat siis voimalaitokset, l\u00e4mp\u00f6laitokset, kuljetus- ja logistiikkayritykset, mets\u00e4nomistajat, urakoitsijat. Erityisesti haluamme kohderyhmi\u00e4, jotka ovat kiinnostuneita suunnittelusta ja uusien ratkaisujen tulevasta pilotoinnista\/esittelyst\u00e4.<\/p>\n<p>Ep\u00e4suorat kohderyhm\u00e4t ovat suunnittelijat, kaukol\u00e4mm\u00f6n toimittajat, kunnat, energiankuluttajat ja muut toimijat, jotka ovat kiinnostuneita aktiivisesta ty\u00f6st\u00e4 ilmastoneutraaliuden saavuttamiseksi, paikallisen ty\u00f6llisyyden edist\u00e4miseksi ja paikallisen energian saatavuuden yll\u00e4pit\u00e4miseksi. Korkeakoulut ja yliopistot tiedon hankinnan ja siirron kautta, erityisesti hankkeeseen osallistuvien keskuudessa. P\u00e4\u00e4tt\u00e4j\u00e4t ja viranomaiset, sek\u00e4 alueelliset ett\u00e4 valtakunnalliset, ymm\u00e4rt\u00e4v\u00e4t paremmin ongelma-aluetta ja sen ratkaisuja hankkeen tuloksia levitt\u00e4ess\u00e4.<\/p>\n<p>Hanke edist\u00e4\u00e4 kest\u00e4v\u00e4mpien energiaj\u00e4rjestelm\u00e4ratkaisujen luomista ja parantaa edellytyksi\u00e4 korvata fossiilisia polttoaineita ja turvetta turvallisesti ja kest\u00e4v\u00e4sti. Hankkeessa esitet\u00e4\u00e4n ehdotuksia uusiksi kehitt\u00e4mistoimenpiteiksi ja luodaan toimijaverkosto, joka mahdollistaa uusien j\u00e4rjestelm\u00e4ratkaisujen ja tallennusteknologioiden jatkuvan kehitt\u00e4misen sek\u00e4 luodaan toimijaverkosto, joka mahdollistaa uusien j\u00e4rjestelm\u00e4ratkaisujen ja tallennusteknologioiden jatkuvan kehitt\u00e4misen.<\/p>\n","protected":false},"excerpt":{"rendered":"<p>Kiinteiden biopolttoaineiden pitk\u00e4n aikav\u00e4lin varastoinnin kehitt\u00e4minen (SECURE-BIO-SUPPLY) kest\u00e4v\u00e4n energiasiirtym\u00e4n mahdollistamiseksi K\u00e4ynniss\u00e4 on energiasiirtym\u00e4, jossa tavoitteena on energiahuollon olevan v\u00e4hint\u00e4\u00e4n hiilineutraali. Perinteinen \u00f6ljyn ja kiinteiden polttoaineiden, kuten hiilen ja turpeen, avulla tapahtuva l\u00e4mm\u00f6n- ja s\u00e4hk\u00f6ntuotanto on korvattava uusilla hiilineutraaleilla energial\u00e4hteill\u00e4 ja &hellip; <a href=\"https:\/\/blogs2.abo.fi\/secure-bio-supply\/projektbeskrivning-fi\/\">Forts\u00e4tt l\u00e4sa <span class=\"meta-nav\">&rarr;<\/span><\/a><\/p>\n","protected":false},"author":567,"featured_media":0,"parent":0,"menu_order":0,"comment_status":"closed","ping_status":"closed","template":"","meta":{"footnotes":""},"class_list":["post-37","page","type-page","status-publish","hentry"],"_links":{"self":[{"href":"https:\/\/blogs2.abo.fi\/secure-bio-supply\/wp-json\/wp\/v2\/pages\/37","targetHints":{"allow":["GET"]}}],"collection":[{"href":"https:\/\/blogs2.abo.fi\/secure-bio-supply\/wp-json\/wp\/v2\/pages"}],"about":[{"href":"https:\/\/blogs2.abo.fi\/secure-bio-supply\/wp-json\/wp\/v2\/types\/page"}],"author":[{"embeddable":true,"href":"https:\/\/blogs2.abo.fi\/secure-bio-supply\/wp-json\/wp\/v2\/users\/567"}],"replies":[{"embeddable":true,"href":"https:\/\/blogs2.abo.fi\/secure-bio-supply\/wp-json\/wp\/v2\/comments?post=37"}],"version-history":[{"count":2,"href":"https:\/\/blogs2.abo.fi\/secure-bio-supply\/wp-json\/wp\/v2\/pages\/37\/revisions"}],"predecessor-version":[{"id":111,"href":"https:\/\/blogs2.abo.fi\/secure-bio-supply\/wp-json\/wp\/v2\/pages\/37\/revisions\/111"}],"wp:attachment":[{"href":"https:\/\/blogs2.abo.fi\/secure-bio-supply\/wp-json\/wp\/v2\/media?parent=37"}],"curies":[{"name":"wp","href":"https:\/\/api.w.org\/{rel}","templated":true}]}}