{"id":33,"date":"2024-04-18T09:54:58","date_gmt":"2024-04-18T09:54:58","guid":{"rendered":"https:\/\/blogs2.abo.fi\/secure-bio-supply\/?page_id=33"},"modified":"2024-04-24T12:06:55","modified_gmt":"2024-04-24T10:06:55","slug":"projektbeskrivning-sve","status":"publish","type":"page","link":"https:\/\/blogs2.abo.fi\/secure-bio-supply\/projektbeskrivning-sve\/","title":{"rendered":"Projektbeskrivning (SVE)"},"content":{"rendered":"<p><b>Utveckling av l\u00e5ngtidsupplagring av fasta biobr\u00e4nslen (SECURE-BIO-SUPPLY) f\u00f6r att m\u00f6jligg\u00f6ra en h\u00e5llbar energiomst\u00e4llning<\/b><\/p>\n<p><b>Offentlig sammanfattning av projektet<\/b><\/p>\n<p>En energiomst\u00e4llning p\u00e5g\u00e5r, d\u00e4r m\u00e5ls\u00e4ttningen \u00e4r att energif\u00f6rs\u00f6rjningen skall bli \u00e5tminstone kolneutral. Den traditionella v\u00e4rme- och elf\u00f6rs\u00f6rjningen, som skett med hj\u00e4lp av f\u00f6rbr\u00e4nning av olja och fasta br\u00e4nslen s\u00e5 som stenkol och torv, kommer att beh\u00f6va ers\u00e4ttas med nya kolneutrala energik\u00e4llor och energiproduktionsmetoder, bl a vindkraft. L\u00e5ngtidsupplagring av br\u00e4nslen m\u00e5ste samtidigt utvecklas.<\/p>\n<p>M\u00e5let med projektet SECURE-BIO-SUPPLY \u00e4r att analysera vilka utmaningar och m\u00f6jligheter f\u00f6r\u00e4ndringen av l\u00e5ngtidslagring av br\u00e4nslen kan skapa i \u00d6sterbotten. Utvecklingsverksamheten fokuserar p\u00e5 fasta br\u00e4nslen som lagras i 3\u201336 m\u00e5nader. Tre traditionella alternativ utreds: stenkol, energitorv och skogsflis, som beskrivning p\u00e5 energiomst\u00e4llningens utg\u00e5ngsl\u00e4ge. Nya m\u00f6jligheter f\u00f6r l\u00e5ngtidslagring utforskas, t.ex. ved (stam- och gallringsved), pellets och torrefierat material. De f\u00f6rv\u00e4ntade resultaten beskriver kostnader, utrymmesbehov, olika typer av milj\u00f6p\u00e5verkan (inklusive klimatutsl\u00e4pp) f\u00f6r olika lagringsmetoder samt tekniska utmaningar och begr\u00e4nsningar i att ers\u00e4tta ett br\u00e4nsle med ett annat.<\/p>\n<p>De egentliga m\u00e5lgrupperna \u00e4r verksamhetsut\u00f6vare i \u00d6sterbotten som vill minska eller \u00f6verge anv\u00e4ndningen av fossila br\u00e4nslen och torv i energiproduktion eller energianv\u00e4ndning. M\u00e5lgruppen omfattar d\u00e4rf\u00f6r kraftverk, v\u00e4rmeverk, transport- och logistikf\u00f6retag, skogs\u00e4gare, entrepren\u00f6rer. Speciellt vill vi ha m\u00e5lgrupper som \u00e4r intresserade av design och framtida pilotering\/presentation av nya l\u00f6sningar.<\/p>\n<p>Indirekta m\u00e5lgrupper \u00e4r planerare, fj\u00e4rrv\u00e4rmeleverant\u00f6rer, kommuner, energikonsumenter och andra akt\u00f6rer som \u00e4r m\u00e5na om att aktivt arbeta f\u00f6r att uppn\u00e5\u00a0 klimatneutralitet, fr\u00e4mja lokal syssels\u00e4ttning och uppr\u00e4tth\u00e5lla lokal energitillg\u00e5ng. H\u00f6gskolor och universitet genom f\u00f6rv\u00e4rv och \u00f6verf\u00f6ring av kunskap, s\u00e4rskilt bland de som deltar i projektet. Beslutsfattare och myndigheter, s\u00e5v\u00e4l regionala som nationella, f\u00e5r en b\u00e4ttre f\u00f6rst\u00e5else f\u00f6r problemomr\u00e5det och dess l\u00f6sningar vid spridning av projektets resultat.<\/p>\n<p>Projektet bidrar till att skapa mer h\u00e5llbara energisysteml\u00f6sningar och f\u00f6rb\u00e4ttrar f\u00f6ruts\u00e4ttningarna f\u00f6r att man skall kunna ers\u00e4tta fossila br\u00e4nslen och torv p\u00e5 ett tryggt och h\u00e5llbart s\u00e4tt. Projektet ger f\u00f6rslag till nya utvecklings\u00e5tg\u00e4rder och skapar ett n\u00e4tverk av akt\u00f6rer som m\u00f6jligg\u00f6r fortsatt utveckling av nya systeml\u00f6sningar och lagringsteknologier och skapar ett n\u00e4tverk av akt\u00f6rer som m\u00f6jligg\u00f6r fortsatt utveckling av nya systeml\u00f6sningar och lagringsteknologier.<\/p>\n","protected":false},"excerpt":{"rendered":"<p>Utveckling av l\u00e5ngtidsupplagring av fasta biobr\u00e4nslen (SECURE-BIO-SUPPLY) f\u00f6r att m\u00f6jligg\u00f6ra en h\u00e5llbar energiomst\u00e4llning Offentlig sammanfattning av projektet En energiomst\u00e4llning p\u00e5g\u00e5r, d\u00e4r m\u00e5ls\u00e4ttningen \u00e4r att energif\u00f6rs\u00f6rjningen skall bli \u00e5tminstone kolneutral. Den traditionella v\u00e4rme- och elf\u00f6rs\u00f6rjningen, som skett med hj\u00e4lp av f\u00f6rbr\u00e4nning &hellip; <a href=\"https:\/\/blogs2.abo.fi\/secure-bio-supply\/projektbeskrivning-sve\/\">Forts\u00e4tt l\u00e4sa <span class=\"meta-nav\">&rarr;<\/span><\/a><\/p>\n","protected":false},"author":567,"featured_media":0,"parent":0,"menu_order":0,"comment_status":"closed","ping_status":"closed","template":"","meta":{"footnotes":""},"class_list":["post-33","page","type-page","status-publish","hentry"],"_links":{"self":[{"href":"https:\/\/blogs2.abo.fi\/secure-bio-supply\/wp-json\/wp\/v2\/pages\/33","targetHints":{"allow":["GET"]}}],"collection":[{"href":"https:\/\/blogs2.abo.fi\/secure-bio-supply\/wp-json\/wp\/v2\/pages"}],"about":[{"href":"https:\/\/blogs2.abo.fi\/secure-bio-supply\/wp-json\/wp\/v2\/types\/page"}],"author":[{"embeddable":true,"href":"https:\/\/blogs2.abo.fi\/secure-bio-supply\/wp-json\/wp\/v2\/users\/567"}],"replies":[{"embeddable":true,"href":"https:\/\/blogs2.abo.fi\/secure-bio-supply\/wp-json\/wp\/v2\/comments?post=33"}],"version-history":[{"count":2,"href":"https:\/\/blogs2.abo.fi\/secure-bio-supply\/wp-json\/wp\/v2\/pages\/33\/revisions"}],"predecessor-version":[{"id":92,"href":"https:\/\/blogs2.abo.fi\/secure-bio-supply\/wp-json\/wp\/v2\/pages\/33\/revisions\/92"}],"wp:attachment":[{"href":"https:\/\/blogs2.abo.fi\/secure-bio-supply\/wp-json\/wp\/v2\/media?parent=33"}],"curies":[{"name":"wp","href":"https:\/\/api.w.org\/{rel}","templated":true}]}}