{"id":319,"date":"2025-06-19T12:11:48","date_gmt":"2025-06-19T10:11:48","guid":{"rendered":"https:\/\/blogs2.abo.fi\/secure-bio-supply\/?page_id=319"},"modified":"2025-06-19T12:15:05","modified_gmt":"2025-06-19T10:15:05","slug":"info-om-resan","status":"publish","type":"page","link":"https:\/\/blogs2.abo.fi\/secure-bio-supply\/info-om-resan\/","title":{"rendered":"Info om resan"},"content":{"rendered":"<p>I projektet <em>Utveckling av l\u00e5ngtidsupplagring av fasta biobr\u00e4nslen (Secure Bio Supply)<\/em> planerar vi genomf\u00f6ra en studieresa till V\u00e4sterbotten, Sverige i h\u00f6st (2-5.9.2025). Under resan kommer vi bes\u00f6ka olika energibolag\/v\u00e4rmeverk samt organisationer och h\u00f6gskolor som kopplar till projektets tema, det vill s\u00e4ga bioenergi, energiberedskap, fj\u00e4rrv\u00e4rme med mera. Vi kommer att r\u00f6ra oss mellan \u00d6rnsk\u00f6ldsvik, Ume\u00e5 och Skellefte\u00e5.<\/p>\n<p>Vi vill g\u00e4rna erbjuda m\u00f6jligheten till samarbetspartners, intressenter och eventuella \u00f6vriga intresserade att delta i studieresan tillsammans med oss i projektgruppen. Projektet bjuder p\u00e5 transportkostnader under bes\u00f6ket (till och fr\u00e5n de olika organisationer vi bes\u00f6ker) samt kostnader f\u00f6r seminarium under b\u00e5tresan. \u00d6vriga kostnader, till exempel b\u00e5tresa, logi och matkostnader st\u00e5r deltagaren sj\u00e4lv f\u00f6r. Deltagarna bokar sj\u00e4lv sina resor (hotell och b\u00e5tresa).<\/p>\n<p>Bifogat finns en beskrivning av reseplaneringen i stora drag (detaljer kan \u00e4nnu komma att \u00e4ndra).<\/p>\n<blockquote class=\"wp-embedded-content\" data-secret=\"gnu5sRIAoM\"><p><a href=\"https:\/\/blogs2.abo.fi\/secure-bio-supply\/preliminart-program\/\">Prelimin\u00e4rt program<\/a><\/p><\/blockquote>\n<p><iframe loading=\"lazy\" class=\"wp-embedded-content\" sandbox=\"allow-scripts\" security=\"restricted\" style=\"position: absolute; visibility: hidden;\" title=\"\u201dPrelimin\u00e4rt program\u201d &ndash; SECURE-BIO-SUPPLY\" src=\"https:\/\/blogs2.abo.fi\/secure-bio-supply\/preliminart-program\/embed\/#?secret=ToTwfRcRWj#?secret=gnu5sRIAoM\" data-secret=\"gnu5sRIAoM\" width=\"584\" height=\"329\" frameborder=\"0\" marginwidth=\"0\" marginheight=\"0\" scrolling=\"no\"><\/iframe><\/p>\n<p>&nbsp;<\/p>\n<p>V\u00e4nligen meddela s\u00e5 fort som m\u00f6jligt men senast <strong>10.8.2025<\/strong> om du \u00f6nskar delta i resan!<\/p>\n<p>&nbsp;<\/p>\n<p>F\u00f6r anm\u00e4lning till resan, v\u00e4nligen kontakta:<\/p>\n<p>Lisabet Sandin-Kula<\/p>\n<p><a href=\"mailto:lisabet.sandin-kula@abo.fi\">lisabet.sandin-kula@abo.fi<\/a><\/p>\n<p>+358 505247813<\/p>\n<p>&nbsp;<\/p>\n<p>F\u00f6r fr\u00e5gor om programmet, v\u00e4nligen kontakta:<\/p>\n<p>Margareta Bj\u00f6rklund-S\u00e4nkiaho<\/p>\n<p><a href=\"mailto:margareta.bjorklund-sankiaho@abo.fi\">margareta.bjorklund-sankiaho@abo.fi<\/a><\/p>\n<p>+358 505421079<\/p>\n<p>&nbsp;<\/p>\n<p>V\u00e4lkommen!<\/p>\n<p>*******************************************************************************************<\/p>\n<p>Olemme suunnittelemassa <em>Utveckling av l\u00e5ngtidsupplagring av fasta biobr\u00e4nslen (Secure Bio Supply)<\/em>&#8211; hankkeessa opintomatkaa Ruotsin V\u00e4sterbotteniin t\u00e4n\u00e4 syksyn\u00e4 (2-5.9.2025). Matkan aikana vierailemme erilaisissa energiayhti\u00f6iss\u00e4\/l\u00e4mp\u00f6laitoksissa sek\u00e4 organisaatioissa ja yliopistoissa, jotka liittyv\u00e4t projektin teemaan, eli bioenergiaan, energiavalmiuteen, kaukol\u00e4mp\u00f6\u00f6n ja muuhun. Liikumme \u00d6rnsk\u00f6ldsvikin, Ume\u00e5n ja Skellefte\u00e5n v\u00e4lill\u00e4.<\/p>\n<p>Haluamme tarjota yhteisty\u00f6kumppaneille, sidosryhmille ja muille kiinnostuneille mahdollisuuden osallistua opintomatkalle kanssamme projektiryhm\u00e4ss\u00e4. Hanke tarjoaa kuljetuskustannukset vierailun aikana (Ruotsissa) sek\u00e4 kustannukset seminaareista laivamatkan aikana. Muut kustannukset, kuten laivamatkat, majoitus- ja ruokakustannukset, maksaa osallistuja itse. Osallistujat varaavat itse matkansa (hotelli ja laivamatka).<\/p>\n<p>Liitteen\u00e4 on kuvaus matkan suunnittelusta p\u00e4\u00e4piirteitt\u00e4in (yksityiskohdat voivat viel\u00e4 muuttua)<\/p>\n<blockquote class=\"wp-embedded-content\" data-secret=\"gnu5sRIAoM\"><p><a href=\"https:\/\/blogs2.abo.fi\/secure-bio-supply\/preliminart-program\/\">Prelimin\u00e4rt program<\/a><\/p><\/blockquote>\n<p><iframe loading=\"lazy\" class=\"wp-embedded-content\" sandbox=\"allow-scripts\" security=\"restricted\" style=\"position: absolute; visibility: hidden;\" title=\"\u201dPrelimin\u00e4rt program\u201d &ndash; SECURE-BIO-SUPPLY\" src=\"https:\/\/blogs2.abo.fi\/secure-bio-supply\/preliminart-program\/embed\/#?secret=ToTwfRcRWj#?secret=gnu5sRIAoM\" data-secret=\"gnu5sRIAoM\" width=\"584\" height=\"329\" frameborder=\"0\" marginwidth=\"0\" marginheight=\"0\" scrolling=\"no\"><\/iframe><\/p>\n<p>&nbsp;<\/p>\n<p>Ilmoitathan meille <strong>10.8.2025<\/strong> menness\u00e4, jos haluat osallistua matkalle!<\/p>\n<p>&nbsp;<\/p>\n<p>Jos haluat ilmoittautua matkalle, ota yhteytt\u00e4:<\/p>\n<p>Lisabet Sandin-Kula<\/p>\n<p><a href=\"mailto:lisabet.sandin-kula@abo.fi\">lisabet.sandin-kula@abo.fi<\/a><\/p>\n<p>+358 505247813<\/p>\n<p>&nbsp;<\/p>\n<p>Jos sinulla on kysytt\u00e4v\u00e4\u00e4 ohjelmasta, ota yhteytt\u00e4:<\/p>\n<p>Margareta Bj\u00f6rklund-S\u00e4nkiaho<\/p>\n<p><a href=\"mailto:margareta.bjorklund-sankiaho@abo.fi\">margareta.bjorklund-sankiaho@abo.fi<\/a><\/p>\n<p>+358 505421079<\/p>\n<p>&nbsp;<\/p>\n<p>Tervetuloa!<\/p>\n","protected":false},"excerpt":{"rendered":"<p>I projektet Utveckling av l\u00e5ngtidsupplagring av fasta biobr\u00e4nslen (Secure Bio Supply) planerar vi genomf\u00f6ra en studieresa till V\u00e4sterbotten, Sverige i h\u00f6st (2-5.9.2025). Under resan kommer vi bes\u00f6ka olika energibolag\/v\u00e4rmeverk samt organisationer och h\u00f6gskolor som kopplar till projektets tema, det vill &hellip; <a href=\"https:\/\/blogs2.abo.fi\/secure-bio-supply\/info-om-resan\/\">Forts\u00e4tt l\u00e4sa <span class=\"meta-nav\">&rarr;<\/span><\/a><\/p>\n","protected":false},"author":567,"featured_media":0,"parent":0,"menu_order":0,"comment_status":"closed","ping_status":"closed","template":"","meta":{"footnotes":""},"class_list":["post-319","page","type-page","status-publish","hentry"],"_links":{"self":[{"href":"https:\/\/blogs2.abo.fi\/secure-bio-supply\/wp-json\/wp\/v2\/pages\/319","targetHints":{"allow":["GET"]}}],"collection":[{"href":"https:\/\/blogs2.abo.fi\/secure-bio-supply\/wp-json\/wp\/v2\/pages"}],"about":[{"href":"https:\/\/blogs2.abo.fi\/secure-bio-supply\/wp-json\/wp\/v2\/types\/page"}],"author":[{"embeddable":true,"href":"https:\/\/blogs2.abo.fi\/secure-bio-supply\/wp-json\/wp\/v2\/users\/567"}],"replies":[{"embeddable":true,"href":"https:\/\/blogs2.abo.fi\/secure-bio-supply\/wp-json\/wp\/v2\/comments?post=319"}],"version-history":[{"count":2,"href":"https:\/\/blogs2.abo.fi\/secure-bio-supply\/wp-json\/wp\/v2\/pages\/319\/revisions"}],"predecessor-version":[{"id":322,"href":"https:\/\/blogs2.abo.fi\/secure-bio-supply\/wp-json\/wp\/v2\/pages\/319\/revisions\/322"}],"wp:attachment":[{"href":"https:\/\/blogs2.abo.fi\/secure-bio-supply\/wp-json\/wp\/v2\/media?parent=319"}],"curies":[{"name":"wp","href":"https:\/\/api.w.org\/{rel}","templated":true}]}}