{"id":316,"date":"2025-06-19T12:06:18","date_gmt":"2025-06-19T10:06:18","guid":{"rendered":"https:\/\/blogs2.abo.fi\/secure-bio-supply\/?page_id=316"},"modified":"2025-08-15T09:04:04","modified_gmt":"2025-08-15T07:04:04","slug":"preliminart-program","status":"publish","type":"page","link":"https:\/\/blogs2.abo.fi\/secure-bio-supply\/preliminart-program\/","title":{"rendered":"Prelimin\u00e4rt program"},"content":{"rendered":"<p><strong>STUDIEBES\u00d6K till Sverige\/V\u00e4sterbotten<\/strong><\/p>\n<p>En forts\u00e4ttning p\u00e5 projektseminariets tema \u201dFj\u00e4rrv\u00e4rmens framtid \u2013 bioenergif\u00f6rs\u00f6rjning och lagring?\u201d med fokus p\u00e5 vad som h\u00e4nder p\u00e5 ca 100 km radie fr\u00e5n Ume\u00e5 (Skellefte\u00e5 och \u00d6rnsk\u00f6ldsvik)<\/p>\n<p>&nbsp;<\/p>\n<p><strong>Tidpunkt:\u00a0 2-5.9.2025 (tisdag \u2013 fredag)<\/strong><\/p>\n<p><strong>Restider f\u00f6r b\u00e5t:<\/strong><\/p>\n<p>Ti 2.9.2025\u00a0\u00a0 \u00a0\u00a0\u00a0\u00a0\u00a0\u00a0\u00a0\u00a0\u00a0\u00a0\u00a0\u00a0\u00a0\u00a0\u00a0\u00a0\u00a0\u00a0\u00a0\u00a0\u00a0\u00a0\u00a0\u00a0\u00a0 Vasa\u2212Ume\u00e5 kl. 13.30-16.00<\/p>\n<p>Fre 5.9.2025 \u00a0\u00a0\u00a0\u00a0\u00a0\u00a0\u00a0\u00a0\u00a0\u00a0\u00a0\u00a0\u00a0\u00a0\u00a0\u00a0\u00a0\u00a0\u00a0\u00a0\u00a0\u00a0\u00a0\u00a0\u00a0 Ume\u00e5\u2212Vasa kl. 21.15-01:00 (l\u00f6)<\/p>\n<p>&nbsp;<\/p>\n<p><strong>\u00a0<\/strong><\/p>\n<p><strong>Prelimin\u00e4rt program:<\/strong><\/p>\n<p><strong>Tisdag 2.9.2025<\/strong><\/p>\n<p>13:30 B\u00e5ten avg\u00e5r<\/p>\n<p>&#8211; workshop (workshopens l\u00e4ngd ca 2 h): Genomg\u00e5ng av studiebes\u00f6kets program och de viktigaste fr\u00e5gorna vi f\u00f6rs\u00f6ker f\u00e5 svar p\u00e5 under studieresan.<\/p>\n<p>&#8211; Minibuss\/biltransport till \u00d6rnsk\u00f6ldsvik (ca 2 h), \u00f6vernattning. Hotellrekommendation 2-3.9.2025: Scandic \u00d6rnsk\u00f6ldsvik, H\u00e4stmarksv\u00e4gen 4 891 38 Ornskoldsvik.<\/p>\n<p><strong><u>Onsdag 3.9.2025\u00a0 \u00d6rnsk\u00f6ldsvik<\/u><\/strong><\/p>\n<ul>\n<li>\u00d6vik Energi (bekr\u00e4ftat) <span style=\"color: #ff0000\">\u00a0<\/span><\/li>\n<li>Processum\/RISE\/Domsj\u00f6fabrikerna (\u00f6ppet)<\/li>\n<\/ul>\n<p>Buss\/biltransport till Ume\u00e5 (ca 2 h), \u00f6vernattning. Hotellrekommendation 3-4.9.2025: Elite Hotel Mimer, Kungsgatan 75 903 26 Ume\u00e5.<\/p>\n<p><strong><u>Torsdag 4.9.2025 Ume\u00e5<\/u><\/strong><\/p>\n<ul>\n<li>Ume\u00e5 Energi (bekr\u00e4ftat) D\u00e5va-kraftv\u00e4rmeverken och -terminalen.<span style=\"color: #ff0000\">\u00a0<\/span><\/li>\n<li>V\u00e4nn\u00e4sterminalen (\u00f6ppet)?<\/li>\n<li>Ume\u00e5 Eco-Industrial Park (?, \u00f6ppet)<\/li>\n<li>Biofuel Region. N\u00e4tverket f\u00f6r biobr\u00e4nsleakt\u00f6rer. (bekr\u00e4ftat)<\/li>\n<\/ul>\n<p>Buss\/biltransport till Skellefte\u00e5 (ca 2 h), \u00f6vernattning 4-5.9.2025: The Wood Hotel By Elite, Torggatan 3 93132 Skellefte\u00e5.<\/p>\n<p><strong><u>Fredag 5.9.2025 Skellefte\u00e5<\/u><\/strong><\/p>\n<ul>\n<li>Bastutr\u00e4sk-terminalen (bekr\u00e4ftat)<\/li>\n<li>Skellefte\u00e5 Kraft (bekr\u00e4ftat), Bioenergikombinatet Hedensby mm.<span style=\"color: #ff0000\"><em>\u00a0<\/em><\/span><\/li>\n<li>Envigas (bekr\u00e4ftat), demoanl\u00e4ggning f\u00f6r industriell biokol.<\/li>\n<\/ul>\n<p>Buss\/biltransport till Ume\u00e5 (ca 2 h), via t.ex. IKEA kl. 18\u201320.<\/p>\n<p>Vid hamnen i Ume\u00e5 senast kl. 20:15<\/p>\n<p>Litet recap-m\u00f6te p\u00e5 b\u00e5ten<\/p>\n<p>B\u00e5ten avg\u00e5r till Vasa kl. 21:15, i Vasa 01:00 p\u00e5 l\u00f6rdag morgon.<\/p>\n<p><em>Programmet uppdaterat 15.8.2025\/MBS<\/em><\/p>\n","protected":false},"excerpt":{"rendered":"<p>STUDIEBES\u00d6K till Sverige\/V\u00e4sterbotten En forts\u00e4ttning p\u00e5 projektseminariets tema \u201dFj\u00e4rrv\u00e4rmens framtid \u2013 bioenergif\u00f6rs\u00f6rjning och lagring?\u201d med fokus p\u00e5 vad som h\u00e4nder p\u00e5 ca 100 km radie fr\u00e5n Ume\u00e5 (Skellefte\u00e5 och \u00d6rnsk\u00f6ldsvik) &nbsp; Tidpunkt:\u00a0 2-5.9.2025 (tisdag \u2013 fredag) Restider f\u00f6r b\u00e5t: Ti &hellip; <a href=\"https:\/\/blogs2.abo.fi\/secure-bio-supply\/preliminart-program\/\">Forts\u00e4tt l\u00e4sa <span class=\"meta-nav\">&rarr;<\/span><\/a><\/p>\n","protected":false},"author":567,"featured_media":0,"parent":0,"menu_order":0,"comment_status":"closed","ping_status":"closed","template":"","meta":{"footnotes":""},"class_list":["post-316","page","type-page","status-publish","hentry"],"_links":{"self":[{"href":"https:\/\/blogs2.abo.fi\/secure-bio-supply\/wp-json\/wp\/v2\/pages\/316","targetHints":{"allow":["GET"]}}],"collection":[{"href":"https:\/\/blogs2.abo.fi\/secure-bio-supply\/wp-json\/wp\/v2\/pages"}],"about":[{"href":"https:\/\/blogs2.abo.fi\/secure-bio-supply\/wp-json\/wp\/v2\/types\/page"}],"author":[{"embeddable":true,"href":"https:\/\/blogs2.abo.fi\/secure-bio-supply\/wp-json\/wp\/v2\/users\/567"}],"replies":[{"embeddable":true,"href":"https:\/\/blogs2.abo.fi\/secure-bio-supply\/wp-json\/wp\/v2\/comments?post=316"}],"version-history":[{"count":14,"href":"https:\/\/blogs2.abo.fi\/secure-bio-supply\/wp-json\/wp\/v2\/pages\/316\/revisions"}],"predecessor-version":[{"id":353,"href":"https:\/\/blogs2.abo.fi\/secure-bio-supply\/wp-json\/wp\/v2\/pages\/316\/revisions\/353"}],"wp:attachment":[{"href":"https:\/\/blogs2.abo.fi\/secure-bio-supply\/wp-json\/wp\/v2\/media?parent=316"}],"curies":[{"name":"wp","href":"https:\/\/api.w.org\/{rel}","templated":true}]}}