{"id":21,"date":"2024-04-18T09:45:40","date_gmt":"2024-04-18T09:45:40","guid":{"rendered":"https:\/\/blogs2.abo.fi\/secure-bio-supply\/?page_id=21"},"modified":"2025-03-21T10:22:10","modified_gmt":"2025-03-21T08:22:10","slug":"kontaktpersoner","status":"publish","type":"page","link":"https:\/\/blogs2.abo.fi\/secure-bio-supply\/kontaktpersoner\/","title":{"rendered":"Kontaktpersoner"},"content":{"rendered":"<p><b>\u00c5bo Akademi i Vasa<\/b><\/p>\n<p>Margareta Bj\u00f6rklund-S\u00e4nkiaho, Energiteknik (margareta.bjorklund-sankiaho@abo.fi)<\/p>\n<p>Jessica Tuuf, Energiteknik (jessica.tuuf@abo.fi)<\/p>\n<p>Sami Lieskoski, Energiteknik (sami.lieskoski@abo.fi)<\/p>\n<p>Lisabet Sandin-Kula, CLL (lisabet.sandin-kula@abo.fi)<\/p>\n<p>Satu Laitila, CLL (satu.laitila@abo.fi)<\/p>\n<p>&nbsp;<\/p>\n<p>&nbsp;<\/p>\n<p><b>Yrkesh\u00f6gskolan <\/b><b>Novia<\/b><b> i Vasa<\/b><\/p>\n<p>Katrin Asplund (katrin.asplund@novia.fi)<\/p>\n<p>Nina \u00c5kerback (Nina.Akerback@novia.fi)<\/p>\n<p>&nbsp;<\/p>\n<p><b>Skogscentralen\/<\/b><b>Mets\u00e4keskus<\/b><\/p>\n<p>Juha Niskanen (juha.niskanen@metsakeskus.fi)<\/p>\n","protected":false},"excerpt":{"rendered":"<p>\u00c5bo Akademi i Vasa Margareta Bj\u00f6rklund-S\u00e4nkiaho, Energiteknik (margareta.bjorklund-sankiaho@abo.fi) Jessica Tuuf, Energiteknik (jessica.tuuf@abo.fi) Sami Lieskoski, Energiteknik (sami.lieskoski@abo.fi) Lisabet Sandin-Kula, CLL (lisabet.sandin-kula@abo.fi) Satu Laitila, CLL (satu.laitila@abo.fi) &nbsp; &nbsp; Yrkesh\u00f6gskolan Novia i Vasa Katrin Asplund (katrin.asplund@novia.fi) Nina \u00c5kerback (Nina.Akerback@novia.fi) &nbsp; Skogscentralen\/Mets\u00e4keskus Juha Niskanen &hellip; <a href=\"https:\/\/blogs2.abo.fi\/secure-bio-supply\/kontaktpersoner\/\">Forts\u00e4tt l\u00e4sa <span class=\"meta-nav\">&rarr;<\/span><\/a><\/p>\n","protected":false},"author":567,"featured_media":0,"parent":0,"menu_order":0,"comment_status":"closed","ping_status":"closed","template":"","meta":{"footnotes":""},"class_list":["post-21","page","type-page","status-publish","hentry"],"_links":{"self":[{"href":"https:\/\/blogs2.abo.fi\/secure-bio-supply\/wp-json\/wp\/v2\/pages\/21","targetHints":{"allow":["GET"]}}],"collection":[{"href":"https:\/\/blogs2.abo.fi\/secure-bio-supply\/wp-json\/wp\/v2\/pages"}],"about":[{"href":"https:\/\/blogs2.abo.fi\/secure-bio-supply\/wp-json\/wp\/v2\/types\/page"}],"author":[{"embeddable":true,"href":"https:\/\/blogs2.abo.fi\/secure-bio-supply\/wp-json\/wp\/v2\/users\/567"}],"replies":[{"embeddable":true,"href":"https:\/\/blogs2.abo.fi\/secure-bio-supply\/wp-json\/wp\/v2\/comments?post=21"}],"version-history":[{"count":9,"href":"https:\/\/blogs2.abo.fi\/secure-bio-supply\/wp-json\/wp\/v2\/pages\/21\/revisions"}],"predecessor-version":[{"id":256,"href":"https:\/\/blogs2.abo.fi\/secure-bio-supply\/wp-json\/wp\/v2\/pages\/21\/revisions\/256"}],"wp:attachment":[{"href":"https:\/\/blogs2.abo.fi\/secure-bio-supply\/wp-json\/wp\/v2\/media?parent=21"}],"curies":[{"name":"wp","href":"https:\/\/api.w.org\/{rel}","templated":true}]}}