{"id":218,"date":"2019-10-05T10:00:48","date_gmt":"2019-10-05T08:00:48","guid":{"rendered":"http:\/\/blogs2.abo.fi\/seaher\/?page_id=218"},"modified":"2022-06-23T08:31:49","modified_gmt":"2022-06-23T06:31:49","slug":"events","status":"publish","type":"page","link":"https:\/\/blogs2.abo.fi\/seaher\/events\/","title":{"rendered":"Events"},"content":{"rendered":"<p><em><strong>Symposium: Environmental change, agency and knowledge of the Sea<\/strong><\/em><\/p>\n<p><img loading=\"lazy\" decoding=\"async\" class=\"alignnone wp-image-71053 \" src=\"https:\/\/www.abo.fi\/wp-content\/uploads\/2020\/05\/The_Sea_Darkblue-150x150.png\" alt=\"Symbol f\u00f6r forskningsprofilen HAVET\" width=\"112\" height=\"112\" \/> <img loading=\"lazy\" decoding=\"async\" class=\"alignnone wp-image-122020\" src=\"https:\/\/www.abo.fi\/wp-content\/uploads\/2022\/04\/SeHer_logo_Final_thumb-300x300-1-300x300.jpg\" alt=\"SeaHer logo\" width=\"112\" height=\"112\" \/><\/p>\n<p>The scholarly knowledge about the sea is conventionally addressed in the language of natural sciences and technology. Yet, in time of major environmental changes, complementary approaches are needed to understand and affect the ways in which human beings know and act with nature, including the sea and other water environments. The focus in various forms of knowledge and the need of their integration implies sustained analytical attention to knowledge as communication, stressing the importance of \u2018knowing how\u2019, complementary to \u2018knowing that\u2019.<\/p>\n<p>The closing symposium of the project <em><strong>Living with the Baltic Sea in a changing climate: Environmental heritage and the circulation of knowledge<\/strong><\/em> (SeaHer, Academy of Finland 2018\u20132022) asks what forms of knowledge and expertise are needed to understand the changing sea, and how research can be used to integrate different perspectives. <em>How do different forms of knowledge encounter? How can on-the-ground observations, experiences and traditions be incorporated into academic knowledge production and governance processes? How can different knowledge systems and disciplinary objectives, methodologies and languages orient themselves to an interdisciplinary dialogue?<\/em><\/p>\n<div>\n<p>The aim of the symposium is to bring together scholars with different disciplinary backgrounds to discuss the changing marine and water environments in theoretical, methodological and empirical terms. The symposium will facilitate interdisciplinary dialogue and contribute to a versatile understanding on the changing environment related to the sea. Invited keynote speakers are <strong>Kirsten Hastrup<\/strong> (Professor Emerita at Department of Anthropology, University of Copenhagen), <strong>Jan Marcin Weslawski<\/strong> (Professor at Institute of Oceanology, Polish Academy of Sciences) and <strong>Monica Hammer<\/strong> (Associate professor in Natural Resources Management at the School of Natural Science, Technology and Environmental Studies at S\u00f6dert\u00f6rn University).<\/p>\n<p>In addition to the keynote speeches, the symposium programme will consist of 10-15 min. paper presentations and concluding discussions. We invite researchers to a two-day conference to reflect on the symposium topic and present their work. Areas of focus include but are not limited to: production and construction of knowledge, knowledge processes; interdisciplinary knowledge, concepts and methodologies; case studies showcasing interdisciplinarity; human and non-human agency; water&#8211;land interactions; urban waterscapes, and Arctic and other Northern waters.<\/p>\n<p>You are welcome to follow the keynote lectures and discussions. Please fill in the <a href=\"https:\/\/survey.abo.fi\/lomakkeet\/14712\/lomake.html\" target=\"_blank\" rel=\"noopener\">registration form<\/a> if you are planing to join us for lunches and the dinner cruise.<\/p>\n<p>Welcome!<\/p>\n<p>Further information:<\/p>\n<p>The project website: <a href=\"https:\/\/blogs2.abo.fi\/seaher\/people\/\">LIVING WITH THE BALTIC SEA IN A CHANGING CLIMATE (SeaHer) \u2013 Environmental Heritage and the Circulation of Knowledge<\/a> (abo.fi)<br \/>\nThe project is part of the research profile <a href=\"https:\/\/www.abo.fi\/en\/the-sea\/\">The Sea<\/a> at \u00c5bo Akademi University: The<br \/>\nSea | \u00c5bo Akademi University | \u00c5bo Akademi University (abo.fi)<\/p>\n<\/div>\n<hr \/>\n<p><img loading=\"lazy\" decoding=\"async\" class=\"alignnone size-large wp-image-598\" src=\"http:\/\/blogs2.abo.fi\/seaher\/wp-content\/uploads\/sites\/111\/2022\/06\/JNS-paneelikeskustelu-720x1024.jpg\" alt=\"\" width=\"660\" height=\"939\" srcset=\"https:\/\/blogs2.abo.fi\/seaher\/wp-content\/uploads\/sites\/111\/2022\/06\/JNS-paneelikeskustelu-720x1024.jpg 720w, https:\/\/blogs2.abo.fi\/seaher\/wp-content\/uploads\/sites\/111\/2022\/06\/JNS-paneelikeskustelu-211x300.jpg 211w, https:\/\/blogs2.abo.fi\/seaher\/wp-content\/uploads\/sites\/111\/2022\/06\/JNS-paneelikeskustelu-768x1093.jpg 768w, https:\/\/blogs2.abo.fi\/seaher\/wp-content\/uploads\/sites\/111\/2022\/06\/JNS-paneelikeskustelu-1080x1536.jpg 1080w, https:\/\/blogs2.abo.fi\/seaher\/wp-content\/uploads\/sites\/111\/2022\/06\/JNS-paneelikeskustelu-1440x2048.jpg 1440w, https:\/\/blogs2.abo.fi\/seaher\/wp-content\/uploads\/sites\/111\/2022\/06\/JNS-paneelikeskustelu.jpg 1512w\" sizes=\"auto, (max-width: 660px) 100vw, 660px\" \/><\/p>\n<p>&#8212;&#8212;&#8212;&#8212;&#8212;&#8212;&#8212;&#8212;&#8212;&#8212;&#8212;&#8212;&#8212;&#8212;&#8212;&#8212;&#8212;&#8212;&#8212;&#8212;&#8212;&#8212;&#8212;&#8212;&#8212;&#8212;&#8212;&#8212;&#8212;&#8212;&#8212;&#8212;&#8212;&#8212;&#8211;<\/p>\n<p><em><strong>From words to actions &#8211; from actions to words<\/strong><\/em><\/p>\n<p><strong>The SeaHe<\/strong><strong>r Project&#8217;s Creati<\/strong><strong>ve Writing corner in\u00a0 the Forum Marinum &#8216;40,000+\u00a0 Experience the World&#8217;s Largest Archipelago At Your Fingertips&#8217; Exhibition (May 28th, 2021-August <\/strong><strong>31st, 2021, Forum Marinum T<\/strong><strong>urku)<\/strong><\/p>\n<p><img loading=\"lazy\" decoding=\"async\" class=\" wp-image-474 alignleft\" src=\"http:\/\/blogs2.abo.fi\/seaher\/wp-content\/uploads\/sites\/111\/2021\/06\/Picture-Forum-Marinum-40000-300x200.jpg\" alt=\"\" width=\"359\" height=\"239\" srcset=\"https:\/\/blogs2.abo.fi\/seaher\/wp-content\/uploads\/sites\/111\/2021\/06\/Picture-Forum-Marinum-40000-300x200.jpg 300w, https:\/\/blogs2.abo.fi\/seaher\/wp-content\/uploads\/sites\/111\/2021\/06\/Picture-Forum-Marinum-40000-1024x682.jpg 1024w, https:\/\/blogs2.abo.fi\/seaher\/wp-content\/uploads\/sites\/111\/2021\/06\/Picture-Forum-Marinum-40000-768x512.jpg 768w, https:\/\/blogs2.abo.fi\/seaher\/wp-content\/uploads\/sites\/111\/2021\/06\/Picture-Forum-Marinum-40000.jpg 1529w\" sizes=\"auto, (max-width: 359px) 100vw, 359px\" \/><\/p>\n<p><em>What we do or discover today will become the memories of tomorrow. Look back and write, let your thoughts take off. What do you see, hear, smell? What happens now or what no longer exists? How does this make you feel? (Photo Credit: N. Rantala)<\/em><\/p>\n<p>These questions above are some of the inspiring texts in the\u00a0 creative writing corner at the Forum Marinum, part of the\u00a0 &#8216;40,000+\u00a0 Experience the World&#8217;s Largest Archipelago At Your Fingertips&#8217; Exhibition. Whilst this big exhibition runs for a period of five years, the\u00a0 creative writing corner will run from May 28th, 2021 until the end of August, 2021.<\/p>\n<p style=\"text-align: left\">The SeaHer project is hosting this creative corner. It is the brainchild of project researcher Jaana Kouri. According to Jaana, this creative corner is the natural culmination of collaborations with key partners including the John Nurminen Foundation and colleagues Anna T\u00f6rnroos-Remes and photographer Niclas Rantala at the Environmental and Marine Biology department of \u00c5bo Akademi University.<\/p>\n<p style=\"text-align: left\">The exhibition guest is led through various themes to write about their observations, memories and experiences of the archipelago. Writings can be written on paper, on Fohn Nurminen&#8217;s Loki pages, or on a question form. The writings are used as material for research.<\/p>\n<p>The corner of creative writing is part of efforts to develop a variety of methods to confront experience-based knowledge and scientific knowledge.<\/p>\n<p><img loading=\"lazy\" decoding=\"async\" class=\"size-full wp-image-507 aligncenter\" src=\"http:\/\/blogs2.abo.fi\/seaher\/wp-content\/uploads\/sites\/111\/2021\/06\/merikeskus-logo-sininen-rgb-200px@72ppi.png\" alt=\"\" width=\"200\" height=\"200\" srcset=\"https:\/\/blogs2.abo.fi\/seaher\/wp-content\/uploads\/sites\/111\/2021\/06\/merikeskus-logo-sininen-rgb-200px@72ppi.png 200w, https:\/\/blogs2.abo.fi\/seaher\/wp-content\/uploads\/sites\/111\/2021\/06\/merikeskus-logo-sininen-rgb-200px@72ppi-150x150.png 150w\" sizes=\"auto, (max-width: 200px) 100vw, 200px\" \/><\/p>\n<p>&#8212;&#8212;&#8212;&#8212;&#8212;&#8212;&#8212;&#8212;&#8212;&#8212;&#8212;&#8212;&#8212;&#8212;&#8212;&#8212;&#8212;&#8212;&#8212;&#8212;&#8212;&#8212;&#8212;&#8212;&#8212;&#8212;&#8212;&#8212;&#8212;&#8212;&#8212;&#8212;&#8212;&#8212;&#8211;<\/p>\n<p><strong>School, Youth, and the Climate Change -Panel<\/strong><br \/>\n<em>Factory, Aboa Vetus &amp; Ars Nova -museum in 17-18.30 on August 29, 2019.<\/em><\/p>\n<p>How should we acknowledge climate change when educating the children and the youth? What kind of challenges it will bring for teachers and other educators?<\/p>\n<p>Aboa Vetus &amp; Ars Nova -museum, Valonia \u2013 Service Centre for Sustainable Development and Energy of Southwest Finland, and \u201dIlmastonmuutosta koskeva tieto ja It\u00e4meri\u201d project arrange an open panel discussion concerning the above-mentioned questions in Thursday, August 29, at 5 pm.<\/p>\n<p>The panel discussion explores environmental issues and climate change from the educational perspective. We discuss how the youth of today perceive climate change and what kinds of opportunities they have for participation in the public discussion and decision-making of these themes.<\/p>\n<p>As panelists, we have Alina Heywood from Turku\u2019s Youth Committee, Senior Planning Officer Jaana It\u00e4l\u00e4-Laine from Valonia, Museum Lector Jaana Jokela from Aboa Vetus &amp; Ars Nova -museum, and Associate Professor Nina Tynkkynen from \u00c5bo Akademi. Researchers Jaana Kouri and Silja Laine host the event.<\/p>\n<p>The panel discussion is part of the \u201dS\u00e4\u00e4 ja m\u00e4\u00e4 \u2013 s\u00e4\u00e4n merkityksi\u00e4 ennen ja nyt\u201d -project, executed by \u00a0Aboa Vetus &amp; Ars Nova -museum and Valonia. The wide study module concerning the interaction of humans and nature and the climate change was carried out with elementary schools from Southwest Finland in spring 2019. The exhibition made with the basis of the study module is open from May 24 to September 1 in Aboa Vetus &amp; Ars Nova.<\/p>\n<p>**************************<\/p>\n<p><strong>About the Sea, Near the Sea<\/strong><br \/>\n<em>Volter Kilpi Literary Festival, Kustavi, on July 14, 2019<\/em><\/p>\n<p>Project researchers Jaana Kouri and Silja Laine organize a workshop of marine-related creative writing in Volter Kilpi Literary Festival on July 14. For more information: Facebook event <a href=\"https:\/\/www.facebook.com\/events\/2413434965568429\/\">https:\/\/www.facebook.com\/events\/2413434965568429\/<\/a><\/p>\n<p>&nbsp;<\/p>\n","protected":false},"excerpt":{"rendered":"<p>Symposium: Environmental change, agency and knowledge of the Sea The scholarly knowledge about the sea is conventionally addressed in the language of natural sciences and technology. Yet, in time of major environmental changes, complementary approaches are needed to understand and affect the ways in which human beings know and act with nature, including the sea &hellip; <a href=\"https:\/\/blogs2.abo.fi\/seaher\/events\/\" class=\"more-link\">Continue reading <span class=\"screen-reader-text\">Events<\/span><\/a><\/p>\n","protected":false},"author":463,"featured_media":0,"parent":0,"menu_order":0,"comment_status":"closed","ping_status":"closed","template":"","meta":{"footnotes":""},"class_list":["post-218","page","type-page","status-publish","hentry"],"_links":{"self":[{"href":"https:\/\/blogs2.abo.fi\/seaher\/wp-json\/wp\/v2\/pages\/218","targetHints":{"allow":["GET"]}}],"collection":[{"href":"https:\/\/blogs2.abo.fi\/seaher\/wp-json\/wp\/v2\/pages"}],"about":[{"href":"https:\/\/blogs2.abo.fi\/seaher\/wp-json\/wp\/v2\/types\/page"}],"author":[{"embeddable":true,"href":"https:\/\/blogs2.abo.fi\/seaher\/wp-json\/wp\/v2\/users\/463"}],"replies":[{"embeddable":true,"href":"https:\/\/blogs2.abo.fi\/seaher\/wp-json\/wp\/v2\/comments?post=218"}],"version-history":[{"count":20,"href":"https:\/\/blogs2.abo.fi\/seaher\/wp-json\/wp\/v2\/pages\/218\/revisions"}],"predecessor-version":[{"id":621,"href":"https:\/\/blogs2.abo.fi\/seaher\/wp-json\/wp\/v2\/pages\/218\/revisions\/621"}],"wp:attachment":[{"href":"https:\/\/blogs2.abo.fi\/seaher\/wp-json\/wp\/v2\/media?parent=218"}],"curies":[{"name":"wp","href":"https:\/\/api.w.org\/{rel}","templated":true}]}}