{"id":216,"date":"2019-10-05T09:09:45","date_gmt":"2019-10-05T07:09:45","guid":{"rendered":"http:\/\/blogs2.abo.fi\/seaher\/?page_id=216"},"modified":"2020-03-11T10:17:29","modified_gmt":"2020-03-11T08:17:29","slug":"activities","status":"publish","type":"page","link":"https:\/\/blogs2.abo.fi\/seaher\/activities\/","title":{"rendered":"Activities"},"content":{"rendered":"<p><strong>Interviews and Media Exposure:<\/strong><\/p>\n<p><a href=\"https:\/\/tekniikanmaailma.fi\/aavemainen-video-jattilaiskalmari-hyokkaa-tutkijoiden-kameran-kimppuun-760-metrin-syvyydessa\/\">&#8220;Aavemainen video: J\u00e4ttil\u00e4iskalmari hy\u00f6kk\u00e4\u00e4 tutkijoiden kimppuun 760 metrin syvyydess\u00e4&#8221;<\/a> <em>Tekniikan maailma<\/em>, 27.6.2019. (Article deals with Otto Latva&#8217;s doctoral disseration)<\/p>\n<p>Holbom, Annika. <a href=\"https:\/\/svenska.yle.fi\/artikel\/2019\/05\/08\/vad-tycker-du-om-fastingar-nu-vill-forskarna-hora-din-berattelse\">&#8220;Vad Tycker du om f\u00e4stingar? Nu vill forskarna h\u00f6r\u00e4 din ber\u00e4ttelse!&#8221;<\/a> <em>Svenska Yle \/ Radio Vega, <\/em>29.5.2019 (Radio interview and internet article: deals with Otto Latva&#8217;s study on tick-human relationship)<\/p>\n<p>Kanerva, Arla. <a href=\"https:\/\/www.hs.fi\/kotimaa\/art-2000006078457.html\">&#8220;Punkkikausi on alkanut \u2013 Puutiaisten m\u00e4\u00e4r\u00e4 on lis\u00e4\u00e4ntynyt sek\u00e4 maaseudulla ett\u00e4 kaupungeissa&#8221;<\/a> <em>Helsingin Sanomat<\/em> (Article deals with Otto Latva&#8217;s study on tick-human relationship)<\/p>\n<p>Kilpim\u00e4ki, Heini. <a href=\"https:\/\/www.is.fi\/kotimaa\/art-2000006201029.html\">&#8220;Loch Nessin hirvi\u00f6n sukulainen Taivalkoskella, n\u00e4kki Savonlinnassa&#8230; My\u00f6s Suomessa &#8216;n\u00e4hty&#8217; vesihirvi\u00f6it\u00e4 &#8211; mik\u00e4 otus yritti vied\u00e4 soutavan eukon Kyyvedell\u00e4?&#8221;<\/a> <em>Iltasanomat<\/em>, 10.8.2019 (Article deals with Otto Latva&#8217;s research on historical relationship between humans and marine animals)<\/p>\n<p>Klinberg, Laura <a href=\"https:\/\/www.hbl.fi\/artikel\/snart-ar-fastingarna-har-nu-vill-forskare-ta-del-av-dina-erfarenheter\/\">&#8220;Snart \u00e4r f\u00e4stingarna h\u00e4r &#8211; nu vill forskare ta del av dina erfarenheter&#8221;<\/a> <em>Hufvudstadsbladet<\/em>, 18.4.2019 (Article deals with Otto Latva&#8217;s study on tick-human relationship)<\/p>\n<p>Lahti-Kuusisto, P\u00e4ivi. <a href=\"https:\/\/kauhajoki-lehti.fi\/uutiset\/otto-latva-vaitteli-merihirvioista-6.30.21134.b1c4da11dc\">&#8220;Otto Latva v\u00e4itteli merihirvi\u00f6ist\u00e4&#8221;<\/a> <em>Kauhajoki-lehti<\/em>, 2.9.2019 (Article deals with Otto Latva&#8217;s doctoral disseration)<\/p>\n<p>Lampela, Elina. <a href=\"https:\/\/www.aarrelehti.fi\/uutiset\/artikkeli-1.414148\">&#8220;Suomalaisen Kirjallisuuden Seura ja tutkija Otto Latva ker\u00e4\u00e4v\u00e4t tietoa ja kertomuksia kohtaamisista puutiaisten kanssa erityisesti 1900-luvulla.&#8221;<\/a> <em>Aarrelehti<\/em>, 18.4.2019. (Article deals with Otto Latva&#8217;s study on tick-human relationship)<\/p>\n<p>Leinonen, Anna. <a href=\"https:\/\/www.kaleva.fi\/uutiset\/kotimaa\/suomessa-kerataan-nyt-kokemuksia-ja-muistoja-punkeista-teksteja-voi-lahettaa-koko-kesan-ajan\/818876\/\">&#8220;Suomessa ker\u00e4t\u00e4\u00e4n nyt kokemuksia ja muistoja punkeista \u2013 tekstej\u00e4 voi l\u00e4hett\u00e4\u00e4 koko kes\u00e4n ajan&#8221;<\/a> <em>Kaleva<\/em>, 18.4.2019. (Article deals with Otto Latva&#8217;s study on tick-human relationship)<\/p>\n<p><a href=\"https:\/\/www.helsinginuutiset.fi\/artikkeli\/764320-muistojenkeruu-alkaa-kerro-kohtaamisestasi-kammotun-otokan-kanssa\">&#8220;Muistojenkeruu alkaa: Kerro kohtaamisestasi kammotun \u00f6t\u00f6k\u00e4n kanssa&#8221;<\/a>\u00a0<em>Helsingin<\/em> <em>Uutiset<\/em>, 18.4.2019 (Article deals with Otto Latva&#8217;s study on tick-human relationship)<\/p>\n<p>Nederg\u00e5rd, Jasmine. <a href=\"https:\/\/svenska.yle.fi\/artikel\/2019\/11\/15\/yrkesfiskarnas-upplevelser-borde-beaktas-mera-inom-bade-forskning-och\">&#8220;Yrkesfiskarnas upplevelser borde beaktas mera inom b\u00e5de forskning och beslutsfattande sl\u00e5r ny doktorsavhandling fast&#8221;<\/a>\u00a0<em>Svenska Yle<\/em>, 14.11.2019 (Article deals with Kirsi Sonck-Rautio&#8217;s doctoral dissertation)<\/p>\n<p>Pakarinen, Jaana. <a href=\"https:\/\/www.ts.fi\/lukemisto\/4600263\/Tappajahai+jattilaiskalmari+ja+Kraken++Miksi+olemme+koukussa+merihirviotarinoihin\">&#8220;Tappajahai, j\u00e4ttil\u00e4iskalmari ja Kraken &#8211; Miksi olemme koukussa merihirvi\u00f6tarinoihin&#8221;<\/a> <em>Turun Sanomat<\/em>, 5.6.2019. (Article deals with Otto Latva&#8217;s research on historical relationship between humans and marine animals)<\/p>\n<p>Rekola, Juuso. <a href=\"https:\/\/agricolaverkko.fi\/tietosanomat\/sksn-punkkikysely\/\">&#8220;Punkkikysely kartoittaa ihmisten kokemuksia ja kohtaamisia puutiaisten kanssa&#8221;<\/a>\u00a0<em>Agricola. Suomen humanistiverkko,<\/em> 5.8.2019 (Article deals with Otto Latva&#8217;s study on tick-human relationship)<\/p>\n<p>Sandell, Markku. <a href=\"https:\/\/yle.fi\/uutiset\/3-11247790\">&#8220;Ovatko suojelu, hallinto ja kansalaisen \u00e4\u00e4ni ristiriidassa? Tutkijan mukaan Saaristomeren kalastajat tuntevat h\u00e4vinneens\u00e4 kilpailun suojeltujen hylkeiden ja merimetsojen kanssa&#8221;<\/a>\u00a0<em>Yle Uutiset<\/em>, 11.3.2020 (Article deals with Kirsi Sonck-Rautio&#8217;s doctoral dissertation)<\/p>\n<p><a href=\"https:\/\/www.ts.fi\/uutiset\/kotimaa\/4552139\/SKS+keraa+suomalaisten+kokemuksia+punkeista\">&#8220;SKS ker\u00e4\u00e4 suomalaisten kokemuksia punkeista&#8221;<\/a> <em>Turun Sanomat<\/em>, 18.4.2019. (Article deals with Otto Latva&#8217;s study on tick-human relationship)<\/p>\n<p>Suni, Kari.<a href=\"https:\/\/www.satakunnankansa.fi\/a\/3e480299-21cd-4820-8808-be561864cabe\"> &#8220;Kalastajat tuntevat itsens\u00e4 voimattomaksi ja aliarvostetuiksi \u2013 &#8216;el\u00e4k\u00f6ityneiden tilalle ei ole tullut uutta polvea \u2013 eik\u00e4 ole tulossakaan'&#8221;<\/a>\u00a0<em>Satakunnan Kansa<\/em>, 23.11.2019. (Article deals with Kirsi Sonck-Rautio&#8217;s doctoral dissertation)<\/p>\n<p><a href=\"https:\/\/aamuset.fi\/artikkeli\/4765801\/Suomalainen+rannikkokalastus+vakavassa+kriisissa+vaittelija+selvitti+kalastajien+nakemyksia+ahdingon+syista\">&#8220;Suomalainen rannikkokalastus vakavassa kriisiss\u00e4, v\u00e4ittelij\u00e4 selvitti kalastajien n\u00e4kemyksi\u00e4 ahdingon syist\u00e4&#8221;<\/a>\u00a0<em>Aamuset<\/em>, 13.11.2019. (Article deals with Kirsi Sonck-Rautio&#8217;s doctoral dissertation)<\/p>\n<p><a href=\"https:\/\/www.ts.fi\/uutiset\/paikalliset\/4765818\/Tuore+vaitoskirjatutkimus+osoittaa+suomalaisen+rannikkokalastuksen+kriisin\">&#8220;Tuore v\u00e4it\u00f6skirjatutkimus osoittaa suomalaisen rannikkokalastuksen kriisin&#8221;<\/a>\u00a0<em>Turun Sanomat<\/em>, 13.11.2019 (Article deals with Kirsi Sonck-Rautio&#8217;s doctoral dissertation)<\/p>\n<p>Uitto, Teija. <a href=\"https:\/\/www.vakka.fi\/a\/ns002414880\">&#8220;Punkeista ker\u00e4t\u00e4\u00e4n muistitietoa&#8221;<\/a>\u00a0<em>Vakka-Suomen Sanomat<\/em>, 23.7.2019. (Article deals with Otto Latva&#8217;s study on tick-human relationship)<\/p>\n<p>Vienonen, Aleksi. <a href=\"http:\/\/www.totalvene.fi\/lue\/uutinen\/suomen-kirjallisuuden-seura-taltioi-punkkikulttuuria\">&#8220;Suomalaisen Kirjallisuuden Seura taltioi punkkikulttuuria&#8221;<\/a>\u00a0<em>Total Vene<\/em>, 27.4.2019. (Article deals with Otto Latva&#8217;s study on tick-human relationship)<\/p>\n<p>&#8220;Volter Kilpi -viikot&#8221;\u00a0<em>Yle Uutiset Lounais-Suomi<\/em> 12.7.2019 (Jaana Kouri&#8217;s television interview concerning her studies on the Baltic Sea)<\/p>\n<p><a href=\"https:\/\/news.abounderrattelser.fi\/aboforskare-vet-hur-jatteblackfiskar-blev-monster-myterna-ar-inte-urgamla-sagner-utan-ovantat-moderna-pahitt\/\">&#8220;\u00c5boforskare vet hur j\u00e4ttebl\u00e4ckfiskar blev monster: Myterna \u00e4r inte urgamla s\u00e4gner utan ov\u00e4ntat moderna p\u00e5hitt&#8221;<\/a> <em>\u00c5bo Underr\u00e4ttelser<\/em>, 27.2.2019. (Article deals with Otto Latva&#8217;s doctoral dissertation)<\/p>\n<p><a href=\"https:\/\/www.ksml.fi\/kotimaa\/%C3%96t%C3%B6kk%C3%A4muistoja-kaivataan-%E2%80%93-SKS-toivoo-viestej%C3%A4-kohtaamisista-punkkien-kanssa\/1359994\">&#8220;\u00d6t\u00f6kk\u00e4muistoja kaivataan \u2013 SKS toivoo viestej\u00e4 kohtaamisista punkkien kanssa&#8221;<\/a>\u00a0<em>Keskisuomalainen<\/em>, 18.4.2019 (Article deals with Otto Latva&#8217;s study on tick-human relationship)<\/p>\n<p><strong>Presentations:<\/strong><\/p>\n<p>Kouri, Jaana, Silja Laine, Otto Latva, Tuomas R\u00e4s\u00e4nen, Kirsi Sonck-Rautio, and Nina Tynkkynen. &#8220;Environmental Heritage and Climate Change Studies&#8221; at the 14th Nordic Environmental Social Science Conference (NESS), Lule\u00e5, Sweden 10.6.2019.<\/p>\n<p>Latva, Otto. &#8220;Historical Understanding of the Changes in the Baltic Sea Marine Life&#8221; at the 13th Annual Conference of the International Society of Cultural History (ISCH), Tallinn, Estonia, 27.6.2019.<\/p>\n","protected":false},"excerpt":{"rendered":"<p>Interviews and Media Exposure: &#8220;Aavemainen video: J\u00e4ttil\u00e4iskalmari hy\u00f6kk\u00e4\u00e4 tutkijoiden kimppuun 760 metrin syvyydess\u00e4&#8221; Tekniikan maailma, 27.6.2019. (Article deals with Otto Latva&#8217;s doctoral disseration) Holbom, Annika. &#8220;Vad Tycker du om f\u00e4stingar? Nu vill forskarna h\u00f6r\u00e4 din ber\u00e4ttelse!&#8221; Svenska Yle \/ Radio Vega, 29.5.2019 (Radio interview and internet article: deals with Otto Latva&#8217;s study on tick-human relationship) &hellip; <a href=\"https:\/\/blogs2.abo.fi\/seaher\/activities\/\" class=\"more-link\">Continue reading <span class=\"screen-reader-text\">Activities<\/span><\/a><\/p>\n","protected":false},"author":463,"featured_media":0,"parent":0,"menu_order":0,"comment_status":"closed","ping_status":"closed","template":"","meta":{"footnotes":""},"class_list":["post-216","page","type-page","status-publish","hentry"],"_links":{"self":[{"href":"https:\/\/blogs2.abo.fi\/seaher\/wp-json\/wp\/v2\/pages\/216","targetHints":{"allow":["GET"]}}],"collection":[{"href":"https:\/\/blogs2.abo.fi\/seaher\/wp-json\/wp\/v2\/pages"}],"about":[{"href":"https:\/\/blogs2.abo.fi\/seaher\/wp-json\/wp\/v2\/types\/page"}],"author":[{"embeddable":true,"href":"https:\/\/blogs2.abo.fi\/seaher\/wp-json\/wp\/v2\/users\/463"}],"replies":[{"embeddable":true,"href":"https:\/\/blogs2.abo.fi\/seaher\/wp-json\/wp\/v2\/comments?post=216"}],"version-history":[{"count":15,"href":"https:\/\/blogs2.abo.fi\/seaher\/wp-json\/wp\/v2\/pages\/216\/revisions"}],"predecessor-version":[{"id":308,"href":"https:\/\/blogs2.abo.fi\/seaher\/wp-json\/wp\/v2\/pages\/216\/revisions\/308"}],"wp:attachment":[{"href":"https:\/\/blogs2.abo.fi\/seaher\/wp-json\/wp\/v2\/media?parent=216"}],"curies":[{"name":"wp","href":"https:\/\/api.w.org\/{rel}","templated":true}]}}