{"id":214,"date":"2019-10-05T09:07:10","date_gmt":"2019-10-05T07:07:10","guid":{"rendered":"http:\/\/blogs2.abo.fi\/seaher\/?page_id=214"},"modified":"2020-11-26T16:14:45","modified_gmt":"2020-11-26T14:14:45","slug":"publications","status":"publish","type":"page","link":"https:\/\/blogs2.abo.fi\/seaher\/publications\/","title":{"rendered":"Publications"},"content":{"rendered":"<p>Tynkkynen, Nina and Marko Joas &#8220;Samh\u00e4llsvetenskaperna i havsforskningen&#8221; <em>Sk\u00e4rg\u00e5rd<\/em> vol. 41, 3 (2018).<\/p>\n<p>For more of the project team&#8217;s publications please visit:<\/p>\n<p><a href=\"https:\/\/research.abo.fi\/en\/persons\/nina-tynkkynen\">https:\/\/research.abo.fi\/en\/persons\/nina-tynkkynen<\/a><\/p>\n<p><a href=\"https:\/\/research.abo.fi\/en\/persons\/savitri-jetoo\">https:\/\/research.abo.fi\/en\/persons\/savitri-jetoo<\/a><\/p>\n<p><a href=\"https:\/\/research.abo.fi\/en\/persons\/jaana-kouri\">https:\/\/research.abo.fi\/en\/persons\/jaana-kouri<\/a><\/p>\n<p><a href=\"https:\/\/research.abo.fi\/en\/persons\/silja-laine\">https:\/\/research.abo.fi\/en\/persons\/silja-laine<\/a><\/p>\n<p><a href=\"https:\/\/research.abo.fi\/en\/persons\/otto-latva\">https:\/\/research.abo.fi\/en\/persons\/otto-latva<\/a><\/p>\n<p><a href=\"https:\/\/www.utu.fi\/en\/people\/tuomas-rasanen\">https:\/\/www.utu.fi\/en\/people\/tuomas-rasanen<\/a><\/p>\n<p>&nbsp;<\/p>\n","protected":false},"excerpt":{"rendered":"<p>Tynkkynen, Nina and Marko Joas &#8220;Samh\u00e4llsvetenskaperna i havsforskningen&#8221; Sk\u00e4rg\u00e5rd vol. 41, 3 (2018). For more of the project team&#8217;s publications please visit: https:\/\/research.abo.fi\/en\/persons\/nina-tynkkynen https:\/\/research.abo.fi\/en\/persons\/savitri-jetoo https:\/\/research.abo.fi\/en\/persons\/jaana-kouri https:\/\/research.abo.fi\/en\/persons\/silja-laine https:\/\/research.abo.fi\/en\/persons\/otto-latva https:\/\/www.utu.fi\/en\/people\/tuomas-rasanen &nbsp;<\/p>\n","protected":false},"author":463,"featured_media":0,"parent":0,"menu_order":0,"comment_status":"closed","ping_status":"closed","template":"","meta":{"footnotes":""},"class_list":["post-214","page","type-page","status-publish","hentry"],"_links":{"self":[{"href":"https:\/\/blogs2.abo.fi\/seaher\/wp-json\/wp\/v2\/pages\/214","targetHints":{"allow":["GET"]}}],"collection":[{"href":"https:\/\/blogs2.abo.fi\/seaher\/wp-json\/wp\/v2\/pages"}],"about":[{"href":"https:\/\/blogs2.abo.fi\/seaher\/wp-json\/wp\/v2\/types\/page"}],"author":[{"embeddable":true,"href":"https:\/\/blogs2.abo.fi\/seaher\/wp-json\/wp\/v2\/users\/463"}],"replies":[{"embeddable":true,"href":"https:\/\/blogs2.abo.fi\/seaher\/wp-json\/wp\/v2\/comments?post=214"}],"version-history":[{"count":4,"href":"https:\/\/blogs2.abo.fi\/seaher\/wp-json\/wp\/v2\/pages\/214\/revisions"}],"predecessor-version":[{"id":391,"href":"https:\/\/blogs2.abo.fi\/seaher\/wp-json\/wp\/v2\/pages\/214\/revisions\/391"}],"wp:attachment":[{"href":"https:\/\/blogs2.abo.fi\/seaher\/wp-json\/wp\/v2\/media?parent=214"}],"curies":[{"name":"wp","href":"https:\/\/api.w.org\/{rel}","templated":true}]}}