{"id":176,"date":"2019-03-07T15:05:01","date_gmt":"2019-03-07T13:05:01","guid":{"rendered":"http:\/\/blogs2.abo.fi\/seaher\/?page_id=176"},"modified":"2019-03-08T11:09:07","modified_gmt":"2019-03-08T09:09:07","slug":"pa-svenska","status":"publish","type":"page","link":"https:\/\/blogs2.abo.fi\/seaher\/pa-svenska\/","title":{"rendered":"P\u00e5 Svenska"},"content":{"rendered":"<p>V\u00e5rt SeaHer projekt fokuserar p\u00e5 erfarenheter, kunskap och f\u00e4rdigheter relaterade till klimat och \u00d6stersj\u00f6ns och kustomr\u00e5denas milj\u00f6 i Finland. V\u00e5rt syfte \u00e4r att studera f\u00f6rh\u00e5llanden och interaktioner mellan olika typer av kunskaper ur klimatf\u00f6r\u00e4ndringssynpunkt, och hitta olika strategier f\u00f6r att fr\u00e4mja anpassningen till klimatf\u00f6r\u00e4ndringen.<\/p>\n","protected":false},"excerpt":{"rendered":"<p>V\u00e5rt SeaHer projekt fokuserar p\u00e5 erfarenheter, kunskap och f\u00e4rdigheter relaterade till klimat och \u00d6stersj\u00f6ns och kustomr\u00e5denas milj\u00f6 i Finland. V\u00e5rt syfte \u00e4r att studera f\u00f6rh\u00e5llanden och interaktioner mellan olika typer av kunskaper ur klimatf\u00f6r\u00e4ndringssynpunkt, och hitta olika strategier f\u00f6r att fr\u00e4mja anpassningen till klimatf\u00f6r\u00e4ndringen.<\/p>\n","protected":false},"author":463,"featured_media":0,"parent":0,"menu_order":0,"comment_status":"closed","ping_status":"closed","template":"","meta":{"footnotes":""},"class_list":["post-176","page","type-page","status-publish","hentry"],"_links":{"self":[{"href":"https:\/\/blogs2.abo.fi\/seaher\/wp-json\/wp\/v2\/pages\/176","targetHints":{"allow":["GET"]}}],"collection":[{"href":"https:\/\/blogs2.abo.fi\/seaher\/wp-json\/wp\/v2\/pages"}],"about":[{"href":"https:\/\/blogs2.abo.fi\/seaher\/wp-json\/wp\/v2\/types\/page"}],"author":[{"embeddable":true,"href":"https:\/\/blogs2.abo.fi\/seaher\/wp-json\/wp\/v2\/users\/463"}],"replies":[{"embeddable":true,"href":"https:\/\/blogs2.abo.fi\/seaher\/wp-json\/wp\/v2\/comments?post=176"}],"version-history":[{"count":2,"href":"https:\/\/blogs2.abo.fi\/seaher\/wp-json\/wp\/v2\/pages\/176\/revisions"}],"predecessor-version":[{"id":179,"href":"https:\/\/blogs2.abo.fi\/seaher\/wp-json\/wp\/v2\/pages\/176\/revisions\/179"}],"wp:attachment":[{"href":"https:\/\/blogs2.abo.fi\/seaher\/wp-json\/wp\/v2\/media?parent=176"}],"curies":[{"name":"wp","href":"https:\/\/api.w.org\/{rel}","templated":true}]}}