{"id":166,"date":"2019-03-07T13:03:08","date_gmt":"2019-03-07T11:03:08","guid":{"rendered":"http:\/\/blogs2.abo.fi\/seaher\/?page_id=166"},"modified":"2019-10-12T10:43:23","modified_gmt":"2019-10-12T08:43:23","slug":"suomeksi","status":"publish","type":"page","link":"https:\/\/blogs2.abo.fi\/seaher\/suomeksi\/","title":{"rendered":"Suomeksi"},"content":{"rendered":"<p>Tutkimusprojekti keskittyy It\u00e4meren ja Suomen rannikkolalueiden ymp\u00e4rist\u00f6\u00f6n liittyviin kokemuksiin, tietoon ja taitoon (<em>environmental heritage<\/em>). Tavoitteenamme on tutkia n\u00e4iden tiedon eri lajien vuorovaikutusta ilmastonmuutokseen sopeutumisen n\u00e4k\u00f6kulmasta ja l\u00f6yt\u00e4\u00e4 erilaisia hallinnon sek\u00e4 arkip\u00e4iv\u00e4n strategioita sopeutumisen edist\u00e4miseksi.<\/p>\n","protected":false},"excerpt":{"rendered":"<p>Tutkimusprojekti keskittyy It\u00e4meren ja Suomen rannikkolalueiden ymp\u00e4rist\u00f6\u00f6n liittyviin kokemuksiin, tietoon ja taitoon (environmental heritage). Tavoitteenamme on tutkia n\u00e4iden tiedon eri lajien vuorovaikutusta ilmastonmuutokseen sopeutumisen n\u00e4k\u00f6kulmasta ja l\u00f6yt\u00e4\u00e4 erilaisia hallinnon sek\u00e4 arkip\u00e4iv\u00e4n strategioita sopeutumisen edist\u00e4miseksi.<\/p>\n","protected":false},"author":463,"featured_media":0,"parent":0,"menu_order":0,"comment_status":"closed","ping_status":"closed","template":"","meta":{"footnotes":""},"class_list":["post-166","page","type-page","status-publish","hentry"],"_links":{"self":[{"href":"https:\/\/blogs2.abo.fi\/seaher\/wp-json\/wp\/v2\/pages\/166","targetHints":{"allow":["GET"]}}],"collection":[{"href":"https:\/\/blogs2.abo.fi\/seaher\/wp-json\/wp\/v2\/pages"}],"about":[{"href":"https:\/\/blogs2.abo.fi\/seaher\/wp-json\/wp\/v2\/types\/page"}],"author":[{"embeddable":true,"href":"https:\/\/blogs2.abo.fi\/seaher\/wp-json\/wp\/v2\/users\/463"}],"replies":[{"embeddable":true,"href":"https:\/\/blogs2.abo.fi\/seaher\/wp-json\/wp\/v2\/comments?post=166"}],"version-history":[{"count":3,"href":"https:\/\/blogs2.abo.fi\/seaher\/wp-json\/wp\/v2\/pages\/166\/revisions"}],"predecessor-version":[{"id":257,"href":"https:\/\/blogs2.abo.fi\/seaher\/wp-json\/wp\/v2\/pages\/166\/revisions\/257"}],"wp:attachment":[{"href":"https:\/\/blogs2.abo.fi\/seaher\/wp-json\/wp\/v2\/media?parent=166"}],"curies":[{"name":"wp","href":"https:\/\/api.w.org\/{rel}","templated":true}]}}