{"id":32,"date":"2021-10-17T13:48:29","date_gmt":"2021-10-17T11:48:29","guid":{"rendered":"https:\/\/blogs2.abo.fi\/rrrnordicnetwork\/?page_id=32"},"modified":"2024-08-20T17:17:47","modified_gmt":"2024-08-20T15:17:47","slug":"nordplusactivities","status":"publish","type":"page","link":"https:\/\/blogs2.abo.fi\/rrrnordicnetwork\/nordplusactivities\/","title":{"rendered":"Nordplusaktiviteter og treningsvideoer"},"content":{"rendered":"<p><strong>Nordpluskurs i Reykjavik 11-16maj 2024<\/strong><br \/>\nSchoolof education arrangerar Nordpluskurs med 16 deltagare och 8 l\u00e4rare, intensivkurs R\u00f6st, retorik och relationer.<br \/>\nThe course language will mainly be English.<br \/>\nResponsible persons: Rannveig Bj\u00f3rk Thorkilsdottir, Jona Gudrun Jonsdottir and John \u00c5ge Boman Homleid<\/p>\n<p><strong>Nordplusaktivitet<\/strong><br \/>\nUSN har beviljats 27800 euro f\u00f6r en intensivkurs R\u00f6st, retorik, relationer (5 sp). Kursen genomf\u00f6rs 11-16.5 2024 i Reykjavik.<br \/>\nN\u00e4tverket kan s\u00e4nda 2 l\u00e4rare till kursen fr\u00e5n Finland, Sverige respektive Norge. Dessutom kan 8 deltagare fr\u00e5n varje land f\u00e5 resst\u00f6d 320 euro (max) och boende och lunch de dagar kursen p\u00e5g\u00e5r.Vem som deltar fr\u00e5n Finland, Sverige respektive Norge avg\u00f6rs av n\u00e4tverkets koordineringsgrupp.<br \/>\nAnsvariga f\u00f6r kursen i Reykjavik \u00e4r Rannveig Bjork Thorkilsdottir och Jona Gudrun Jonsdottir med st\u00f6d av Jon \u00c5ge Boman Homleid.<br \/>\nKursen presenteras vid RRR zoom webinar 23.10 kl 11 isl\u00e4ndsk tid. <\/p>\n<p>Fullf\u00f6rt 5 sp R\u00f6st, retorik och relationer som Nordpluskurs vid School of education, Iceland university juni 2024:<\/p>\n<p>&nbsp;<\/p>\n<p>Her er linken til fem treningsvideoer som ble produsert ved<\/p>\n<p>Nordplusworkshopen 30.4-1.5. 2022 i Vasa ved \u00c5bo Akademi:<\/p>\n<p>https:\/\/www.youtube.com\/channel\/UCy27b7bK9lAs8f08-5EGN9Q<\/p>\n<p>&nbsp;<\/p>\n<p>Video 1 er instruerende. Video 2,3,4, og 5 viser ulike eksempler p\u00e5 problematisk, mobbende, dysfunksjonell kommunikasjon, tenkt som underlag for analyse av hva profesjonell kommunikasjon betyr.<\/p>\n<p><strong>Video 1: Kristin instruerer og demonstrerer<\/strong><\/p>\n<p>Stemmen er kropp- l\u00e6r \u00e5 lyttep\u00e5 kroppen (2min.19 sek.)<\/p>\n<p>F\u00e5 tak i bukst\u00f8tten med en-to-tre-\u00f8velsen (6 min. 05 sek.)<\/p>\n<p>Strupen \u2013 m\u00e5ter \u00e5 bruke stemmen p\u00e5 (3 min. 9 sek.)<\/p>\n<p><strong>Video 2: Kroppsspr\u00e5kets betydning<\/strong><\/p>\n<p>Rektangel: Muntlig teckneinstruktion\/ muntlig tegningsinstruksjon (2 min.<\/p>\n<p>1 sek.) (1 min 29 sek.)\u00a0 Utan gester och med<\/p>\n<p>Telefonkommunikation\/Telefonkommunikasjon (1 min. 3 sek.) (33 sek.) (28 sek.)<\/p>\n<p>F\u00f6rsta dag som studerande\/F\u00f8rste dag som student (3 min. 6 sek.) Ordl\u00f6s.<\/p>\n<p><strong>Video 3: Undervise (variasjoner)<\/strong><\/p>\n<p>(1 min. 33 sek.) (1min. 31 sek.) (41 sek.)<\/p>\n<p>Har du levert? (28 sek.)<\/p>\n<p><strong>Tr\u00e4ningsvideo 4\/treningsvideo 4: V\u00e4cka engagemang eller sl\u00e4cka? Ledares och deltagares kommunikation i grupp<\/strong><\/p>\n<p>Klubben (55 sek.) (2min. 3 sek.)<\/p>\n<p>L\u00e6rerperson (1 min.38 sek.) (3 min. 6 sek.)<\/p>\n<p>Mamma tar over i samtale (3 min. 8 sek.)<\/p>\n<p>Jonas, kontaktl\u00e6rer og rektor (2 min. 42 sek.)<\/p>\n<p>&nbsp;<\/p>\n<p><strong>Tr\u00e4ningsvideo 5\/Treningsvideo 5: Frysa ut eller inkludera?\/Lukke ut eller inkludere?<\/strong><\/p>\n<p>Blir du med till Mallorca? (24sek.)<\/p>\n<p>Tre kvinnor\/trekvinner (1min. 2 sek.)<\/p>\n<p>Tre m\u00e4n\/tre menn (3 min. 8 sek.)<\/p>\n<p>Avvisning (24 sek.), (39 sek.)\u00a0<img loading=\"lazy\" decoding=\"async\" class=\"size-medium wp-image-188 alignright\" style=\"font-size: 1rem\" src=\"http:\/\/blogs2.abo.fi\/rrrnordicnetwork\/wp-content\/uploads\/sites\/194\/2022\/06\/Katinka-regissor-Nordplus-225x300.jpg\" alt=\"\" width=\"225\" height=\"300\" srcset=\"https:\/\/blogs2.abo.fi\/rrrnordicnetwork\/wp-content\/uploads\/sites\/194\/2022\/06\/Katinka-regissor-Nordplus-225x300.jpg 225w, https:\/\/blogs2.abo.fi\/rrrnordicnetwork\/wp-content\/uploads\/sites\/194\/2022\/06\/Katinka-regissor-Nordplus-768x1024.jpg 768w, https:\/\/blogs2.abo.fi\/rrrnordicnetwork\/wp-content\/uploads\/sites\/194\/2022\/06\/Katinka-regissor-Nordplus-1152x1536.jpg 1152w, https:\/\/blogs2.abo.fi\/rrrnordicnetwork\/wp-content\/uploads\/sites\/194\/2022\/06\/Katinka-regissor-Nordplus-1536x2048.jpg 1536w, https:\/\/blogs2.abo.fi\/rrrnordicnetwork\/wp-content\/uploads\/sites\/194\/2022\/06\/Katinka-regissor-Nordplus-scaled.jpg 1920w\" sizes=\"auto, (max-width: 225px) 100vw, 225px\" \/><\/p>\n<p>&nbsp;<\/p>\n<p>Information om Nordplusvecka i Vasa vid \u00c5bo Akademis utrymmen i Academill, Strandgatan 2.<\/p>\n<p>30.4 og 1.5. 2022 Workshop for \u00e5 produsere undervisningsmaterial for RRR-kurser (kan deles med RRr-nettverket senere).<\/p>\n<p>Nordpluskurs R\u00f8st, retorikk og relasjoner. (Profesjonell muntlighet)<\/p>\n<p><strong>Fullf\u00f6rt 5 sp R\u00f6st, retorik och relationer som Nordpluskurs vid \u00c5bo Akademi i Vasa. Examen 22.6. 2022<\/strong><\/p>\n<p>Sigrid Ducander<\/p>\n<p>Sirkka Ivakko<\/p>\n<p>Katinka Brodin<\/p>\n<p>Karl Roger Melby<\/p>\n<p>John \u00c5ge Boman Homleid<\/p>\n<p>Maria Br\u00e4nnstr\u00f6m<\/p>\n<p>&nbsp;<\/p>\n<p>&nbsp;<\/p>\n<p>&nbsp;<\/p>\n<p>&nbsp;<\/p>\n<p>&nbsp;<\/p>\n","protected":false},"excerpt":{"rendered":"<p>Nordpluskurs i Reykjavik 11-16maj 2024 Schoolof education arrangerar Nordpluskurs med 16 deltagare och 8 l\u00e4rare, intensivkurs R\u00f6st, retorik och relationer. The course language will mainly be English. Responsible persons: Rannveig Bj\u00f3rk Thorkilsdottir, Jona Gudrun Jonsdottir and John \u00c5ge Boman Homleid Nordplusaktivitet USN har beviljats 27800 euro f\u00f6r en intensivkurs R\u00f6st, retorik, relationer (5 sp). Kursen &hellip; <\/p>\n<p class=\"link-more\"><a href=\"https:\/\/blogs2.abo.fi\/rrrnordicnetwork\/nordplusactivities\/\" class=\"more-link\">Forts\u00e4tt l\u00e4sa<span class=\"screen-reader-text\"> \u201dNordplusaktiviteter og treningsvideoer\u201d<\/span><\/a><\/p>\n","protected":false},"author":640,"featured_media":0,"parent":0,"menu_order":0,"comment_status":"closed","ping_status":"closed","template":"","meta":{"footnotes":""},"class_list":["post-32","page","type-page","status-publish","hentry"],"_links":{"self":[{"href":"https:\/\/blogs2.abo.fi\/rrrnordicnetwork\/wp-json\/wp\/v2\/pages\/32","targetHints":{"allow":["GET"]}}],"collection":[{"href":"https:\/\/blogs2.abo.fi\/rrrnordicnetwork\/wp-json\/wp\/v2\/pages"}],"about":[{"href":"https:\/\/blogs2.abo.fi\/rrrnordicnetwork\/wp-json\/wp\/v2\/types\/page"}],"author":[{"embeddable":true,"href":"https:\/\/blogs2.abo.fi\/rrrnordicnetwork\/wp-json\/wp\/v2\/users\/640"}],"replies":[{"embeddable":true,"href":"https:\/\/blogs2.abo.fi\/rrrnordicnetwork\/wp-json\/wp\/v2\/comments?post=32"}],"version-history":[{"count":29,"href":"https:\/\/blogs2.abo.fi\/rrrnordicnetwork\/wp-json\/wp\/v2\/pages\/32\/revisions"}],"predecessor-version":[{"id":311,"href":"https:\/\/blogs2.abo.fi\/rrrnordicnetwork\/wp-json\/wp\/v2\/pages\/32\/revisions\/311"}],"wp:attachment":[{"href":"https:\/\/blogs2.abo.fi\/rrrnordicnetwork\/wp-json\/wp\/v2\/media?parent=32"}],"curies":[{"name":"wp","href":"https:\/\/api.w.org\/{rel}","templated":true}]}}