{"id":135,"date":"2021-11-07T14:29:54","date_gmt":"2021-11-07T13:29:54","guid":{"rendered":"https:\/\/blogs2.abo.fi\/rrrnordicnetwork\/?page_id=135"},"modified":"2024-08-21T08:56:35","modified_gmt":"2024-08-21T06:56:35","slug":"deltagere-participants","status":"publish","type":"page","link":"https:\/\/blogs2.abo.fi\/rrrnordicnetwork\/deltagere-participants\/","title":{"rendered":"Deltagere Participants"},"content":{"rendered":"<p>Camilla Angeltun, USN<br \/>\nJuliette Boks-Vlemmix, \u00c5A o. NTNU<br \/>\nMaria Br\u00e4nnstr\u00f6m, \u00c5A o. LU<br \/>\nNina Dahl-Tallgren, \u00c5A o. WT<br \/>\nBente Fossvold-J\u00f8rum, \u00c5A o. NTNU<br \/>\nJ\u00f3na Gudrun Gudmunsdottir, School of Education, Iceland<br \/>\nRia Heil\u00e4-Ylikallio, \u00c5A<br \/>\nJon Aage Boman Homleid, \u00c5A<br \/>\nCecilia Olsson Jers, Linn\u00e9universitetet, V\u00e4xsj\u00f6<br \/>\nAnne-Grete Kaldahl, Oslo Met<br \/>\nSuvi Karjalainen, UU<br \/>\nAnna Norrback, \u00c5A, Vasa \u00f6vningsskola<br \/>\nLaila Alexandersen Nutti, Samisk h\u00f8gskole, Karasjok, University of Lapland<br \/>\nSveinung N\u00e6ss, NTNU o. Nord u.<br \/>\n\u00c1sa Helga Ragnarsdottir, School of Education, University of Iceland<br \/>\nKristin Solli Sch\u00f8ien, USN<br \/>\nAnders Sigrell, LU<br \/>\nMagdalena Snickars, \u00c5A<br \/>\nSigrun Svenkerud, USN<br \/>\nPaul Strand, LU<br \/>\nRannveig Bj\u00f3rk Thorkilsd\u00f3ttir, School of Education, University of Iceland<br \/>\nLina Teir, USN<br \/>\nViveka Lyberg \u00c5hlander, \u00c5A<br \/>\nAnna-Lena \u00d8stern, \u00c5A<br \/>\nJohanna Bj\u00f6rkell, \u00c5A<br \/>\nAnnika Wiklund-Engblom, UMU<\/p>\n","protected":false},"excerpt":{"rendered":"<p>Camilla Angeltun, USN Juliette Boks-Vlemmix, \u00c5A o. NTNU Maria Br\u00e4nnstr\u00f6m, \u00c5A o. LU Nina Dahl-Tallgren, \u00c5A o. WT Bente Fossvold-J\u00f8rum, \u00c5A o. NTNU J\u00f3na Gudrun Gudmunsdottir, School of Education, Iceland Ria Heil\u00e4-Ylikallio, \u00c5A Jon Aage Boman Homleid, \u00c5A Cecilia Olsson Jers, Linn\u00e9universitetet, V\u00e4xsj\u00f6 Anne-Grete Kaldahl, Oslo Met Suvi Karjalainen, UU Anna Norrback, \u00c5A, Vasa \u00f6vningsskola &hellip; <\/p>\n<p class=\"link-more\"><a href=\"https:\/\/blogs2.abo.fi\/rrrnordicnetwork\/deltagere-participants\/\" class=\"more-link\">Forts\u00e4tt l\u00e4sa<span class=\"screen-reader-text\"> \u201dDeltagere Participants\u201d<\/span><\/a><\/p>\n","protected":false},"author":640,"featured_media":0,"parent":0,"menu_order":0,"comment_status":"closed","ping_status":"closed","template":"","meta":{"footnotes":""},"class_list":["post-135","page","type-page","status-publish","hentry"],"_links":{"self":[{"href":"https:\/\/blogs2.abo.fi\/rrrnordicnetwork\/wp-json\/wp\/v2\/pages\/135","targetHints":{"allow":["GET"]}}],"collection":[{"href":"https:\/\/blogs2.abo.fi\/rrrnordicnetwork\/wp-json\/wp\/v2\/pages"}],"about":[{"href":"https:\/\/blogs2.abo.fi\/rrrnordicnetwork\/wp-json\/wp\/v2\/types\/page"}],"author":[{"embeddable":true,"href":"https:\/\/blogs2.abo.fi\/rrrnordicnetwork\/wp-json\/wp\/v2\/users\/640"}],"replies":[{"embeddable":true,"href":"https:\/\/blogs2.abo.fi\/rrrnordicnetwork\/wp-json\/wp\/v2\/comments?post=135"}],"version-history":[{"count":9,"href":"https:\/\/blogs2.abo.fi\/rrrnordicnetwork\/wp-json\/wp\/v2\/pages\/135\/revisions"}],"predecessor-version":[{"id":322,"href":"https:\/\/blogs2.abo.fi\/rrrnordicnetwork\/wp-json\/wp\/v2\/pages\/135\/revisions\/322"}],"wp:attachment":[{"href":"https:\/\/blogs2.abo.fi\/rrrnordicnetwork\/wp-json\/wp\/v2\/media?parent=135"}],"curies":[{"name":"wp","href":"https:\/\/api.w.org\/{rel}","templated":true}]}}