{"id":29,"date":"2018-11-05T02:39:29","date_gmt":"2018-11-05T00:39:29","guid":{"rendered":"http:\/\/blogs2.abo.fi\/religionsmoten\/?page_id=29"},"modified":"2019-03-28T15:05:33","modified_gmt":"2019-03-28T13:05:33","slug":"projektarbeten","status":"publish","type":"page","link":"https:\/\/blogs2.abo.fi\/religionsmoten\/projektarbeten\/","title":{"rendered":"Projektarbeten"},"content":{"rendered":"<p><a href=\"http:\/\/blogs2.abo.fi\/religionsmoten\/projektarbeten\/konst-och-religionsdialog\/\">Konst och religionsdialog<\/a><\/p>\n<p><a href=\"http:\/\/blogs2.abo.fi\/religionsmoten\/projektarbeten\/den-mangreligiosa-skolan\/\">Den m\u00e5ngreligi\u00f6sa skolan<\/a><\/p>\n<p><a href=\"http:\/\/blogs2.abo.fi\/religionsmoten\/frammande-religioner-ur-forsamlingsarbetarens-synvinkel\/\">Fr\u00e4mmande religioner ur f\u00f6rsamlingsarbetarens synvinkel<\/a><\/p>\n<p><a href=\"http:\/\/blogs2.abo.fi\/religionsmoten\/projektarbeten\/religioners-gemensamma-utmaningar-i-samhallet\/\">Religioners gemensamma utmaningar i samh\u00e4llet<\/a><\/p>\n<p><a href=\"http:\/\/blogs2.abo.fi\/religionsmoten\/projektarbeten\/extremistiska-foreteelser-i-vara-religioner\/\">Extremistiska f\u00f6reteelser i v\u00e5ra religioner<\/a><\/p>\n<p><a href=\"http:\/\/blogs2.abo.fi\/religionsmoten\/projektarbeten\/som-muslim-i-en-vastlig-kultur-konfrontation-med-vanor-och-lagen\/\">Som muslim i en v\u00e4stlig kultur<\/a><\/p>\n<p><a href=\"http:\/\/blogs2.abo.fi\/religionsmoten\/projektarbeten\/judarna-och-evangeliet\/\">Judarna och evangeliet<\/a><\/p>\n<p><a href=\"http:\/\/blogs2.abo.fi\/religionsmoten\/projektarbeten\/mission-bland-muslimer\/\">Mission bland muslimer<\/a><\/p>\n<p>Mer skriftligt och audiovisuellt material, producerat av kursdeltagarna, finns under &#8221;Rapporter och \u00f6vriga alster&#8221;.<\/p>\n","protected":false},"excerpt":{"rendered":"<p>Konst och religionsdialog Den m\u00e5ngreligi\u00f6sa skolan Fr\u00e4mmande religioner ur f\u00f6rsamlingsarbetarens synvinkel Religioners gemensamma utmaningar i samh\u00e4llet Extremistiska f\u00f6reteelser i v\u00e5ra religioner Som muslim i en v\u00e4stlig kultur Judarna och evangeliet Mission bland muslimer Mer skriftligt och audiovisuellt material, producerat av kursdeltagarna, finns under &#8221;Rapporter och \u00f6vriga alster&#8221;.<\/p>\n","protected":false},"author":94,"featured_media":0,"parent":0,"menu_order":0,"comment_status":"closed","ping_status":"closed","template":"","meta":{"footnotes":""},"class_list":["post-29","page","type-page","status-publish","hentry"],"_links":{"self":[{"href":"https:\/\/blogs2.abo.fi\/religionsmoten\/wp-json\/wp\/v2\/pages\/29","targetHints":{"allow":["GET"]}}],"collection":[{"href":"https:\/\/blogs2.abo.fi\/religionsmoten\/wp-json\/wp\/v2\/pages"}],"about":[{"href":"https:\/\/blogs2.abo.fi\/religionsmoten\/wp-json\/wp\/v2\/types\/page"}],"author":[{"embeddable":true,"href":"https:\/\/blogs2.abo.fi\/religionsmoten\/wp-json\/wp\/v2\/users\/94"}],"replies":[{"embeddable":true,"href":"https:\/\/blogs2.abo.fi\/religionsmoten\/wp-json\/wp\/v2\/comments?post=29"}],"version-history":[{"count":24,"href":"https:\/\/blogs2.abo.fi\/religionsmoten\/wp-json\/wp\/v2\/pages\/29\/revisions"}],"predecessor-version":[{"id":288,"href":"https:\/\/blogs2.abo.fi\/religionsmoten\/wp-json\/wp\/v2\/pages\/29\/revisions\/288"}],"wp:attachment":[{"href":"https:\/\/blogs2.abo.fi\/religionsmoten\/wp-json\/wp\/v2\/media?parent=29"}],"curies":[{"name":"wp","href":"https:\/\/api.w.org\/{rel}","templated":true}]}}