{"id":26,"date":"2018-11-05T02:39:11","date_gmt":"2018-11-05T00:39:11","guid":{"rendered":"http:\/\/blogs2.abo.fi\/religionsmoten\/?page_id=26"},"modified":"2019-04-15T19:20:54","modified_gmt":"2019-04-15T17:20:54","slug":"rapporter","status":"publish","type":"page","link":"https:\/\/blogs2.abo.fi\/religionsmoten\/rapporter\/","title":{"rendered":"Rapporter och \u00f6vriga bidrag"},"content":{"rendered":"<p>Hanna Karppinens och Saara Sepp\u00e4l\u00e4s <a href=\"https:\/\/www.teologia.fi\/ajankohtaista\/1620-monoteististen-uskontojen-edustajat-keskustelivat-ilosta-riemusta-ja-juhlimisesta-pyhissae-teksteissaeaen\">rapport<\/a> p\u00e5 finska om tre religioners diskussion 19.3.2019<\/p>\n<p>Denise Blomqvists <a href=\"https:\/\/www.teologia.fi\/ajankohtaista\/1584-tre-religioners-dialog-om-boenen-plats-och-boenehus-lyssnande-diskussion-kring-skrifterna\" target=\"_blank\" rel=\"noopener\">rapport<\/a> p\u00e5 svenska om tre religioners diskussion 7.10.2018<\/p>\n<p>Sonja Shaikhs <a href=\"https:\/\/www.teologia.fi\/ajankohtaista\/1583-katajanokalla-sopu-sijaa-antaa-raportti-abrahamilaisten-uskontojen-vaelisestae-keskustelutilaisuudesta\" target=\"_blank\" rel=\"noopener\">rapport<\/a> p\u00e5 finska om tre religioners diskussion 7.10.2018<\/p>\n<p>Kim Groops <a href=\"http:\/\/www.polininstitutet.fi\/polin-institutet-i-london\/\">rapport<\/a> om studieresan p\u00e5 Polin-institutets webbsida.<\/p>\n<p>Pontus Eriksson intervjuar \u00f6verrabbinen Simon Livson p\u00e5 engelska (30 min.)<\/p>\n<p><iframe loading=\"lazy\" title=\"Living as a Jew in Finland with Rabbi Simon Livson\" width=\"660\" height=\"371\" src=\"https:\/\/www.youtube.com\/embed\/pZ-gKlEY5kA?feature=oembed\" frameborder=\"0\" allow=\"accelerometer; autoplay; clipboard-write; encrypted-media; gyroscope; picture-in-picture; web-share\" referrerpolicy=\"strict-origin-when-cross-origin\" allowfullscreen><\/iframe><\/p>\n<p>&nbsp;<\/p>\n","protected":false},"excerpt":{"rendered":"<p>Hanna Karppinens och Saara Sepp\u00e4l\u00e4s rapport p\u00e5 finska om tre religioners diskussion 19.3.2019 Denise Blomqvists rapport p\u00e5 svenska om tre religioners diskussion 7.10.2018 Sonja Shaikhs rapport p\u00e5 finska om tre religioners diskussion 7.10.2018 Kim Groops rapport om studieresan p\u00e5 Polin-institutets webbsida. Pontus Eriksson intervjuar \u00f6verrabbinen Simon Livson p\u00e5 engelska (30 min.) &nbsp;<\/p>\n","protected":false},"author":94,"featured_media":0,"parent":0,"menu_order":0,"comment_status":"closed","ping_status":"closed","template":"","meta":{"footnotes":""},"class_list":["post-26","page","type-page","status-publish","hentry"],"_links":{"self":[{"href":"https:\/\/blogs2.abo.fi\/religionsmoten\/wp-json\/wp\/v2\/pages\/26","targetHints":{"allow":["GET"]}}],"collection":[{"href":"https:\/\/blogs2.abo.fi\/religionsmoten\/wp-json\/wp\/v2\/pages"}],"about":[{"href":"https:\/\/blogs2.abo.fi\/religionsmoten\/wp-json\/wp\/v2\/types\/page"}],"author":[{"embeddable":true,"href":"https:\/\/blogs2.abo.fi\/religionsmoten\/wp-json\/wp\/v2\/users\/94"}],"replies":[{"embeddable":true,"href":"https:\/\/blogs2.abo.fi\/religionsmoten\/wp-json\/wp\/v2\/comments?post=26"}],"version-history":[{"count":9,"href":"https:\/\/blogs2.abo.fi\/religionsmoten\/wp-json\/wp\/v2\/pages\/26\/revisions"}],"predecessor-version":[{"id":295,"href":"https:\/\/blogs2.abo.fi\/religionsmoten\/wp-json\/wp\/v2\/pages\/26\/revisions\/295"}],"wp:attachment":[{"href":"https:\/\/blogs2.abo.fi\/religionsmoten\/wp-json\/wp\/v2\/media?parent=26"}],"curies":[{"name":"wp","href":"https:\/\/api.w.org\/{rel}","templated":true}]}}