{"id":23,"date":"2018-11-05T02:38:55","date_gmt":"2018-11-05T00:38:55","guid":{"rendered":"http:\/\/blogs2.abo.fi\/religionsmoten\/?page_id=23"},"modified":"2019-03-28T15:10:58","modified_gmt":"2019-03-28T13:10:58","slug":"studieresan-till-london","status":"publish","type":"page","link":"https:\/\/blogs2.abo.fi\/religionsmoten\/studieresan-till-london\/","title":{"rendered":"Studieresan till London och Cambridge"},"content":{"rendered":"<p>Du hittar en kort sammanfattning av studieresan p\u00e5 <a href=\"http:\/\/www.polininstitutet.fi\/polin-institutet-i-london\/\">Polin-institutets webbsidor<\/a>.<\/p>\n<p>H\u00e4r kan du se huvudpunkterna av\u00a0 <a href=\"http:\/\/blogs2.abo.fi\/religionsmoten\/wp-content\/uploads\/sites\/110\/2019\/01\/London.pdf\">studieresan i bilder<\/a>.<\/p>\n<p>Blogginl\u00e4ggen fr\u00e5n studieresan kan l\u00e4sas <a href=\"http:\/\/blogs2.abo.fi\/religionsmoten\/blogginlagg\/\">h\u00e4r<\/a>.<\/p>\n<p>Via dessa l\u00e4nkar kan Du bekanta dig n\u00e4rmare med de st\u00e4llen som kursen bes\u00f6kte under sin studieresa:<\/p>\n<p><a href=\"https:\/\/www.islamic-college.ac.uk\/\" target=\"_blank\" rel=\"noopener\">The Islamic College<\/a><\/p>\n<p><a href=\"http:\/\/www.iccuk.org\/\">London Central Mosque &amp; Cultural Centre<\/a><\/p>\n<p><a href=\"https:\/\/www.woolf.cam.ac.uk\/\">The Woolf Institute, Cambridge<\/a><\/p>\n<p><a href=\"https:\/\/www.divinity.cam.ac.uk\/\">Cambridge University, Faculty of Divinity<\/a><\/p>\n<p><a href=\"http:\/\/southwark.anglican.org\/\">Southwark Diocese, Church of England<\/a><\/p>\n<p><a href=\"http:\/\/www.sistersofourladyofsion.org\/JewishChristianRelations.aspx\">Sisters of Our Lady of Sion, London<\/a><\/p>\n<p><a href=\"https:\/\/www.marblearch.org.uk\/\">Western Marble Arch Synagogue<\/a><\/p>\n<p><a href=\"https:\/\/www.britishmuseum.org\/\">British Museum<\/a><\/p>\n<p><a href=\"https:\/\/www.mayflowerpub.co.uk\/\">The Mayflower Pub, Rothehithe Village<\/a><\/p>\n","protected":false},"excerpt":{"rendered":"<p>Du hittar en kort sammanfattning av studieresan p\u00e5 Polin-institutets webbsidor. H\u00e4r kan du se huvudpunkterna av\u00a0 studieresan i bilder. Blogginl\u00e4ggen fr\u00e5n studieresan kan l\u00e4sas h\u00e4r. Via dessa l\u00e4nkar kan Du bekanta dig n\u00e4rmare med de st\u00e4llen som kursen bes\u00f6kte under sin studieresa: The Islamic College London Central Mosque &amp; Cultural Centre The Woolf Institute, Cambridge &hellip; <a href=\"https:\/\/blogs2.abo.fi\/religionsmoten\/studieresan-till-london\/\" class=\"more-link\">Forts\u00e4tt l\u00e4sa <span class=\"screen-reader-text\">Studieresan till London och Cambridge<\/span><\/a><\/p>\n","protected":false},"author":94,"featured_media":0,"parent":0,"menu_order":0,"comment_status":"closed","ping_status":"closed","template":"","meta":{"footnotes":""},"class_list":["post-23","page","type-page","status-publish","hentry"],"_links":{"self":[{"href":"https:\/\/blogs2.abo.fi\/religionsmoten\/wp-json\/wp\/v2\/pages\/23","targetHints":{"allow":["GET"]}}],"collection":[{"href":"https:\/\/blogs2.abo.fi\/religionsmoten\/wp-json\/wp\/v2\/pages"}],"about":[{"href":"https:\/\/blogs2.abo.fi\/religionsmoten\/wp-json\/wp\/v2\/types\/page"}],"author":[{"embeddable":true,"href":"https:\/\/blogs2.abo.fi\/religionsmoten\/wp-json\/wp\/v2\/users\/94"}],"replies":[{"embeddable":true,"href":"https:\/\/blogs2.abo.fi\/religionsmoten\/wp-json\/wp\/v2\/comments?post=23"}],"version-history":[{"count":15,"href":"https:\/\/blogs2.abo.fi\/religionsmoten\/wp-json\/wp\/v2\/pages\/23\/revisions"}],"predecessor-version":[{"id":289,"href":"https:\/\/blogs2.abo.fi\/religionsmoten\/wp-json\/wp\/v2\/pages\/23\/revisions\/289"}],"wp:attachment":[{"href":"https:\/\/blogs2.abo.fi\/religionsmoten\/wp-json\/wp\/v2\/media?parent=23"}],"curies":[{"name":"wp","href":"https:\/\/api.w.org\/{rel}","templated":true}]}}