{"id":174,"date":"2018-12-17T11:25:05","date_gmt":"2018-12-17T09:25:05","guid":{"rendered":"http:\/\/blogs2.abo.fi\/religionsmoten\/?page_id=174"},"modified":"2019-03-28T16:15:32","modified_gmt":"2019-03-28T14:15:32","slug":"startsida","status":"publish","type":"page","link":"https:\/\/blogs2.abo.fi\/religionsmoten\/","title":{"rendered":"V\u00e4lkommen"},"content":{"rendered":"<p style=\"text-align: center\">V\u00e4lkommen till temakursens, <strong>&#8221;Teologiska perspektiv p\u00e5 religionsm\u00f6ten&#8221;<\/strong>,\u00a0 webbsida! Kursen ordnades h\u00f6sten 2018 i teologiska utbildningslinjen vid \u00c5bo Akademi. Under kursen studerades de tre abrahamitiska religionernas m\u00f6ten i historia och nutid ur olika synvinklar. Kursen gjorde en studieresa till London och Cambridge. Kursdeltagarna f\u00f6rdjupade sig ocks\u00e5 i olika teman och gjorde intervjuer. Dessa projektarbeten kan man bekanta sig med p\u00e5 den h\u00e4r webbplatsen.<\/p>\n<figure id=\"attachment_203\" aria-describedby=\"caption-attachment-203\" style=\"width: 447px\" class=\"wp-caption aligncenter\"><img loading=\"lazy\" decoding=\"async\" class=\"wp-image-203 \" src=\"http:\/\/blogs2.abo.fi\/religionsmoten\/wp-content\/uploads\/sites\/110\/2018\/12\/DSC_0938-300x169.jpg\" alt=\"\" width=\"447\" height=\"252\" srcset=\"https:\/\/blogs2.abo.fi\/religionsmoten\/wp-content\/uploads\/sites\/110\/2018\/12\/DSC_0938-300x169.jpg 300w, https:\/\/blogs2.abo.fi\/religionsmoten\/wp-content\/uploads\/sites\/110\/2018\/12\/DSC_0938-768x432.jpg 768w, https:\/\/blogs2.abo.fi\/religionsmoten\/wp-content\/uploads\/sites\/110\/2018\/12\/DSC_0938-1024x576.jpg 1024w\" sizes=\"auto, (max-width: 447px) 100vw, 447px\" \/><figcaption id=\"caption-attachment-203\" class=\"wp-caption-text\"><strong>Kursen tr\u00e4ffar \u00f6verrabbinen och synagogans f\u00f6rman i \u00c5bo.<\/strong><\/figcaption><\/figure>\n<p>&nbsp;<\/p>\n<p>&nbsp;<\/p>\n","protected":false},"excerpt":{"rendered":"<p>V\u00e4lkommen till temakursens, &#8221;Teologiska perspektiv p\u00e5 religionsm\u00f6ten&#8221;,\u00a0 webbsida! Kursen ordnades h\u00f6sten 2018 i teologiska utbildningslinjen vid \u00c5bo Akademi. Under kursen studerades de tre abrahamitiska religionernas m\u00f6ten i historia och nutid ur olika synvinklar. Kursen gjorde en studieresa till London och Cambridge. Kursdeltagarna f\u00f6rdjupade sig ocks\u00e5 i olika teman och gjorde intervjuer. Dessa projektarbeten kan man &hellip; <a href=\"https:\/\/blogs2.abo.fi\/religionsmoten\/\" class=\"more-link\">Forts\u00e4tt l\u00e4sa <span class=\"screen-reader-text\">V\u00e4lkommen<\/span><\/a><\/p>\n","protected":false},"author":8,"featured_media":0,"parent":0,"menu_order":0,"comment_status":"closed","ping_status":"closed","template":"","meta":{"footnotes":""},"class_list":["post-174","page","type-page","status-publish","hentry"],"_links":{"self":[{"href":"https:\/\/blogs2.abo.fi\/religionsmoten\/wp-json\/wp\/v2\/pages\/174","targetHints":{"allow":["GET"]}}],"collection":[{"href":"https:\/\/blogs2.abo.fi\/religionsmoten\/wp-json\/wp\/v2\/pages"}],"about":[{"href":"https:\/\/blogs2.abo.fi\/religionsmoten\/wp-json\/wp\/v2\/types\/page"}],"author":[{"embeddable":true,"href":"https:\/\/blogs2.abo.fi\/religionsmoten\/wp-json\/wp\/v2\/users\/8"}],"replies":[{"embeddable":true,"href":"https:\/\/blogs2.abo.fi\/religionsmoten\/wp-json\/wp\/v2\/comments?post=174"}],"version-history":[{"count":14,"href":"https:\/\/blogs2.abo.fi\/religionsmoten\/wp-json\/wp\/v2\/pages\/174\/revisions"}],"predecessor-version":[{"id":293,"href":"https:\/\/blogs2.abo.fi\/religionsmoten\/wp-json\/wp\/v2\/pages\/174\/revisions\/293"}],"wp:attachment":[{"href":"https:\/\/blogs2.abo.fi\/religionsmoten\/wp-json\/wp\/v2\/media?parent=174"}],"curies":[{"name":"wp","href":"https:\/\/api.w.org\/{rel}","templated":true}]}}