{"id":22,"date":"2022-06-16T09:02:30","date_gmt":"2022-06-16T09:02:30","guid":{"rendered":"https:\/\/blogs2.abo.fi\/religionlearning\/?page_id=22"},"modified":"2022-09-23T09:37:49","modified_gmt":"2022-09-23T09:37:49","slug":"dinner","status":"publish","type":"page","link":"https:\/\/blogs2.abo.fi\/religionlearning\/dinner\/","title":{"rendered":"Dinner"},"content":{"rendered":"<p><img loading=\"lazy\" decoding=\"async\" class=\"alignnone size-medium wp-image-128\" src=\"http:\/\/blogs2.abo.fi\/religionlearning\/wp-content\/uploads\/sites\/222\/2022\/09\/Karen-300x169.jpg\" alt=\"\" width=\"300\" height=\"169\" srcset=\"https:\/\/blogs2.abo.fi\/religionlearning\/wp-content\/uploads\/sites\/222\/2022\/09\/Karen-300x169.jpg 300w, https:\/\/blogs2.abo.fi\/religionlearning\/wp-content\/uploads\/sites\/222\/2022\/09\/Karen-1024x576.jpg 1024w, https:\/\/blogs2.abo.fi\/religionlearning\/wp-content\/uploads\/sites\/222\/2022\/09\/Karen-768x432.jpg 768w, https:\/\/blogs2.abo.fi\/religionlearning\/wp-content\/uploads\/sites\/222\/2022\/09\/Karen-1536x864.jpg 1536w, https:\/\/blogs2.abo.fi\/religionlearning\/wp-content\/uploads\/sites\/222\/2022\/09\/Karen-2048x1152.jpg 2048w\" sizes=\"auto, (max-width: 300px) 100vw, 300px\" \/><\/p>\n<p>The conference dinner will take place on Tuesday evening, May 16, in <a href=\"https:\/\/www.karen.fi\/sv\/\">Restaurant K\u00e5ren<\/a> in the renowned K\u00e5ren-building on Tavastgatan 22\/ H\u00e4meenkatu 22. <a href=\"https:\/\/www.abo.fi\/wp-content\/uploads\/2021\/06\/abo_campus_2021.pdf\">On the campus map<\/a>, K\u00e5ren is \u00c54.<\/p>\n<p>Included in the dinner is a three-course vegetarian menu, a welcome drink and a glass of wine. Additional drinks can be purchased at the venue.<\/p>\n<p>Please sign up for the dinner when you register for the conference. There is an additional fee for the dinner.<\/p>\n<p>&nbsp;<\/p>\n","protected":false},"excerpt":{"rendered":"<p>The conference dinner will take place on Tuesday evening, May 16, in Restaurant K\u00e5ren in the renowned K\u00e5ren-building on Tavastgatan 22\/ H\u00e4meenkatu 22. On the campus map, K\u00e5ren is \u00c54. Included in the dinner is a three-course vegetarian menu, a welcome drink and a glass of wine. Additional drinks can be purchased at the venue. &hellip; <\/p>\n<p class=\"link-more\"><a href=\"https:\/\/blogs2.abo.fi\/religionlearning\/dinner\/\" class=\"more-link\">Forts\u00e4tt l\u00e4sa<span class=\"screen-reader-text\"> \u201dDinner\u201d<\/span><\/a><\/p>\n","protected":false},"author":740,"featured_media":0,"parent":0,"menu_order":0,"comment_status":"closed","ping_status":"closed","template":"","meta":{"footnotes":""},"class_list":["post-22","page","type-page","status-publish","hentry"],"_links":{"self":[{"href":"https:\/\/blogs2.abo.fi\/religionlearning\/wp-json\/wp\/v2\/pages\/22","targetHints":{"allow":["GET"]}}],"collection":[{"href":"https:\/\/blogs2.abo.fi\/religionlearning\/wp-json\/wp\/v2\/pages"}],"about":[{"href":"https:\/\/blogs2.abo.fi\/religionlearning\/wp-json\/wp\/v2\/types\/page"}],"author":[{"embeddable":true,"href":"https:\/\/blogs2.abo.fi\/religionlearning\/wp-json\/wp\/v2\/users\/740"}],"replies":[{"embeddable":true,"href":"https:\/\/blogs2.abo.fi\/religionlearning\/wp-json\/wp\/v2\/comments?post=22"}],"version-history":[{"count":9,"href":"https:\/\/blogs2.abo.fi\/religionlearning\/wp-json\/wp\/v2\/pages\/22\/revisions"}],"predecessor-version":[{"id":134,"href":"https:\/\/blogs2.abo.fi\/religionlearning\/wp-json\/wp\/v2\/pages\/22\/revisions\/134"}],"wp:attachment":[{"href":"https:\/\/blogs2.abo.fi\/religionlearning\/wp-json\/wp\/v2\/media?parent=22"}],"curies":[{"name":"wp","href":"https:\/\/api.w.org\/{rel}","templated":true}]}}