{"id":33,"date":"2016-09-15T15:55:18","date_gmt":"2016-09-15T12:55:18","guid":{"rendered":"http:\/\/blogs2.abo.fi\/refe\/?page_id=33"},"modified":"2016-10-14T08:58:38","modified_gmt":"2016-10-14T05:58:38","slug":"registration","status":"publish","type":"page","link":"https:\/\/blogs2.abo.fi\/refe\/registration\/","title":{"rendered":"Registration"},"content":{"rendered":"<p>The registration fee for the conference is 100 \u20ac. The fee should be paid by <strong>February 28, 2017<\/strong>.<\/p>\n<p>Account number: Nordea FI12 2057 1800 0200 55; BIC CODE: NDEAFIHH<\/p>\n<p>Name of the account holder: Stiftelsen f\u00f6r \u00c5bo Akademi (Foundation of \u00c5bo Akademi University)<\/p>\n<p>Reference: Refe<\/p>\n<p>The registration fee includes lunches and coffee during the conference as well as\u00a0 a dinner organised in connection with the conference. Please indicate in your registration whether you wish to participate in the dinner. Please also indicate if you have special dietary needs.<\/p>\n<p>The registration fee does <strong>not<\/strong> include accommodation.<\/p>\n","protected":false},"excerpt":{"rendered":"<p>The registration fee for the conference is 100 \u20ac. The fee should be paid by February 28, 2017. Account number: Nordea FI12 2057 1800 0200 55; BIC CODE: NDEAFIHH Name of the account holder: Stiftelsen f\u00f6r \u00c5bo Akademi (Foundation of &hellip; <a href=\"https:\/\/blogs2.abo.fi\/refe\/registration\/\">Continue reading <span class=\"meta-nav\">&rarr;<\/span><\/a><\/p>\n","protected":false},"author":307,"featured_media":0,"parent":0,"menu_order":0,"comment_status":"closed","ping_status":"closed","template":"","meta":{"footnotes":""},"class_list":["post-33","page","type-page","status-publish","hentry"],"_links":{"self":[{"href":"https:\/\/blogs2.abo.fi\/refe\/wp-json\/wp\/v2\/pages\/33","targetHints":{"allow":["GET"]}}],"collection":[{"href":"https:\/\/blogs2.abo.fi\/refe\/wp-json\/wp\/v2\/pages"}],"about":[{"href":"https:\/\/blogs2.abo.fi\/refe\/wp-json\/wp\/v2\/types\/page"}],"author":[{"embeddable":true,"href":"https:\/\/blogs2.abo.fi\/refe\/wp-json\/wp\/v2\/users\/307"}],"replies":[{"embeddable":true,"href":"https:\/\/blogs2.abo.fi\/refe\/wp-json\/wp\/v2\/comments?post=33"}],"version-history":[{"count":4,"href":"https:\/\/blogs2.abo.fi\/refe\/wp-json\/wp\/v2\/pages\/33\/revisions"}],"predecessor-version":[{"id":198,"href":"https:\/\/blogs2.abo.fi\/refe\/wp-json\/wp\/v2\/pages\/33\/revisions\/198"}],"wp:attachment":[{"href":"https:\/\/blogs2.abo.fi\/refe\/wp-json\/wp\/v2\/media?parent=33"}],"curies":[{"name":"wp","href":"https:\/\/api.w.org\/{rel}","templated":true}]}}