{"id":76,"date":"2020-12-14T23:40:06","date_gmt":"2020-12-14T21:40:06","guid":{"rendered":"http:\/\/blogs2.abo.fi\/reboot\/?page_id=76"},"modified":"2022-04-27T10:30:38","modified_gmt":"2022-04-27T07:30:38","slug":"om-reboot","status":"publish","type":"page","link":"https:\/\/blogs2.abo.fi\/reboot\/om-reboot\/","title":{"rendered":"Om REBOOT"},"content":{"rendered":"<p style=\"font-size: 15px\"><span style=\"font-family: Digital, Arial, Helvetica, sans-serif\"><strong><a href=\"https:\/\/www.abo.fi\/projekt\/reboot-re-assesment-of-bullying-and-ostracism\/\" target=\"_blank\" rel=\"noopener noreferrer\">Projekt REBOOT<\/a><\/strong> (<em>Re-assessment of Bullying and Ostracism among Ostrobothnian Teenagers<\/em>) \u00e4r ett forskningsprojekt vid utvecklingspsykologiska enheten vid \u00c5bo Akademi som startades, i samarbete med Hebrew University of Jerusalem, v\u00e5ren 2019.<\/span><\/p>\n<p>&nbsp;<\/p>\n<p style=\"font-size: 15px\"><span style=\"font-family: Digital, Arial, Helvetica, sans-serif\"><strong>SYFTE\u00a0 OCH M\u00c5LS\u00c4TTNING<\/strong><\/span><\/p>\n<ul>\n<li>Att nyansera f\u00f6rst\u00e5elsen av ungas vardagsupplevelser och sociala interaktioner i skolmilj\u00f6 med hj\u00e4lp av mobilbaserade erfarenhetsinsamlingar, s\u00e5 kallade Experience Sampling Method (ESM).<\/li>\n<li>(ESM) \u00e4r en metod genom vilken man, exempelvis genom att f\u00f6ra en loggbok, kan beskriva vardagliga upplevelser.<\/li>\n<li>J\u00e4mf\u00f6rt med traditionella enk\u00e4ter har ESM-studier b\u00e4ttre m\u00f6jlighet att f\u00e5nga upp h\u00e4r-och-nu-upplevelser, och analysera individuella utvecklingsstigar i f\u00f6rh\u00e5llande till en viss situation eller milj\u00f6.<\/li>\n<li>Inom projektet piloteras ESM med fokus p\u00e5 mobbning och utanf\u00f6rskap bland h\u00f6gstadier i \u00d6sterbotten och Jerusalem, samtidigt som metoden och de digitala redskapen utv\u00e4rderas.<\/li>\n<li>P\u00e5 l\u00e4ngre sikt str\u00e4var projektet efter att etablera en forskningsplattform f\u00f6r ESM-studier inom FPV i Vasa, i syfte att erbjuda forskare och samh\u00e4llsakt\u00f6rer ett trov\u00e4rdigt verktyg f\u00f6r att utv\u00e4rdera praxis och interventioner i skolmilj\u00f6.<\/li>\n<li>Verktyget planeras i samarbete med <a href=\"http:\/\/explab.abo.fi\/reboot\/\">Experience Lab<\/a> och f\u00f6ljer en anv\u00e4ndarcentrerad design utvecklingsmetod.<\/li>\n<\/ul>\n<div data-tid=\"messageBodyContainer\">\n<div data-tid=\"messageBodyContent\">\n<div>\n<hr \/>\n<\/div>\n<p style=\"font-size: 15px\"><span style=\"font-family: Digital, Arial, Helvetica, sans-serif\"><strong>Projektledare<\/strong><br \/>\nPD Patrik S\u00f6derberg, universitetsl\u00e4rare i utvecklingspsykologi<br \/>\npatrik.soderberg@abo.fi<\/span><\/p>\n<hr \/>\n<p>&nbsp;<\/p>\n<\/div>\n<\/div>\n","protected":false},"excerpt":{"rendered":"<p>Projekt REBOOT (Re-assessment of Bullying and Ostracism among Ostrobothnian Teenagers) \u00e4r ett forskningsprojekt vid utvecklingspsykologiska enheten vid \u00c5bo Akademi som startades, i samarbete med Hebrew University of Jerusalem, v\u00e5ren 2019. &nbsp; SYFTE\u00a0 OCH M\u00c5LS\u00c4TTNING Att nyansera f\u00f6rst\u00e5elsen av ungas vardagsupplevelser och sociala interaktioner i skolmilj\u00f6 med hj\u00e4lp av mobilbaserade erfarenhetsinsamlingar, s\u00e5 kallade Experience Sampling Method [&hellip;]<\/p>\n","protected":false},"author":575,"featured_media":0,"parent":0,"menu_order":0,"comment_status":"closed","ping_status":"closed","template":"","meta":{"footnotes":""},"class_list":["post-76","page","type-page","status-publish","hentry"],"_links":{"self":[{"href":"https:\/\/blogs2.abo.fi\/reboot\/wp-json\/wp\/v2\/pages\/76","targetHints":{"allow":["GET"]}}],"collection":[{"href":"https:\/\/blogs2.abo.fi\/reboot\/wp-json\/wp\/v2\/pages"}],"about":[{"href":"https:\/\/blogs2.abo.fi\/reboot\/wp-json\/wp\/v2\/types\/page"}],"author":[{"embeddable":true,"href":"https:\/\/blogs2.abo.fi\/reboot\/wp-json\/wp\/v2\/users\/575"}],"replies":[{"embeddable":true,"href":"https:\/\/blogs2.abo.fi\/reboot\/wp-json\/wp\/v2\/comments?post=76"}],"version-history":[{"count":34,"href":"https:\/\/blogs2.abo.fi\/reboot\/wp-json\/wp\/v2\/pages\/76\/revisions"}],"predecessor-version":[{"id":435,"href":"https:\/\/blogs2.abo.fi\/reboot\/wp-json\/wp\/v2\/pages\/76\/revisions\/435"}],"wp:attachment":[{"href":"https:\/\/blogs2.abo.fi\/reboot\/wp-json\/wp\/v2\/media?parent=76"}],"curies":[{"name":"wp","href":"https:\/\/api.w.org\/{rel}","templated":true}]}}