{"id":60,"date":"2020-12-14T23:21:11","date_gmt":"2020-12-14T21:21:11","guid":{"rendered":"http:\/\/blogs2.abo.fi\/reboot\/?page_id=60"},"modified":"2022-11-17T10:35:23","modified_gmt":"2022-11-17T08:35:23","slug":"kontakt","status":"publish","type":"page","link":"https:\/\/blogs2.abo.fi\/reboot\/kontakt\/","title":{"rendered":"Kontakt"},"content":{"rendered":"<h1><\/h1>\n<p><span style=\"font-family: Digital, Arial, Helvetica, sans-serif\"><a href=\"https:\/\/www.abo.fi\/projekt\/reboot-re-assesment-of-bullying-and-ostracism\/\">Projekt REBOOT<\/a> \u00e4r ett forskningsprojekt inom \u00e4mnet utvecklingspsykologi, som \u00e4r en del av den socialvetenskapliga utbildningslinjen vid Fakulteten f\u00f6r pedagogik och v\u00e4lf\u00e4rdsstudier (FPV) vid \u00c5bo Akademi i Vasa.<\/span><\/p>\n<hr \/>\n<p style=\"text-align: left\"><strong>Bes\u00f6ksadress<\/strong><\/p>\n<p style=\"text-align: left\">Academill<br \/>\n\u00c5bo Akademi<br \/>\nStrandgatan 2<br \/>\n65100 VASA<\/p>\n<hr \/>\n<p><span style=\"font-family: Digital, Arial, Helvetica, sans-serif\"><strong>Projektledare<\/strong><br \/>\nPD Patrik S\u00f6derberg, universitetsl\u00e4rare i utvecklingspsykologi<br \/>\npatrik.soderberg@abo.fi<\/span><\/p>\n<p><span style=\"font-family: Digital, Arial, Helvetica, sans-serif\"><strong>Doktorand<\/strong><br \/>\nPM Martina M\u00f6ls\u00e4, doktorand i utvecklingspsykologi<br \/>\nmartina.molsa@abo.fi<\/span><\/p>\n<hr \/>\n<p>&nbsp;<\/p>\n","protected":false},"excerpt":{"rendered":"<p>Projekt REBOOT \u00e4r ett forskningsprojekt inom \u00e4mnet utvecklingspsykologi, som \u00e4r en del av den socialvetenskapliga utbildningslinjen vid Fakulteten f\u00f6r pedagogik och v\u00e4lf\u00e4rdsstudier (FPV) vid \u00c5bo Akademi i Vasa. Bes\u00f6ksadress Academill \u00c5bo Akademi Strandgatan 2 65100 VASA Projektledare PD Patrik S\u00f6derberg, universitetsl\u00e4rare i utvecklingspsykologi patrik.soderberg@abo.fi Doktorand PM Martina M\u00f6ls\u00e4, doktorand i utvecklingspsykologi martina.molsa@abo.fi &nbsp;<\/p>\n","protected":false},"author":575,"featured_media":0,"parent":0,"menu_order":0,"comment_status":"closed","ping_status":"closed","template":"","meta":{"footnotes":""},"class_list":["post-60","page","type-page","status-publish","hentry"],"_links":{"self":[{"href":"https:\/\/blogs2.abo.fi\/reboot\/wp-json\/wp\/v2\/pages\/60","targetHints":{"allow":["GET"]}}],"collection":[{"href":"https:\/\/blogs2.abo.fi\/reboot\/wp-json\/wp\/v2\/pages"}],"about":[{"href":"https:\/\/blogs2.abo.fi\/reboot\/wp-json\/wp\/v2\/types\/page"}],"author":[{"embeddable":true,"href":"https:\/\/blogs2.abo.fi\/reboot\/wp-json\/wp\/v2\/users\/575"}],"replies":[{"embeddable":true,"href":"https:\/\/blogs2.abo.fi\/reboot\/wp-json\/wp\/v2\/comments?post=60"}],"version-history":[{"count":23,"href":"https:\/\/blogs2.abo.fi\/reboot\/wp-json\/wp\/v2\/pages\/60\/revisions"}],"predecessor-version":[{"id":494,"href":"https:\/\/blogs2.abo.fi\/reboot\/wp-json\/wp\/v2\/pages\/60\/revisions\/494"}],"wp:attachment":[{"href":"https:\/\/blogs2.abo.fi\/reboot\/wp-json\/wp\/v2\/media?parent=60"}],"curies":[{"name":"wp","href":"https:\/\/api.w.org\/{rel}","templated":true}]}}