{"id":58,"date":"2020-12-14T23:21:11","date_gmt":"2020-12-14T21:21:11","guid":{"rendered":"http:\/\/blogs2.abo.fi\/reboot\/?page_id=58"},"modified":"2022-11-17T09:44:38","modified_gmt":"2022-11-17T07:44:38","slug":"aktuellt","status":"publish","type":"page","link":"https:\/\/blogs2.abo.fi\/reboot\/aktuellt\/","title":{"rendered":"Projektaktiviteter"},"content":{"rendered":"<h4>OKTOBER &#8211; DECEMBER 2022<\/h4>\n<p>ESM DATAINSAMLING (P\u00c5G\u00c5ENDE)<\/p>\n<ul>\n<li>Om l\u00e4rares m\u00e5ende och motivation och om elevers skoltrivsel<\/li>\n<li>Sampel: l\u00e4rare och elever vid tv\u00e5 h\u00f6gstadier och gymnasier i Svenskfinland<\/li>\n<li>Insamlingperiod: 10 skoldagar (2 veckor)<\/li>\n<\/ul>\n<h4><b style=\"font-family: Digital, Arial, Helvetica, sans-serif;font-size: 15px\">SEPTEMBER 2022<\/b><\/h4>\n<p>ESM DATAINSAMLING (PILOTSTUDIE)<\/p>\n<ul>\n<li>Om elevers skoltrivsel<\/li>\n<li>Sampel: <span class=\"TextRun SCXW68605108 BCX9\" lang=\"SV-SE\" xml:lang=\"SV-SE\" data-contrast=\"auto\"><span class=\"NormalTextRun SCXW68605108 BCX9\" data-ccp-parastyle=\"Title\">psykologiklass vid Vasa \u00f6vningsskolas gymnasium<\/span><\/span><\/li>\n<li>Insamlingsperiod: 10 skoldagar (2 veckor)<\/li>\n<\/ul>\n<h4><b style=\"font-family: Digital, Arial, Helvetica, sans-serif;font-size: 15px\">MAJ 2022<\/b><\/h4>\n<p>ESM DATAINSAMLING (PILOTSTUDIER)<\/p>\n<ul>\n<li>Om l\u00e4rares m\u00e5ende och motivation och om elevers skoltrivsel<\/li>\n<li>Sampel: l\u00e4rare och elever vid Petalax gymnasium och Peders\u00f6re gymnasium<\/li>\n<li>Insamlingsperiod: 8 skoldagar (1,5 vecka)<\/li>\n<\/ul>\n<h4><b>APRIL-MAJ 2021<\/b><\/h4>\n<p>ESM DATAINSAMLING (PILOTSTUDIE)<\/p>\n<ul>\n<li>Om vardagsupplevelser och v\u00e4lm\u00e5ende hos skolpersonal i Svenskfinland<\/li>\n<li>I samarbete med FSL (Finlands Svenska L\u00e4rarf\u00f6rbund)<\/li>\n<li>Insamlingsperiod: 1 vecka<\/li>\n<\/ul>\n<h4><b>APRIL 2021<\/b><\/h4>\n<div class=\"kvgmc6g5 cxmmr5t8 oygrvhab hcukyx3x c1et5uql ii04i59q\">\n<p dir=\"auto\"><strong>13.4.2021 Webbinarium: <\/strong>Mobbning och utanf\u00f6rskap bland barn och unga \u2013 aktuell forskning och konkreta verktyg<\/p>\n<p dir=\"auto\">PD Patrik S\u00f6derberg presenterade resultat fr\u00e5n projektet Reboots pilotstudie.\u00a0I studien har ton\u00e5ringar anv\u00e4nt en mobilapp d\u00e4r de har besvarat schemalagda fr\u00e5gor och beskrivit sina upplevelser som ber\u00f6r skolan, mobbning m.m<\/p>\n<\/div>\n<h4><b>NOVEMBER 2020<\/b><\/h4>\n<p><strong>T\u00e4nkartalko 26.11.2020 \u2013<\/strong> en interaktiv fortbildningsdag om skoltrivsel, mobbning och utanf\u00f6rskap<\/p>\n<p><strong>Workshop: Bakom kulisserna p\u00e5 projekt Reboot<\/strong><br \/>\nmed Martina M\u00f6ls\u00e4, projektforskare inom projekt REBOOT vid \u00c5bo Akademi, och Patrik S\u00f6derberg, projektledare f\u00f6r REBOOT. F\u00f6redrag:<em>\u00a0En vecka i h\u00f6gstadiet \u2013 rapport fr\u00e5n en pilotstudie om sjuors upplevelser och erfarenheter med hj\u00e4lp av en mobilapplikation i Korsholms h\u00f6gstadium v\u00e5ren 2020.<\/em><\/p>\n<h4><b>V\u00c5REN 2020<\/b><\/h4>\n<p>ESM DATAINSAMLING (PILOTSTUDIE)<\/p>\n<ul>\n<li>Sampel: h\u00f6gstadielever<\/li>\n<li>Insamlingsperiod: 1 vecka<\/li>\n<\/ul>\n<div class=\"o9v6fnle cxmmr5t8 oygrvhab hcukyx3x c1et5uql ii04i59q\">\n<div dir=\"auto\"><\/div>\n<\/div>\n","protected":false},"excerpt":{"rendered":"<p>OKTOBER &#8211; DECEMBER 2022 ESM DATAINSAMLING (P\u00c5G\u00c5ENDE) Om l\u00e4rares m\u00e5ende och motivation och om elevers skoltrivsel Sampel: l\u00e4rare och elever vid tv\u00e5 h\u00f6gstadier och gymnasier i Svenskfinland Insamlingperiod: 10 skoldagar (2 veckor) SEPTEMBER 2022 ESM DATAINSAMLING (PILOTSTUDIE) Om elevers skoltrivsel Sampel: psykologiklass vid Vasa \u00f6vningsskolas gymnasium Insamlingsperiod: 10 skoldagar (2 veckor) MAJ 2022 ESM DATAINSAMLING [&hellip;]<\/p>\n","protected":false},"author":575,"featured_media":0,"parent":0,"menu_order":0,"comment_status":"closed","ping_status":"closed","template":"","meta":{"footnotes":""},"class_list":["post-58","page","type-page","status-publish","hentry"],"_links":{"self":[{"href":"https:\/\/blogs2.abo.fi\/reboot\/wp-json\/wp\/v2\/pages\/58","targetHints":{"allow":["GET"]}}],"collection":[{"href":"https:\/\/blogs2.abo.fi\/reboot\/wp-json\/wp\/v2\/pages"}],"about":[{"href":"https:\/\/blogs2.abo.fi\/reboot\/wp-json\/wp\/v2\/types\/page"}],"author":[{"embeddable":true,"href":"https:\/\/blogs2.abo.fi\/reboot\/wp-json\/wp\/v2\/users\/575"}],"replies":[{"embeddable":true,"href":"https:\/\/blogs2.abo.fi\/reboot\/wp-json\/wp\/v2\/comments?post=58"}],"version-history":[{"count":58,"href":"https:\/\/blogs2.abo.fi\/reboot\/wp-json\/wp\/v2\/pages\/58\/revisions"}],"predecessor-version":[{"id":480,"href":"https:\/\/blogs2.abo.fi\/reboot\/wp-json\/wp\/v2\/pages\/58\/revisions\/480"}],"wp:attachment":[{"href":"https:\/\/blogs2.abo.fi\/reboot\/wp-json\/wp\/v2\/media?parent=58"}],"curies":[{"name":"wp","href":"https:\/\/api.w.org\/{rel}","templated":true}]}}