{"id":481,"date":"2022-11-17T10:33:21","date_gmt":"2022-11-17T08:33:21","guid":{"rendered":"https:\/\/blogs2.abo.fi\/reboot\/?page_id=481"},"modified":"2024-02-02T11:18:25","modified_gmt":"2024-02-02T09:18:25","slug":"publikationer","status":"publish","type":"page","link":"https:\/\/blogs2.abo.fi\/reboot\/publikationer\/","title":{"rendered":"Publikationer"},"content":{"rendered":"<h2>SYSTEMATISK LITTERATUR\u00d6VERSIKT<\/h2>\n<h3><strong>L\u00e4s g\u00e4rna v\u00e5r systematiska litteratur\u00f6versikt publicerad (april 2022) i<em> Frontiers in Psychology<\/em>:<\/strong><\/h3>\n<ul>\n<li><a href=\"https:\/\/www.frontiersin.org\/articles\/10.3389\/fpsyg.2022.844698\/full\">The Experience Sampling Method in Monitoring Social Interactions Among Children and Adolescents in School: A Systematic Literature Review <\/a><\/li>\n<\/ul>\n<h3><strong>I posterformat<\/strong><\/h3>\n<p>En poster av den systematiska litteratur\u00f6veriskten gjordes i samband med en doktorandkurs Martina M\u00f6ls\u00e4 gick vid Karolinska Institutet (december 2021), tillg\u00e4nglig h\u00e4r:<\/p>\n<ul>\n<li><a href=\"http:\/\/blogs2.abo.fi\/reboot\/wp-content\/uploads\/sites\/176\/2022\/11\/KI_poster_MM.pdf\">The experience sampling method: A systematic literature review of social interactions among children and adolescents in school\u00a0<\/a><\/li>\n<\/ul>\n<h3>Popul\u00e4rvetenskaplig artikel<\/h3>\n<p>En popul\u00e4rvetenskaplig version av den systematiska litteratur\u00f6veriskten gjordes i samband med en doktorandkurs Martina M\u00f6ls\u00e4 gick vid Karolinska Institutet (december 2021), tillg\u00e4nglig h\u00e4r:<\/p>\n<ul>\n<li><a href=\"http:\/\/blogs2.abo.fi\/reboot\/wp-content\/uploads\/sites\/176\/2022\/11\/KI_popular_science_MM.pdf\">&#8221;Capturing students&#8217; social interactions through smartphones&#8221;\u00a0<\/a><\/li>\n<\/ul>\n","protected":false},"excerpt":{"rendered":"<p>SYSTEMATISK LITTERATUR\u00d6VERSIKT L\u00e4s g\u00e4rna v\u00e5r systematiska litteratur\u00f6versikt publicerad (april 2022) i Frontiers in Psychology: The Experience Sampling Method in Monitoring Social Interactions Among Children and Adolescents in School: A Systematic Literature Review I posterformat En poster av den systematiska litteratur\u00f6veriskten gjordes i samband med en doktorandkurs Martina M\u00f6ls\u00e4 gick vid Karolinska Institutet (december 2021), tillg\u00e4nglig [&hellip;]<\/p>\n","protected":false},"author":575,"featured_media":0,"parent":0,"menu_order":0,"comment_status":"closed","ping_status":"closed","template":"","meta":{"footnotes":""},"class_list":["post-481","page","type-page","status-publish","hentry"],"_links":{"self":[{"href":"https:\/\/blogs2.abo.fi\/reboot\/wp-json\/wp\/v2\/pages\/481","targetHints":{"allow":["GET"]}}],"collection":[{"href":"https:\/\/blogs2.abo.fi\/reboot\/wp-json\/wp\/v2\/pages"}],"about":[{"href":"https:\/\/blogs2.abo.fi\/reboot\/wp-json\/wp\/v2\/types\/page"}],"author":[{"embeddable":true,"href":"https:\/\/blogs2.abo.fi\/reboot\/wp-json\/wp\/v2\/users\/575"}],"replies":[{"embeddable":true,"href":"https:\/\/blogs2.abo.fi\/reboot\/wp-json\/wp\/v2\/comments?post=481"}],"version-history":[{"count":16,"href":"https:\/\/blogs2.abo.fi\/reboot\/wp-json\/wp\/v2\/pages\/481\/revisions"}],"predecessor-version":[{"id":500,"href":"https:\/\/blogs2.abo.fi\/reboot\/wp-json\/wp\/v2\/pages\/481\/revisions\/500"}],"wp:attachment":[{"href":"https:\/\/blogs2.abo.fi\/reboot\/wp-json\/wp\/v2\/media?parent=481"}],"curies":[{"name":"wp","href":"https:\/\/api.w.org\/{rel}","templated":true}]}}