{"id":410,"date":"2022-04-12T11:07:09","date_gmt":"2022-04-12T08:07:09","guid":{"rendered":"https:\/\/blogs2.abo.fi\/reboot\/?page_id=410"},"modified":"2022-11-17T09:16:08","modified_gmt":"2022-11-17T07:16:08","slug":"vad-ar-esm","status":"publish","type":"page","link":"https:\/\/blogs2.abo.fi\/reboot\/vad-ar-esm\/","title":{"rendered":"Vad \u00e4r ESM?"},"content":{"rendered":"<h1><strong>Experience Sampling Method<\/strong><\/h1>\n<p><strong>Att m\u00e4ta upplevelser inneb\u00e4r (minst) tv\u00e5 utmaningar f\u00f6r forskare<\/strong>. Dels \u00e4r upplevelser subjektiva, dels kan upplevelser f\u00f6r\u00e4ndras fr\u00e5n en stund till n\u00e4sta stund. Om man fr\u00e5gar sin granne hur optimistisk hon\/han \u00e4r, blir svaret kl. 7:00 p\u00e5 morgonen n\u00e4r v\u00e4ckarklockan ringer kanske annorlunda \u00e4n om man skulle fr\u00e5ga mot slutet av dagen efter en kv\u00e4llspromenad.<\/p>\n<p>Hur kan man d\u00e5 unders\u00f6ka upplevelser, som kan vara kortvariga men \u00e4ven innefatta olika nyanser, f\u00f6r att f\u00f6rst\u00e5 hur individer t\u00e4nker eller k\u00e4nner i vardagen? Svaret p\u00e5 denna fr\u00e5ga \u00e4r en datainsamlingsmetod som kallas \u201dExperience Sampling Method\u201d (f\u00f6rkortat ESM).<\/p>\n<p><strong>Intensive longitudinal data<\/strong>\u00a0<strong>anv\u00e4nds ofta som ett paraplybegrepp \u00f6ver de datainsamlingsmetoder som anv\u00e4nder frekventa insamlingsmetoder.<\/strong> Dessa datainsamlingsmetoder innefattar \u2019experience sampling method\u2019, \u2019ecological momentary assessment\u2019, \u2019daily diary\u2019 och \u2019ambulatory assessment\u2019. ESM \u00e4r det vanligaste namnet, myntat av Mihaly Csikszentmihalyi och hans forskargrupp under 1970-talet. Metoderna anv\u00e4nds ofta synonymt, men kan s\u00e4rskiljas utifr\u00e5n specifika egenskaper. Gemensamt f\u00f6r de fyra insamlingsmetoderna \u00e4r att de m\u00e4ter vardagsupplevelser i a) individens naturliga milj\u00f6, b) i realtid (eller n\u00e4ra realtid) och c) vid upprepade tillf\u00e4llen. Det grundl\u00e4ggande tillv\u00e4gag\u00e5ngss\u00e4ttet \u00e4r att samla in data intensivt, \u00e5tminstone en g\u00e5ng per dag i flera dagars tid.<\/p>\n<p><img loading=\"lazy\" decoding=\"async\" class=\"alignnone wp-image-411 size-full\" src=\"http:\/\/blogs2.abo.fi\/reboot\/wp-content\/uploads\/sites\/176\/2022\/04\/ESM-bild_intensive-longitudinal-data.jpg\" alt=\"\" width=\"817\" height=\"571\" srcset=\"https:\/\/blogs2.abo.fi\/reboot\/wp-content\/uploads\/sites\/176\/2022\/04\/ESM-bild_intensive-longitudinal-data.jpg 817w, https:\/\/blogs2.abo.fi\/reboot\/wp-content\/uploads\/sites\/176\/2022\/04\/ESM-bild_intensive-longitudinal-data-300x210.jpg 300w, https:\/\/blogs2.abo.fi\/reboot\/wp-content\/uploads\/sites\/176\/2022\/04\/ESM-bild_intensive-longitudinal-data-768x537.jpg 768w, https:\/\/blogs2.abo.fi\/reboot\/wp-content\/uploads\/sites\/176\/2022\/04\/ESM-bild_intensive-longitudinal-data-624x436.jpg 624w\" sizes=\"auto, (max-width: 817px) 100vw, 817px\" \/><\/p>\n<p>Under de tio senaste \u00e5ren har det blivit alltmer popul\u00e4rt att anv\u00e4nda sig av mobilbaserade datainsamlingsmetoder f\u00f6r experience sampling-studier. Tidigare anv\u00e4nde man till exempel programmerbara Palm pilots eller andra elektroniska apparater som signalerade n\u00e4r det var dags f\u00f6r deltagare att fylla i dagboksenk\u00e4ter. Idag \u00e4r m\u00f6jligheterna f\u00f6r kreativa ESM-studiedesigner betydligt st\u00f6rre och det finns ett flertal appar p\u00e5 marknaden tillg\u00e4ngliga f\u00f6r de som planerar att utf\u00f6ra en ESM-studie.<\/p>\n<p><strong>F\u00f6rdelar med ESM<\/strong><\/p>\n<ul>\n<li>M\u00f6jlighet att unders\u00f6ka delar av individers liv som annars vore sv\u00e5rt eller om\u00f6jligt att ha tillg\u00e5ng till (s\u00e5som emotioner under fysiska aktiviteter eller under lektionstid).<\/li>\n<li>\u201dRecall bias\u201d minimeras eftersom data som samlas in \u00e4r sj\u00e4lva h\u00e4ndelsen som intr\u00e4ffar h\u00e4r-och-nu, och h\u00e4ndelsen utv\u00e4rderas upprepade g\u00e5nger \u00f6ver tid.<\/li>\n<li>Ekologisk h\u00f6g validitet eftersom data samlas in i individens naturliga milj\u00f6.<\/li>\n<li>Tankar och emotioner kan unders\u00f6kas i mycket specifika situationer och kontexter.<\/li>\n<li>Statistisk styrka tenderar att bli h\u00f6gre \u00e4n i j\u00e4mf\u00f6relse med andra kvantitativa metoder.<\/li>\n<\/ul>\n<p><strong>Utmaningar med ESM<\/strong><\/p>\n<ul>\n<li>Datainsamlingen kan ibland upplevas betungande av deltagarna.<\/li>\n<li>Viss risk f\u00f6r urvalsskevhet (eng.\u00a0<em>self-selection bias<\/em>) \u2014 kan finnas deltagare som inte \u00e4r villiga att delta fullt ut i denna typ av studier.<\/li>\n<li>\u201dReactivity bias\u201d \u2014 ESM kan f\u00f6r\u00e4ndra det fenomen som studeras, d\u00e5 upprepade m\u00e4tningar kan orsaka f\u00f6r\u00e4ndringar i deltagarnas upplevelser.<\/li>\n<li>Komplexiteten av ESM-dataanalyser.<\/li>\n<\/ul>\n<p><strong>I ESM studier finns i regel alltid bortfall av data, vilket det finns olika tillv\u00e4gag\u00e5ngss\u00e4tt f\u00f6r att f\u00f6rebygga och hantera.<\/strong> Vid planering av en ESM-studie, och f\u00f6r att minimera till exempel bortfall av data, \u00e4r val av studiedesign av stor vikt. Inom projekt REBOOT \u00e4r studiedesignsaspekter n\u00e5got av det vi kartl\u00e4gger i v\u00e5r forskningsf\u00e4lts\u00f6versikt.<\/p>\n<p>Under de senaste \u00e5ren har ESM \u00f6kat i popularitet, mycket tack vara dagens moderna teknologi som erbjuder m\u00f6jligheter f\u00f6r intressanta datainsamlingar om individers dagliga upplevelser. Vi tror att ESM har en god potential f\u00f6r framtida forskning om interpersonella och kollektiva fenomen, f\u00f6r att f\u00e5 en djupare och mer nyanserad f\u00f6rst\u00e5else f\u00f6r till exempel olika k\u00e4nslom\u00e4ssiga tillst\u00e5nd i specifika kontexter.<\/p>\n","protected":false},"excerpt":{"rendered":"<p>Experience Sampling Method Att m\u00e4ta upplevelser inneb\u00e4r (minst) tv\u00e5 utmaningar f\u00f6r forskare. Dels \u00e4r upplevelser subjektiva, dels kan upplevelser f\u00f6r\u00e4ndras fr\u00e5n en stund till n\u00e4sta stund. Om man fr\u00e5gar sin granne hur optimistisk hon\/han \u00e4r, blir svaret kl. 7:00 p\u00e5 morgonen n\u00e4r v\u00e4ckarklockan ringer kanske annorlunda \u00e4n om man skulle fr\u00e5ga mot slutet av dagen [&hellip;]<\/p>\n","protected":false},"author":729,"featured_media":0,"parent":0,"menu_order":0,"comment_status":"closed","ping_status":"closed","template":"","meta":{"footnotes":""},"class_list":["post-410","page","type-page","status-publish","hentry"],"_links":{"self":[{"href":"https:\/\/blogs2.abo.fi\/reboot\/wp-json\/wp\/v2\/pages\/410","targetHints":{"allow":["GET"]}}],"collection":[{"href":"https:\/\/blogs2.abo.fi\/reboot\/wp-json\/wp\/v2\/pages"}],"about":[{"href":"https:\/\/blogs2.abo.fi\/reboot\/wp-json\/wp\/v2\/types\/page"}],"author":[{"embeddable":true,"href":"https:\/\/blogs2.abo.fi\/reboot\/wp-json\/wp\/v2\/users\/729"}],"replies":[{"embeddable":true,"href":"https:\/\/blogs2.abo.fi\/reboot\/wp-json\/wp\/v2\/comments?post=410"}],"version-history":[{"count":8,"href":"https:\/\/blogs2.abo.fi\/reboot\/wp-json\/wp\/v2\/pages\/410\/revisions"}],"predecessor-version":[{"id":473,"href":"https:\/\/blogs2.abo.fi\/reboot\/wp-json\/wp\/v2\/pages\/410\/revisions\/473"}],"wp:attachment":[{"href":"https:\/\/blogs2.abo.fi\/reboot\/wp-json\/wp\/v2\/media?parent=410"}],"curies":[{"name":"wp","href":"https:\/\/api.w.org\/{rel}","templated":true}]}}