{"id":209,"date":"2020-12-15T23:28:39","date_gmt":"2020-12-15T21:28:39","guid":{"rendered":"http:\/\/blogs2.abo.fi\/reboot\/?page_id=209"},"modified":"2022-04-21T11:15:28","modified_gmt":"2022-04-21T08:15:28","slug":"projektprodukter","status":"publish","type":"page","link":"https:\/\/blogs2.abo.fi\/reboot\/projektprodukter\/","title":{"rendered":"Projektet i media"},"content":{"rendered":"<h1><\/h1>\n<p><strong>App mot mobbning testas i Korsholm \u2013 &#8221;Bra att l\u00e4rarna f\u00e5r veta om man m\u00e5r d\u00e5ligt \u2013 det skulle man inte s\u00e4ga annars&#8221;<\/strong><\/p>\n<p>Kan en app f\u00f6rebygga mobbning? Elever i Korsholms h\u00f6gstadium har i en app f\u00e5tt svara p\u00e5 fr\u00e5gor om deras m\u00e5ende i skolan f\u00f6r att f\u00f6rebygga utanf\u00f6rskap och mobbing.<\/p>\n<p><a href=\"https:\/\/www.vasabladet.fi\/Artikel\/Visa\/351929?fbclid=IwAR1sseRpiUOxlpMj4Re8LZAKvx_91WNu4tvcRHlTT46lSwidwglsTEBQ4is\">Vasabladet 23.2.2020<\/a><\/p>\n<p><strong>\u00d6kad skoltrivsel med hj\u00e4lp av forskning och personal<\/strong><\/p>\n<p>F\u00f6r utvecklingspsykologin i Vasa, liksom f\u00f6r socialvetenskapen i stort, \u00e4r realtidsdatainsamling ok\u00e4nda vatten. \u00c5tminstone vad g\u00e4ller sociala fenomen. Att vara \u00f6ppen och ha nya angreppss\u00e4tt kan vara nyckeln till att n\u00e5 resultat.<\/p>\n<p><a href=\"https:\/\/issuu.com\/lararen\/docs\/l_raren_3_2020\/5\">L\u00e4raren nr 3 2020<\/a><\/p>\n<p><strong>Nytt s\u00e4tt att uppt\u00e4cka mobbning- en mobilapp fr\u00e5gar dig hur du m\u00e5r<\/strong><\/p>\n<p>Projektledare PD Patrik S\u00f6derberg svarar p\u00e5 fr\u00e5gor och ber\u00e4ttar om REBOOT-projektet i Yle Vega \u00d6sterbotten.<\/p>\n<p><a href=\"https:\/\/areena.yle.fi\/audio\/1-50333542\">Yle Vega \u00d6sterbotten 29.10.2019<\/a><\/p>\n<p><strong>Mobilapp fr\u00e5gar dig hur du m\u00e5r \u2013 ska hj\u00e4lpa forskningen kring mobbning<\/strong><\/p>\n<p>Hur m\u00e5r du? Hurudan dag har du haft? Vem har du omkring dig just nu? Det fr\u00e5gar en mobilapp av skolelever som blivit rekryterade f\u00f6r att ing\u00e5 i REBOOT-projeket vid \u00c5bo Akademi.<\/p>\n<p class=\"node-title ydd-article__title\"><a href=\"https:\/\/svenska.yle.fi\/artikel\/2019\/10\/29\/mobilapp-fragar-dig-hur-du-mar-ska-hjalpa-forskningen-kring-mobbning\">Svenska Yle 29.10.2019<\/a><\/p>\n<p><strong>Mobilapp anv\u00e4nds i studie om mobbning och utfrysning<\/strong><\/p>\n<p>\u00c5bo Akademi i Vasa g\u00f6r unders\u00f6kningar med hj\u00e4lp av en mobilapplikation inom projektet REBOOT. M\u00e5let \u00e4r att utveckla ett eget verktyg f\u00f6r att motverka mobbning. Via applikationen svarar ton\u00e5ringar p\u00e5 schemalagda fr\u00e5gor under en viss tid.<\/p>\n<p><a href=\"https:\/\/svenska.yle.fi\/artikel\/2019\/10\/28\/mobilapp-anvands-i-studie-om-mobbning-och-utfrysning\">Svenska Yle 28.10.2019<\/a><\/p>\n<p><strong>\u00c5bo Akademi f\u00f6rst ut med mobilapp i studie om mobbning och utfrysning bland ton\u00e5ringar<\/strong><\/p>\n<p>Ton\u00e5ringars dagliga interaktioner i skolmilj\u00f6 unders\u00f6ks med hj\u00e4lp av en mobilapplikation. Unders\u00f6kningarna g\u00f6rs inom projektet REBOOT vid \u00e4mnet utvecklingspsykologi vid \u00c5bo Akademi i Vasa och l\u00e4gger s\u00e4rskilt fokus p\u00e5 mobbning och utanf\u00f6rskap.<\/p>\n<p><a href=\"https:\/\/www.abo.fi\/nyheter\/aa-forst-ut-med-mobilapp-i-studie-om-mobbning-och-utfrysning-bland-tonaringar\/\">\u00c5bo Akademi pressmeddelande 28.10.2019<\/a><\/p>\n<p><strong>Projektet REBOOT &#8211; en pilotstudie med fokus p\u00e5 sociala interaktioner i en skolkontext<\/strong><\/p>\n<p><span class=\"TextRun SCXW34849865 BCX0\" lang=\"SV-FI\" xml:lang=\"SV-FI\" data-contrast=\"auto\"><span class=\"NormalTextRun SCXW34849865 BCX0\">Studerande fr\u00e5n Vasa \u00f6vningsskolas gymnasium har under en vecka hj\u00e4lpt projektforskare inom utvecklingspsykologin vid \u00c5bo Akademi<\/span><\/span><span class=\"TextRun SCXW34849865 BCX0\" lang=\"SV-FI\" xml:lang=\"SV-FI\" data-contrast=\"auto\"><span class=\"NormalTextRun SCXW34849865 BCX0\"> med att testa en applikation som anv\u00e4nds f\u00f6r att samla in data till deras kommande projekt REBOOT.\u00a0<\/span><\/span><\/p>\n<p><a href=\"https:\/\/blogs2.abo.fi\/vos-psy\/2019\/05\/31\/projektet-reboot\/\">Psykologibloggen vid Vasa \u00f6vningsskola 31.05.2019<\/a><\/p>\n<p>&nbsp;<\/p>\n","protected":false},"excerpt":{"rendered":"<p>App mot mobbning testas i Korsholm \u2013 &#8221;Bra att l\u00e4rarna f\u00e5r veta om man m\u00e5r d\u00e5ligt \u2013 det skulle man inte s\u00e4ga annars&#8221; Kan en app f\u00f6rebygga mobbning? Elever i Korsholms h\u00f6gstadium har i en app f\u00e5tt svara p\u00e5 fr\u00e5gor om deras m\u00e5ende i skolan f\u00f6r att f\u00f6rebygga utanf\u00f6rskap och mobbing. Vasabladet 23.2.2020 \u00d6kad skoltrivsel [&hellip;]<\/p>\n","protected":false},"author":575,"featured_media":0,"parent":0,"menu_order":0,"comment_status":"closed","ping_status":"closed","template":"","meta":{"footnotes":""},"class_list":["post-209","page","type-page","status-publish","hentry"],"_links":{"self":[{"href":"https:\/\/blogs2.abo.fi\/reboot\/wp-json\/wp\/v2\/pages\/209","targetHints":{"allow":["GET"]}}],"collection":[{"href":"https:\/\/blogs2.abo.fi\/reboot\/wp-json\/wp\/v2\/pages"}],"about":[{"href":"https:\/\/blogs2.abo.fi\/reboot\/wp-json\/wp\/v2\/types\/page"}],"author":[{"embeddable":true,"href":"https:\/\/blogs2.abo.fi\/reboot\/wp-json\/wp\/v2\/users\/575"}],"replies":[{"embeddable":true,"href":"https:\/\/blogs2.abo.fi\/reboot\/wp-json\/wp\/v2\/comments?post=209"}],"version-history":[{"count":15,"href":"https:\/\/blogs2.abo.fi\/reboot\/wp-json\/wp\/v2\/pages\/209\/revisions"}],"predecessor-version":[{"id":432,"href":"https:\/\/blogs2.abo.fi\/reboot\/wp-json\/wp\/v2\/pages\/209\/revisions\/432"}],"wp:attachment":[{"href":"https:\/\/blogs2.abo.fi\/reboot\/wp-json\/wp\/v2\/media?parent=209"}],"curies":[{"name":"wp","href":"https:\/\/api.w.org\/{rel}","templated":true}]}}