{"id":95,"date":"2025-03-20T06:37:45","date_gmt":"2025-03-20T06:37:45","guid":{"rendered":"https:\/\/blogs2.abo.fi\/prospects\/?page_id=95"},"modified":"2025-05-16T05:56:56","modified_gmt":"2025-05-16T05:56:56","slug":"delta-i-var-enkat","status":"publish","type":"page","link":"https:\/\/blogs2.abo.fi\/prospects\/aktuellt-inom-projektet\/delta-i-var-enkat\/","title":{"rendered":"Delta i v\u00e5r unders\u00f6kning v\u00e5ren 2025"},"content":{"rendered":"<p>Projektet samlar in enk\u00e4tsvar om st\u00f6d f\u00f6r l\u00e4rande i spr\u00e5kbad under l\u00e4s\u00e5ret 2024-2025. Om du under detta l\u00e4s\u00e5r arbetar i spr\u00e5kbad som ledare (daghemsf\u00f6rest\u00e5ndare eller rektor) eller l\u00e4rare (inom sm\u00e5barnspedagogik\/som klass-, f\u00f6rskol-, \u00e4mnes- eller speciall\u00e4rare) \u00e4r du v\u00e4lkommen att svara p\u00e5 v\u00e5r anonyma enk\u00e4t p\u00e5 <a href=\"https:\/\/link.webropol.com\/s\/prospectsAboAkademi2025\" target=\"_blank\" rel=\"noopener\">https:\/\/link.webropol.com\/s\/prospectsAboAkademi2025<\/a> (tillg\u00e4nglig p\u00e5 svenska och finska). Det finns ocks\u00e5 m\u00f6jlighet att anm\u00e4la intresse f\u00f6r deltagande i projektets f\u00f6ljande fas, en intervjustudie om enk\u00e4tens teman sommaren-h\u00f6sten 2025.<\/p>\n","protected":false},"excerpt":{"rendered":"<p>Projektet samlar in enk\u00e4tsvar om st\u00f6d f\u00f6r l\u00e4rande i spr\u00e5kbad under l\u00e4s\u00e5ret 2024-2025. Om du under detta l\u00e4s\u00e5r arbetar i spr\u00e5kbad som ledare (daghemsf\u00f6rest\u00e5ndare eller rektor) eller l\u00e4rare (inom sm\u00e5barnspedagogik\/som klass-, f\u00f6rskol-, \u00e4mnes- eller speciall\u00e4rare) \u00e4r du v\u00e4lkommen att svara p\u00e5 v\u00e5r anonyma enk\u00e4t p\u00e5 https:\/\/link.webropol.com\/s\/prospectsAboAkademi2025 (tillg\u00e4nglig p\u00e5 svenska och finska). Det finns ocks\u00e5 m\u00f6jlighet &hellip; <a href=\"https:\/\/blogs2.abo.fi\/prospects\/aktuellt-inom-projektet\/delta-i-var-enkat\/\" class=\"more-link\">Forts\u00e4tt l\u00e4sa <span class=\"screen-reader-text\">Delta i v\u00e5r unders\u00f6kning v\u00e5ren 2025<\/span><\/a><\/p>\n","protected":false},"author":964,"featured_media":0,"parent":16,"menu_order":0,"comment_status":"closed","ping_status":"closed","template":"","meta":{"footnotes":""},"class_list":["post-95","page","type-page","status-publish","hentry"],"_links":{"self":[{"href":"https:\/\/blogs2.abo.fi\/prospects\/wp-json\/wp\/v2\/pages\/95","targetHints":{"allow":["GET"]}}],"collection":[{"href":"https:\/\/blogs2.abo.fi\/prospects\/wp-json\/wp\/v2\/pages"}],"about":[{"href":"https:\/\/blogs2.abo.fi\/prospects\/wp-json\/wp\/v2\/types\/page"}],"author":[{"embeddable":true,"href":"https:\/\/blogs2.abo.fi\/prospects\/wp-json\/wp\/v2\/users\/964"}],"replies":[{"embeddable":true,"href":"https:\/\/blogs2.abo.fi\/prospects\/wp-json\/wp\/v2\/comments?post=95"}],"version-history":[{"count":7,"href":"https:\/\/blogs2.abo.fi\/prospects\/wp-json\/wp\/v2\/pages\/95\/revisions"}],"predecessor-version":[{"id":195,"href":"https:\/\/blogs2.abo.fi\/prospects\/wp-json\/wp\/v2\/pages\/95\/revisions\/195"}],"up":[{"embeddable":true,"href":"https:\/\/blogs2.abo.fi\/prospects\/wp-json\/wp\/v2\/pages\/16"}],"wp:attachment":[{"href":"https:\/\/blogs2.abo.fi\/prospects\/wp-json\/wp\/v2\/media?parent=95"}],"curies":[{"name":"wp","href":"https:\/\/api.w.org\/{rel}","templated":true}]}}