{"id":91,"date":"2025-03-20T06:32:43","date_gmt":"2025-03-20T06:32:43","guid":{"rendered":"https:\/\/blogs2.abo.fi\/prospects\/?page_id=91"},"modified":"2025-05-08T07:08:11","modified_gmt":"2025-05-08T07:08:11","slug":"kickoff-webbinarium-18-3-2025","status":"publish","type":"page","link":"https:\/\/blogs2.abo.fi\/prospects\/aktuellt-inom-projektet\/kickoff-webbinarium-18-3-2025\/","title":{"rendered":"Kickoff-webbinarium 18.3.2025"},"content":{"rendered":"<p><img loading=\"lazy\" decoding=\"async\" class=\"alignnone wp-image-100\" src=\"http:\/\/blogs2.abo.fi\/prospects\/wp-content\/uploads\/sites\/272\/2025\/03\/Skarmbild-2025-03-18-142836-300x178.jpg\" alt=\"Bild p\u00e5 projektgruppen\" width=\"507\" height=\"301\" srcset=\"https:\/\/blogs2.abo.fi\/prospects\/wp-content\/uploads\/sites\/272\/2025\/03\/Skarmbild-2025-03-18-142836-300x178.jpg 300w, https:\/\/blogs2.abo.fi\/prospects\/wp-content\/uploads\/sites\/272\/2025\/03\/Skarmbild-2025-03-18-142836-768x456.jpg 768w, https:\/\/blogs2.abo.fi\/prospects\/wp-content\/uploads\/sites\/272\/2025\/03\/Skarmbild-2025-03-18-142836.jpg 925w\" sizes=\"auto, (max-width: 507px) 100vw, 507px\" \/><\/p>\n<p>Projektet ordnade ett kickoff-webbinarium 18.3.2025 f\u00f6r alla intresserade. I webbinariet medverkade projektmedlemmarna Siv Bj\u00f6rklund, Sanna Pakarinen, Camilla Rosvall och Sannina Sj\u00f6berg samt ca 30 intresserade som deltog via Zoom.<\/p>\n<p>Projektet och dess delomr\u00e5den presenterades, och deltagarna hade m\u00f6jlighet att st\u00e4lla fr\u00e5gor till presentat\u00f6rerna och ge kommentarer i slutet av webbinariet. All information om projektet som presenterades vid webbinariet finns ocks\u00e5 h\u00e4r p\u00e5 webbplatsens olika sidor. V\u00e4lkommen att bekanta dig med projektet!<\/p>\n","protected":false},"excerpt":{"rendered":"<p>Projektet ordnade ett kickoff-webbinarium 18.3.2025 f\u00f6r alla intresserade. I webbinariet medverkade projektmedlemmarna Siv Bj\u00f6rklund, Sanna Pakarinen, Camilla Rosvall och Sannina Sj\u00f6berg samt ca 30 intresserade som deltog via Zoom. Projektet och dess delomr\u00e5den presenterades, och deltagarna hade m\u00f6jlighet att st\u00e4lla fr\u00e5gor till presentat\u00f6rerna och ge kommentarer i slutet av webbinariet. All information om projektet som &hellip; <a href=\"https:\/\/blogs2.abo.fi\/prospects\/aktuellt-inom-projektet\/kickoff-webbinarium-18-3-2025\/\" class=\"more-link\">Forts\u00e4tt l\u00e4sa <span class=\"screen-reader-text\">Kickoff-webbinarium 18.3.2025<\/span><\/a><\/p>\n","protected":false},"author":964,"featured_media":0,"parent":16,"menu_order":0,"comment_status":"closed","ping_status":"closed","template":"","meta":{"footnotes":""},"class_list":["post-91","page","type-page","status-publish","hentry"],"_links":{"self":[{"href":"https:\/\/blogs2.abo.fi\/prospects\/wp-json\/wp\/v2\/pages\/91","targetHints":{"allow":["GET"]}}],"collection":[{"href":"https:\/\/blogs2.abo.fi\/prospects\/wp-json\/wp\/v2\/pages"}],"about":[{"href":"https:\/\/blogs2.abo.fi\/prospects\/wp-json\/wp\/v2\/types\/page"}],"author":[{"embeddable":true,"href":"https:\/\/blogs2.abo.fi\/prospects\/wp-json\/wp\/v2\/users\/964"}],"replies":[{"embeddable":true,"href":"https:\/\/blogs2.abo.fi\/prospects\/wp-json\/wp\/v2\/comments?post=91"}],"version-history":[{"count":8,"href":"https:\/\/blogs2.abo.fi\/prospects\/wp-json\/wp\/v2\/pages\/91\/revisions"}],"predecessor-version":[{"id":182,"href":"https:\/\/blogs2.abo.fi\/prospects\/wp-json\/wp\/v2\/pages\/91\/revisions\/182"}],"up":[{"embeddable":true,"href":"https:\/\/blogs2.abo.fi\/prospects\/wp-json\/wp\/v2\/pages\/16"}],"wp:attachment":[{"href":"https:\/\/blogs2.abo.fi\/prospects\/wp-json\/wp\/v2\/media?parent=91"}],"curies":[{"name":"wp","href":"https:\/\/api.w.org\/{rel}","templated":true}]}}