{"id":2,"date":"2024-08-29T10:01:18","date_gmt":"2024-08-29T10:01:18","guid":{"rendered":"https:\/\/blogs2.abo.fi\/prospects\/?page_id=2"},"modified":"2026-03-02T07:02:59","modified_gmt":"2026-03-02T07:02:59","slug":"sample-page","status":"publish","type":"page","link":"https:\/\/blogs2.abo.fi\/prospects\/","title":{"rendered":"Professionell praxis i finl\u00e4ndskt spr\u00e5kbad \u2014 Ledarskap, handledning och st\u00f6dundervisning"},"content":{"rendered":"<p>V\u00e4lkommen att bekanta dig med spr\u00e5kbadsforskningsprojektet<br \/>\nProSpectS! Genom att anv\u00e4nda navigeringsmenyn till v\u00e4nster kan du enkelt hitta mer information om projektet.<\/p>\n<p><img loading=\"lazy\" decoding=\"async\" class=\"alignnone wp-image-22\" src=\"http:\/\/blogs2.abo.fi\/prospects\/wp-content\/uploads\/sites\/272\/2024\/12\/Svenska_kulturfonden_logo_svart_transparent_RGB-282x300.png\" alt=\"\" width=\"145\" height=\"154\" srcset=\"https:\/\/blogs2.abo.fi\/prospects\/wp-content\/uploads\/sites\/272\/2024\/12\/Svenska_kulturfonden_logo_svart_transparent_RGB-282x300.png 282w, https:\/\/blogs2.abo.fi\/prospects\/wp-content\/uploads\/sites\/272\/2024\/12\/Svenska_kulturfonden_logo_svart_transparent_RGB-768x816.png 768w, https:\/\/blogs2.abo.fi\/prospects\/wp-content\/uploads\/sites\/272\/2024\/12\/Svenska_kulturfonden_logo_svart_transparent_RGB.png 800w\" sizes=\"auto, (max-width: 145px) 100vw, 145px\" \/> <img loading=\"lazy\" decoding=\"async\" class=\" wp-image-201 alignnone\" src=\"http:\/\/blogs2.abo.fi\/prospects\/wp-content\/uploads\/sites\/272\/2026\/03\/Aktiastiftelsen-i-Vasa-300x63.png\" alt=\"\" width=\"224\" height=\"47\" srcset=\"https:\/\/blogs2.abo.fi\/prospects\/wp-content\/uploads\/sites\/272\/2026\/03\/Aktiastiftelsen-i-Vasa-300x63.png 300w, https:\/\/blogs2.abo.fi\/prospects\/wp-content\/uploads\/sites\/272\/2026\/03\/Aktiastiftelsen-i-Vasa.png 567w\" sizes=\"auto, (max-width: 224px) 100vw, 224px\" \/><img loading=\"lazy\" decoding=\"async\" class=\"alignnone wp-image-118\" src=\"http:\/\/blogs2.abo.fi\/prospects\/wp-content\/uploads\/sites\/272\/2025\/04\/ProsPectS-logo_vit-text_utan-bakgrund-300x213.png\" alt=\"\" width=\"188\" height=\"133\" srcset=\"https:\/\/blogs2.abo.fi\/prospects\/wp-content\/uploads\/sites\/272\/2025\/04\/ProsPectS-logo_vit-text_utan-bakgrund-300x213.png 300w, https:\/\/blogs2.abo.fi\/prospects\/wp-content\/uploads\/sites\/272\/2025\/04\/ProsPectS-logo_vit-text_utan-bakgrund-1024x726.png 1024w, https:\/\/blogs2.abo.fi\/prospects\/wp-content\/uploads\/sites\/272\/2025\/04\/ProsPectS-logo_vit-text_utan-bakgrund-768x545.png 768w, https:\/\/blogs2.abo.fi\/prospects\/wp-content\/uploads\/sites\/272\/2025\/04\/ProsPectS-logo_vit-text_utan-bakgrund-1536x1090.png 1536w, https:\/\/blogs2.abo.fi\/prospects\/wp-content\/uploads\/sites\/272\/2025\/04\/ProsPectS-logo_vit-text_utan-bakgrund.png 1748w\" sizes=\"auto, (max-width: 188px) 100vw, 188px\" \/><\/p>\n","protected":false},"excerpt":{"rendered":"<p>V\u00e4lkommen att bekanta dig med spr\u00e5kbadsforskningsprojektet ProSpectS! Genom att anv\u00e4nda navigeringsmenyn till v\u00e4nster kan du enkelt hitta mer information om projektet.<\/p>\n","protected":false},"author":920,"featured_media":0,"parent":0,"menu_order":0,"comment_status":"closed","ping_status":"open","template":"","meta":{"footnotes":""},"class_list":["post-2","page","type-page","status-publish","hentry"],"_links":{"self":[{"href":"https:\/\/blogs2.abo.fi\/prospects\/wp-json\/wp\/v2\/pages\/2","targetHints":{"allow":["GET"]}}],"collection":[{"href":"https:\/\/blogs2.abo.fi\/prospects\/wp-json\/wp\/v2\/pages"}],"about":[{"href":"https:\/\/blogs2.abo.fi\/prospects\/wp-json\/wp\/v2\/types\/page"}],"author":[{"embeddable":true,"href":"https:\/\/blogs2.abo.fi\/prospects\/wp-json\/wp\/v2\/users\/920"}],"replies":[{"embeddable":true,"href":"https:\/\/blogs2.abo.fi\/prospects\/wp-json\/wp\/v2\/comments?post=2"}],"version-history":[{"count":11,"href":"https:\/\/blogs2.abo.fi\/prospects\/wp-json\/wp\/v2\/pages\/2\/revisions"}],"predecessor-version":[{"id":204,"href":"https:\/\/blogs2.abo.fi\/prospects\/wp-json\/wp\/v2\/pages\/2\/revisions\/204"}],"wp:attachment":[{"href":"https:\/\/blogs2.abo.fi\/prospects\/wp-json\/wp\/v2\/media?parent=2"}],"curies":[{"name":"wp","href":"https:\/\/api.w.org\/{rel}","templated":true}]}}