{"id":167,"date":"2025-04-28T09:40:12","date_gmt":"2025-04-28T09:40:12","guid":{"rendered":"https:\/\/blogs2.abo.fi\/prospects\/?page_id=167"},"modified":"2026-03-24T11:34:48","modified_gmt":"2026-03-24T11:34:48","slug":"suomeksi","status":"publish","type":"page","link":"https:\/\/blogs2.abo.fi\/prospects\/suomeksi\/","title":{"rendered":"Suomeksi"},"content":{"rendered":"<h2>ProSpectS (2024\u20132027)<\/h2>\n<p>Tutkimushanke ProSpectS tutkii johtamista, ohjausta ja oppimisen tukemista kielikylvyss\u00e4. Keskeisi\u00e4 toimijoita ovat p\u00e4iv\u00e4kodin johtajat, rehtorit, erityisopettajat, varhaiskasvatuksen opettajat, esikoulunopettajat, luokanopettajat ja aineenopettajat. My\u00f6s kielikylpyopettajaksi opiskelevat kuuluvat tutkimuksen kohderyhm\u00e4\u00e4n.<\/p>\n<p>Hankkeen rahoittaa Svenska kulturfonden ja Vaasan Aktias\u00e4\u00e4ti\u00f6.<\/p>\n<p><img loading=\"lazy\" decoding=\"async\" class=\"alignnone wp-image-22\" src=\"http:\/\/blogs2.abo.fi\/prospects\/wp-content\/uploads\/sites\/272\/2024\/12\/Svenska_kulturfonden_logo_svart_transparent_RGB-282x300.png\" alt=\"\" width=\"155\" height=\"165\" srcset=\"https:\/\/blogs2.abo.fi\/prospects\/wp-content\/uploads\/sites\/272\/2024\/12\/Svenska_kulturfonden_logo_svart_transparent_RGB-282x300.png 282w, https:\/\/blogs2.abo.fi\/prospects\/wp-content\/uploads\/sites\/272\/2024\/12\/Svenska_kulturfonden_logo_svart_transparent_RGB-768x816.png 768w, https:\/\/blogs2.abo.fi\/prospects\/wp-content\/uploads\/sites\/272\/2024\/12\/Svenska_kulturfonden_logo_svart_transparent_RGB.png 800w\" sizes=\"auto, (max-width: 155px) 100vw, 155px\" \/><img loading=\"lazy\" decoding=\"async\" class=\"alignnone wp-image-112\" src=\"http:\/\/blogs2.abo.fi\/prospects\/wp-content\/uploads\/sites\/272\/2025\/03\/cropped-ProsPectS-logo_vit-text_utan-bakgrund-300x300.png\" alt=\"\" width=\"138\" height=\"138\" srcset=\"https:\/\/blogs2.abo.fi\/prospects\/wp-content\/uploads\/sites\/272\/2025\/03\/cropped-ProsPectS-logo_vit-text_utan-bakgrund-300x300.png 300w, https:\/\/blogs2.abo.fi\/prospects\/wp-content\/uploads\/sites\/272\/2025\/03\/cropped-ProsPectS-logo_vit-text_utan-bakgrund-150x150.png 150w, https:\/\/blogs2.abo.fi\/prospects\/wp-content\/uploads\/sites\/272\/2025\/03\/cropped-ProsPectS-logo_vit-text_utan-bakgrund.png 512w, https:\/\/blogs2.abo.fi\/prospects\/wp-content\/uploads\/sites\/272\/2025\/03\/cropped-ProsPectS-logo_vit-text_utan-bakgrund-270x270.png 270w, https:\/\/blogs2.abo.fi\/prospects\/wp-content\/uploads\/sites\/272\/2025\/03\/cropped-ProsPectS-logo_vit-text_utan-bakgrund-192x192.png 192w, https:\/\/blogs2.abo.fi\/prospects\/wp-content\/uploads\/sites\/272\/2025\/03\/cropped-ProsPectS-logo_vit-text_utan-bakgrund-180x180.png 180w, https:\/\/blogs2.abo.fi\/prospects\/wp-content\/uploads\/sites\/272\/2025\/03\/cropped-ProsPectS-logo_vit-text_utan-bakgrund-32x32.png 32w\" sizes=\"auto, (max-width: 138px) 100vw, 138px\" \/> <img loading=\"lazy\" decoding=\"async\" class=\"alignnone wp-image-208\" src=\"http:\/\/blogs2.abo.fi\/prospects\/wp-content\/uploads\/sites\/272\/2026\/03\/Vaasan-Aktiasaatio-300x60.png\" alt=\"\" width=\"250\" height=\"50\" srcset=\"https:\/\/blogs2.abo.fi\/prospects\/wp-content\/uploads\/sites\/272\/2026\/03\/Vaasan-Aktiasaatio-300x60.png 300w, https:\/\/blogs2.abo.fi\/prospects\/wp-content\/uploads\/sites\/272\/2026\/03\/Vaasan-Aktiasaatio.png 574w\" sizes=\"auto, (max-width: 250px) 100vw, 250px\" \/><\/p>\n<p><a href=\"https:\/\/blogs2.abo.fi\/prospects\/projektgruppen\/\">Projektiryhm\u00e4<\/a> koostuu \u00c5bo Akademin tutkijoista.<\/p>\n<p>Projektilla on my\u00f6s <a href=\"https:\/\/blogs2.abo.fi\/prospects\/styrgruppen\/\">johtoryhm\u00e4<\/a>, johon kuuluu asiantuntijoita eri yliopistoista Kanadasta, Irlannista ja Suomesta.<\/p>\n<h3>Ajankohtaista<\/h3>\n<p>Projektiryhm\u00e4 osallistui Svenskan i Finland 22 -konferenssiin Tampereella 12.\u201313.3.2026. Projektiryhm\u00e4n j\u00e4senet pitiv\u00e4t esitelm\u00e4n, jossa tuotiin esille tuoreita tutkimustuloksia. Lue lis\u00e4\u00e4 (ruotsiksi) sivulta <a href=\"https:\/\/blogs2.abo.fi\/prospects\/aktuellt-inom-projektet\/\">Aktuellt inom projektet<\/a>.<\/p>\n<hr \/>\n<p>Projektin puitteissa j\u00e4rjestettiin 18.3.2025 <a href=\"https:\/\/blogs2.abo.fi\/prospects\/aktuellt-inom-projektet\/kickoff-webbinarium-18-3-2025\/\">kickoff-webinaari<\/a>, jossa projektiryhm\u00e4n j\u00e4senet esitteliv\u00e4t projektin. Tilaisuuteen osallistui 30 kielikylvyn ja kasvatustieteen ammattilaista.<\/p>\n","protected":false},"excerpt":{"rendered":"<p>ProSpectS (2024\u20132027) Tutkimushanke ProSpectS tutkii johtamista, ohjausta ja oppimisen tukemista kielikylvyss\u00e4. Keskeisi\u00e4 toimijoita ovat p\u00e4iv\u00e4kodin johtajat, rehtorit, erityisopettajat, varhaiskasvatuksen opettajat, esikoulunopettajat, luokanopettajat ja aineenopettajat. My\u00f6s kielikylpyopettajaksi opiskelevat kuuluvat tutkimuksen kohderyhm\u00e4\u00e4n. Hankkeen rahoittaa Svenska kulturfonden ja Vaasan Aktias\u00e4\u00e4ti\u00f6. Projektiryhm\u00e4 koostuu \u00c5bo Akademin tutkijoista. Projektilla on my\u00f6s johtoryhm\u00e4, johon kuuluu asiantuntijoita eri yliopistoista Kanadasta, Irlannista ja Suomesta. &hellip; <a href=\"https:\/\/blogs2.abo.fi\/prospects\/suomeksi\/\" class=\"more-link\">Forts\u00e4tt l\u00e4sa <span class=\"screen-reader-text\">Suomeksi<\/span><\/a><\/p>\n","protected":false},"author":964,"featured_media":0,"parent":0,"menu_order":0,"comment_status":"closed","ping_status":"closed","template":"","meta":{"footnotes":""},"class_list":["post-167","page","type-page","status-publish","hentry"],"_links":{"self":[{"href":"https:\/\/blogs2.abo.fi\/prospects\/wp-json\/wp\/v2\/pages\/167","targetHints":{"allow":["GET"]}}],"collection":[{"href":"https:\/\/blogs2.abo.fi\/prospects\/wp-json\/wp\/v2\/pages"}],"about":[{"href":"https:\/\/blogs2.abo.fi\/prospects\/wp-json\/wp\/v2\/types\/page"}],"author":[{"embeddable":true,"href":"https:\/\/blogs2.abo.fi\/prospects\/wp-json\/wp\/v2\/users\/964"}],"replies":[{"embeddable":true,"href":"https:\/\/blogs2.abo.fi\/prospects\/wp-json\/wp\/v2\/comments?post=167"}],"version-history":[{"count":21,"href":"https:\/\/blogs2.abo.fi\/prospects\/wp-json\/wp\/v2\/pages\/167\/revisions"}],"predecessor-version":[{"id":285,"href":"https:\/\/blogs2.abo.fi\/prospects\/wp-json\/wp\/v2\/pages\/167\/revisions\/285"}],"wp:attachment":[{"href":"https:\/\/blogs2.abo.fi\/prospects\/wp-json\/wp\/v2\/media?parent=167"}],"curies":[{"name":"wp","href":"https:\/\/api.w.org\/{rel}","templated":true}]}}