{"id":16,"date":"2024-12-10T14:32:39","date_gmt":"2024-12-10T14:32:39","guid":{"rendered":"https:\/\/blogs2.abo.fi\/prospects\/?page_id=16"},"modified":"2026-04-09T10:20:13","modified_gmt":"2026-04-09T10:20:13","slug":"aktuellt-inom-projektet","status":"publish","type":"page","link":"https:\/\/blogs2.abo.fi\/prospects\/aktuellt-inom-projektet\/","title":{"rendered":"Aktuellt inom projektet"},"content":{"rendered":"<h4>Projektet presenterade forskning vid konferens i Tammerfors 12\u201313.3.2026<\/h4>\n<p><img loading=\"lazy\" decoding=\"async\" class=\"alignnone size-medium wp-image-264 alignright\" src=\"http:\/\/blogs2.abo.fi\/prospects\/wp-content\/uploads\/sites\/272\/2026\/03\/Siv-Sannina-2-225x300.jpg\" alt=\"\" width=\"225\" height=\"300\" srcset=\"https:\/\/blogs2.abo.fi\/prospects\/wp-content\/uploads\/sites\/272\/2026\/03\/Siv-Sannina-2-225x300.jpg 225w, https:\/\/blogs2.abo.fi\/prospects\/wp-content\/uploads\/sites\/272\/2026\/03\/Siv-Sannina-2.jpg 480w\" sizes=\"auto, (max-width: 225px) 100vw, 225px\" \/><\/p>\n<p>Projektet ProSpectS presenterade sin forskning i form av ett sektionsf\u00f6redrag vid konferensen <em>Svenskan i Finland 22<\/em> vid Tammerfors universitet 12\u201313.3.2026. F\u00f6redragets titel var <em>Rum f\u00f6r svenska: Anv\u00e4ndningen av svenska vid spr\u00e5kbadsenheter<\/em>. I presentationen l\u00e5g fokus p\u00e5 f\u00e4rska statistiska och kvalitativa analyser av fem enk\u00e4tfr\u00e5gor som handlade om respondenternas spr\u00e5kval och deras anv\u00e4ndning av svenska i spr\u00e5kbad \u2013 utanf\u00f6r klassrumskontexten. Resultat presenterades till exempel g\u00e4llande spr\u00e5kanv\u00e4ndningen i kollegiet och spr\u00e5kanv\u00e4ndningen vid st\u00f6d f\u00f6r l\u00e4rande. En artikel som bygger p\u00e5 resultaten som presenterades \u00e4r under arbete.<\/p>\n<hr \/>\n<h4>Kickoff-webbinarium 18.3.2025<\/h4>\n<p><img loading=\"lazy\" decoding=\"async\" class=\"size-medium wp-image-100 alignleft\" src=\"http:\/\/blogs2.abo.fi\/prospects\/wp-content\/uploads\/sites\/272\/2025\/03\/Skarmbild-2025-03-18-142836-300x178.jpg\" alt=\"Bild p\u00e5 projektgruppen\" width=\"300\" height=\"178\" srcset=\"https:\/\/blogs2.abo.fi\/prospects\/wp-content\/uploads\/sites\/272\/2025\/03\/Skarmbild-2025-03-18-142836-300x178.jpg 300w, https:\/\/blogs2.abo.fi\/prospects\/wp-content\/uploads\/sites\/272\/2025\/03\/Skarmbild-2025-03-18-142836-768x456.jpg 768w, https:\/\/blogs2.abo.fi\/prospects\/wp-content\/uploads\/sites\/272\/2025\/03\/Skarmbild-2025-03-18-142836.jpg 925w\" sizes=\"auto, (max-width: 300px) 100vw, 300px\" \/><\/p>\n<p style=\"text-align: left\">Projektet ordnade ett kickoff-webbinarium 18.3.2025 f\u00f6r alla intresserade. I webbinariet medverkade projektmedlemmarna Siv Bj\u00f6rklund, Sanna Pakarinen, Camilla Rosvall och Sannina Sj\u00f6berg samt ca 30 intresserade som deltog via Zoom. Projektet och dess delomr\u00e5den presenterades, och deltagarna hade m\u00f6jlighet att st\u00e4lla fr\u00e5gor till presentat\u00f6rerna och ge kommentarer i slutet av webbinariet. All information om projektet som presenterades vid webbinariet finns ocks\u00e5 h\u00e4r p\u00e5 webbplatsens olika sidor. V\u00e4lkommen att bekanta dig med projektet!<\/p>\n","protected":false},"excerpt":{"rendered":"<p>Projektet presenterade forskning vid konferens i Tammerfors 12\u201313.3.2026 Projektet ProSpectS presenterade sin forskning i form av ett sektionsf\u00f6redrag vid konferensen Svenskan i Finland 22 vid Tammerfors universitet 12\u201313.3.2026. F\u00f6redragets titel var Rum f\u00f6r svenska: Anv\u00e4ndningen av svenska vid spr\u00e5kbadsenheter. I presentationen l\u00e5g fokus p\u00e5 f\u00e4rska statistiska och kvalitativa analyser av fem enk\u00e4tfr\u00e5gor som handlade om &hellip; <a href=\"https:\/\/blogs2.abo.fi\/prospects\/aktuellt-inom-projektet\/\" class=\"more-link\">Forts\u00e4tt l\u00e4sa <span class=\"screen-reader-text\">Aktuellt inom projektet<\/span><\/a><\/p>\n","protected":false},"author":920,"featured_media":0,"parent":0,"menu_order":0,"comment_status":"closed","ping_status":"closed","template":"","meta":{"footnotes":""},"class_list":["post-16","page","type-page","status-publish","hentry"],"_links":{"self":[{"href":"https:\/\/blogs2.abo.fi\/prospects\/wp-json\/wp\/v2\/pages\/16","targetHints":{"allow":["GET"]}}],"collection":[{"href":"https:\/\/blogs2.abo.fi\/prospects\/wp-json\/wp\/v2\/pages"}],"about":[{"href":"https:\/\/blogs2.abo.fi\/prospects\/wp-json\/wp\/v2\/types\/page"}],"author":[{"embeddable":true,"href":"https:\/\/blogs2.abo.fi\/prospects\/wp-json\/wp\/v2\/users\/920"}],"replies":[{"embeddable":true,"href":"https:\/\/blogs2.abo.fi\/prospects\/wp-json\/wp\/v2\/comments?post=16"}],"version-history":[{"count":37,"href":"https:\/\/blogs2.abo.fi\/prospects\/wp-json\/wp\/v2\/pages\/16\/revisions"}],"predecessor-version":[{"id":287,"href":"https:\/\/blogs2.abo.fi\/prospects\/wp-json\/wp\/v2\/pages\/16\/revisions\/287"}],"wp:attachment":[{"href":"https:\/\/blogs2.abo.fi\/prospects\/wp-json\/wp\/v2\/media?parent=16"}],"curies":[{"name":"wp","href":"https:\/\/api.w.org\/{rel}","templated":true}]}}